{"id":958,"date":"2016-03-23T21:26:53","date_gmt":"2016-03-23T21:26:53","guid":{"rendered":"http:\/\/spaeclipse.com.br\/?page_id=958"},"modified":"2023-09-15T19:54:11","modified_gmt":"2023-09-15T19:54:11","slug":"cursos","status":"publish","type":"page","link":"https:\/\/spaeclipse.com.br\/?page_id=958","title":{"rendered":"Cursos"},"content":{"rendered":"\t\t<div data-elementor-type=\"wp-page\" data-elementor-id=\"958\" class=\"elementor elementor-958\">\n\t\t\t\t\t\t<section class=\"elementor-section elementor-top-section elementor-element elementor-element-1db4f4ce elementor-section-boxed elementor-section-height-default elementor-section-height-default\" data-id=\"1db4f4ce\" data-element_type=\"section\">\n\t\t\t\t\t\t<div class=\"elementor-container elementor-column-gap-default\">\n\t\t\t\t\t<div class=\"elementor-column elementor-col-100 elementor-top-column elementor-element elementor-element-734407d8\" data-id=\"734407d8\" data-element_type=\"column\">\n\t\t\t<div class=\"elementor-widget-wrap elementor-element-populated\">\n\t\t\t\t\t\t<div class=\"elementor-element elementor-element-b923339 elementor-widget elementor-widget-text-editor\" data-id=\"b923339\" data-element_type=\"widget\" data-widget_type=\"text-editor.default\">\n\t\t\t\t<div class=\"elementor-widget-container\">\n\t\t\t<style>\/*! elementor - v3.23.0 - 05-08-2024 *\/\n.elementor-widget-text-editor.elementor-drop-cap-view-stacked .elementor-drop-cap{background-color:#69727d;color:#fff}.elementor-widget-text-editor.elementor-drop-cap-view-framed .elementor-drop-cap{color:#69727d;border:3px solid;background-color:transparent}.elementor-widget-text-editor:not(.elementor-drop-cap-view-default) .elementor-drop-cap{margin-top:8px}.elementor-widget-text-editor:not(.elementor-drop-cap-view-default) .elementor-drop-cap-letter{width:1em;height:1em}.elementor-widget-text-editor .elementor-drop-cap{float:left;text-align:center;line-height:1;font-size:50px}.elementor-widget-text-editor .elementor-drop-cap-letter{display:inline-block}<\/style>\t\t\t\t<div>Sabiam que a Spa Eclipse tamb\u00e9m oferece cursos para enriquecer seu curr\u00edculo e diferencia-lo no mercado de Est\u00e9tica Avan\u00e7ada?<\/div><p>Seja mais um aluno\u00a0com nosso certificado e preparado para um nicho sem crise!!<br \/>Ligue agora e garanta sua vaga!<\/p><h2 style=\"text-align: center;\"><strong>Cursos Livres &#8211; Te\u00f3ricos e Pr\u00e1ticos<\/strong><\/h2><div><p>\u00a0<\/p><div><b>Botox e Preenchimento &#8211; R$ 1000,00<\/b><\/div><div><b>Apostila e certificado incluso<\/b><\/div><div><b>Material para pr\u00e1tica cobrado da modelo a parte.<\/b><\/div><div><b>\u00a0<\/b><\/div><div><b>Criolipolise &#8211; R$ 490,00<\/b><\/div><div><b>Material Incluso:<\/b><\/div><div><b>Apostila, certificado e material pr\u00e1tico para uma modelo por aluno.<\/b><\/div><div><b>\u00a0<\/b><\/div><div><b>Escleroterapia &#8211; R$ 590,00<\/b><\/div><div><b>Material Incluso:<\/b><\/div><div><b>Apostila, certificado e material pr\u00e1tico para uma modelo por aluno.<\/b><\/div><div><b>\u00a0<\/b><\/div><div><b>Epila\u00e7\u00e3o \u00e1 laser &#8211; R$ 590,00<\/b><\/div><div><b>Material Incluso:<\/b><\/div><div><b>Apostila, certificado e material pr\u00e1tico para uma modelo por aluno.<\/b><\/div><div><b>\u00a0<\/b><\/div><div><b>Peelins Qu\u00edmicos &#8211; R$ 690,00<\/b><\/div><div><b>Material Incluso:<\/b><\/div><div><b>Apostila, certificado e material pr\u00e1tico para uma modelo por aluno para cada \u00e1cido prim\u00e1rio explicado.<\/b><\/div><div><b>\u00a0<\/b><\/div><div><b>Intradermoterapia &#8211; R$ 590,00<\/b><\/div><div><b>Material Incluso:<\/b><\/div><div><b>Apostila, certificado e material pr\u00e1tico para uma modelo por aluno de intradermo, subcut\u00e2nea e intramuscular.<\/b><\/div><div><div><b>\u00a0<\/b><\/div><div><div><b>Microagulhamento ou indu\u00e7\u00e3o percutanea do col\u00e1geno &#8211; R$ 590,00<\/b><\/div><div><b>Material Incluso:<\/b><\/div><div><b>Apostila, certificado e material pr\u00e1tico para uma modelo por aluno. \u00a0<\/b><\/div><\/div><\/div><\/div><div>\u00a0<\/div><div>\u00a0<\/div><div><div><div><div><div><b>Jato de Plasma e Eletrocaut\u00e9rio\u00a0&#8211; R$ 490,00<\/b><\/div><div><b>Material Incluso:<\/b><\/div><div><b>Apostila, certificado e material pr\u00e1tico para uma modelo por aluno. \u00a0<\/b><\/div><\/div><\/div><\/div><div>\u00a0<\/div><div>\u00a0<\/div><div style=\"padding-left: 60px;\">\u00a0<\/div><div style=\"padding-left: 60px; text-align: center;\"><span style=\"color: #ff0000;\"><strong><span style=\"font-size: large;\">Consulte datas e vagas dispon\u00edveis.<\/span><\/strong><\/span><\/div><div style=\"padding-left: 60px; text-align: center;\"><span style=\"color: #ff0000;\"><strong><span style=\"font-size: large;\">Pagamentos parcelados em 3 vezes sem juros em todos os cart\u00f5es.<\/span><\/strong><\/span><\/div><\/div>\t\t\t\t\t\t<\/div>\n\t\t\t\t<\/div>\n\t\t\t\t<div class=\"elementor-element elementor-element-d63269f elementor-widget elementor-widget-image\" data-id=\"d63269f\" data-element_type=\"widget\" data-widget_type=\"image.default\">\n\t\t\t\t<div class=\"elementor-widget-container\">\n\t\t\t<style>\/*! elementor - v3.23.0 - 05-08-2024 *\/\n.elementor-widget-image{text-align:center}.elementor-widget-image a{display:inline-block}.elementor-widget-image a img[src$=\".svg\"]{width:48px}.elementor-widget-image img{vertical-align:middle;display:inline-block}<\/style>\t\t\t\t\t\t\t\t\t\t<img fetchpriority=\"high\" decoding=\"async\" width=\"616\" height=\"600\" src=\"https:\/\/spaeclipse.com.br\/wp-content\/uploads\/2023\/07\/8fec9dfa-84d4-4370-a257-76be8220fdd6-616x600.jpg\" class=\"attachment-large size-large wp-image-1850\" alt=\"\" srcset=\"https:\/\/spaeclipse.com.br\/wp-content\/uploads\/2023\/07\/8fec9dfa-84d4-4370-a257-76be8220fdd6-616x600.jpg 616w, https:\/\/spaeclipse.com.br\/wp-content\/uploads\/2023\/07\/8fec9dfa-84d4-4370-a257-76be8220fdd6-250x244.jpg 250w, https:\/\/spaeclipse.com.br\/wp-content\/uploads\/2023\/07\/8fec9dfa-84d4-4370-a257-76be8220fdd6-768x748.jpg 768w, https:\/\/spaeclipse.com.br\/wp-content\/uploads\/2023\/07\/8fec9dfa-84d4-4370-a257-76be8220fdd6.jpg 982w\" sizes=\"(max-width: 616px) 100vw, 616px\" \/>\t\t\t\t\t\t\t\t\t\t\t\t\t<\/div>\n\t\t\t\t<\/div>\n\t\t\t\t\t<\/div>\n\t\t<\/div>\n\t\t\t\t\t<\/div>\n\t\t<\/section>\n\t\t\t\t<\/div>\n\t\t","protected":false},"excerpt":{"rendered":"<p>Sabiam que a Spa Eclipse tamb\u00e9m oferece cursos para enriquecer seu curr\u00edculo e diferencia-lo no mercado de Est\u00e9tica Avan\u00e7ada? Seja mais um aluno\u00a0com nosso certificado e preparado para um nicho sem crise!!Ligue agora e garanta sua vaga! Cursos Livres &#8211; Te\u00f3ricos e Pr\u00e1ticos \u00a0 Botox e Preenchimento &#8211; R$ 1000,00Apostila e certificado inclusoMaterial para pr\u00e1tica &hellip;<\/p>\n<p class=\"read-more\"> <a class=\"\" href=\"https:\/\/spaeclipse.com.br\/?page_id=958\"> <span class=\"screen-reader-text\">Cursos<\/span> Leia mais &raquo;<\/a><\/p>\n","protected":false},"author":1,"featured_media":0,"parent":0,"menu_order":0,"comment_status":"open","ping_status":"open","template":"","meta":{"site-sidebar-layout":"default","site-content-layout":"default","ast-site-content-layout":"","site-content-style":"default","site-sidebar-style":"default","ast-global-header-display":"","ast-banner-title-visibility":"","ast-main-header-display":"","ast-hfb-above-header-display":"","ast-hfb-below-header-display":"","ast-hfb-mobile-header-display":"","site-post-title":"","ast-breadcrumbs-content":"","ast-featured-img":"","footer-sml-layout":"","theme-transparent-header-meta":"default","adv-header-id-meta":"","stick-header-meta":"","header-above-stick-meta":"","header-main-stick-meta":"","header-below-stick-meta":"","astra-migrate-meta-layouts":"","_joinchat":[],"footnotes":""},"class_list":["post-958","page","type-page","status-publish","hentry"],"_links":{"self":[{"href":"https:\/\/spaeclipse.com.br\/index.php?rest_route=\/wp\/v2\/pages\/958","targetHints":{"allow":["GET"]}}],"collection":[{"href":"https:\/\/spaeclipse.com.br\/index.php?rest_route=\/wp\/v2\/pages"}],"about":[{"href":"https:\/\/spaeclipse.com.br\/index.php?rest_route=\/wp\/v2\/types\/page"}],"author":[{"embeddable":true,"href":"https:\/\/spaeclipse.com.br\/index.php?rest_route=\/wp\/v2\/users\/1"}],"replies":[{"embeddable":true,"href":"https:\/\/spaeclipse.com.br\/index.php?rest_route=%2Fwp%2Fv2%2Fcomments&post=958"}],"version-history":[{"count":14,"href":"https:\/\/spaeclipse.com.br\/index.php?rest_route=\/wp\/v2\/pages\/958\/revisions"}],"predecessor-version":[{"id":1870,"href":"https:\/\/spaeclipse.com.br\/index.php?rest_route=\/wp\/v2\/pages\/958\/revisions\/1870"}],"wp:attachment":[{"href":"https:\/\/spaeclipse.com.br\/index.php?rest_route=%2Fwp%2Fv2%2Fmedia&parent=958"}],"curies":[{"name":"wp","href":"https:\/\/api.w.org\/{rel}","templated":true}]}}