{"id":934,"date":"2016-03-04T22:53:29","date_gmt":"2016-03-04T22:53:29","guid":{"rendered":"http:\/\/spaeclipse.com.br\/?page_id=934"},"modified":"2016-06-04T12:13:00","modified_gmt":"2016-06-04T12:13:00","slug":"design-do-olhar","status":"publish","type":"page","link":"https:\/\/spaeclipse.com.br\/?page_id=934","title":{"rendered":"Design do Olhar"},"content":{"rendered":"<ul>\n<li><strong>Design com Visagismo<\/strong><\/li>\n<\/ul>\n<p style=\"padding-left: 60px;\">O designer da sobrancelha come\u00e7ou porque os orientais acreditavam que a sorte estavam nelas. Seguem-se os tra\u00e7os naturais do rosto, proporcionando sobrancelhas mais harmoniosas com o formato da face.<\/p>\n<ul>\n<li><strong>Microblading<\/strong><\/li>\n<\/ul>\n<p style=\"padding-left: 60px;\">Durabilidade 4 meses \u00e0 16 meses<br \/>\nT\u00e9cnica manual para esculpir e desenhar as sobrancelhas, de modo mais natural, sendo fios mais finos e balan\u00e7o mais similar ao pelo.<\/p>\n<ul>\n<li><strong>Micropigmenta\u00e7\u00e3o<\/strong><\/li>\n<\/ul>\n<ol>\n<li><strong>3D<\/strong><\/li>\n<\/ol>\n<p style=\"padding-left: 60px;\">Durabilidade 6 meses \u00e0 24 meses<br \/>\nT\u00e9cnica de preenchimento ideal para pessoas sem pelo, \u00e9 utilizando duas t\u00e9cnicas, fio-a-fio e esfumado.<\/p>\n<ol start=\"2\">\n<li><strong>Fio-a-fio ou fio-a-fio realista<\/strong><\/li>\n<\/ol>\n<p style=\"padding-left: 60px;\">Durabilidade 6 meses \u00e0 18 meses<br \/>\nPreenchimento fazendo a leitura dos seus fios. Seguindo seus pr\u00f3prios fios causando um efeito mais natural.<\/p>\n<ol start=\"3\">\n<li><strong>Degrad\u00eaDurabilidade 6 meses \u00e0 18 meses<\/strong><\/li>\n<\/ol>\n<p style=\"padding-left: 60px;\">Sobrancelhas mais marcantes, inicio mais claro e finais mais escuros.<\/p>\n<ol start=\"4\">\n<li><strong>EsfumadoDurabilidade 6 meses \u00e0 18 meses.<\/strong><\/li>\n<\/ol>\n<p style=\"padding-left: 60px;\">T\u00e9cnica para preenchimento total parecida com Henna.<\/p>\n<ol start=\"5\">\n<li><strong>Compacto<\/strong><\/li>\n<\/ol>\n<p style=\"padding-left: 60px;\">Durabilidade 6 meses \u00e0 18 meses.<br \/>\nUtilizada a t\u00e9cnica esfumada mais fechada, tornando-a mais forte e impactante.<\/p>\n<ul>\n<li><strong>Maquiagem Definitiva<\/strong><\/li>\n<\/ul>\n<p style=\"padding-left: 60px;\">Contorno dos olhos \u2013 delineador e l\u00e1pis.<\/p>\n<ul>\n<li><strong>Micropuntura<\/strong><\/li>\n<\/ul>\n<p style=\"padding-left: 60px;\">Atrav\u00e9s de est\u00edmulos com aplica\u00e7\u00e3o de \u00e1cido hialur\u00f4nico promove a regenera\u00e7\u00e3o da pele em rugas finas e estrias.<\/p>\n<ul>\n<li><strong>Micropigmenta\u00e7\u00e3o em couro cabeludo (por quadrante)<\/strong><\/li>\n<\/ul>\n<p style=\"padding-left: 60px;\">Preenchimento capilar para pacientes com alopecia ou queda de cabelo.<\/p>\n<ul>\n<li><strong>Alongamento de C\u00edlios<\/strong>\n<ul>\n<li>Fio a Fio\/ tufinho<\/li>\n<li>Californiana<\/li>\n<\/ul>\n<\/li>\n<\/ul>\n<p><img decoding=\"async\" class=\" wp-image-937 size-medium alignleft\" src=\"http:\/\/spaeclipse.com.br\/wp-content\/uploads\/2016\/03\/foto-4-e1457135229473-250x188.jpg\" alt=\"foto 4\" width=\"250\" height=\"188\" srcset=\"https:\/\/spaeclipse.com.br\/wp-content\/uploads\/2016\/03\/foto-4-e1457135229473-250x188.jpg 250w, https:\/\/spaeclipse.com.br\/wp-content\/uploads\/2016\/03\/foto-4-e1457135229473-800x600.jpg 800w, https:\/\/spaeclipse.com.br\/wp-content\/uploads\/2016\/03\/foto-4-e1457135229473-1060x795.jpg 1060w, https:\/\/spaeclipse.com.br\/wp-content\/uploads\/2016\/03\/foto-4-e1457135229473-780x585.jpg 780w, https:\/\/spaeclipse.com.br\/wp-content\/uploads\/2016\/03\/foto-4-e1457135229473-530x397.jpg 530w, https:\/\/spaeclipse.com.br\/wp-content\/uploads\/2016\/03\/foto-4-e1457135229473-420x315.jpg 420w, https:\/\/spaeclipse.com.br\/wp-content\/uploads\/2016\/03\/foto-4-e1457135229473-960x720.jpg 960w, https:\/\/spaeclipse.com.br\/wp-content\/uploads\/2016\/03\/foto-4-e1457135229473-639x480.jpg 639w, https:\/\/spaeclipse.com.br\/wp-content\/uploads\/2016\/03\/foto-4-e1457135229473-480x360.jpg 480w, https:\/\/spaeclipse.com.br\/wp-content\/uploads\/2016\/03\/foto-4-e1457135229473-715x536.jpg 715w, https:\/\/spaeclipse.com.br\/wp-content\/uploads\/2016\/03\/foto-4-e1457135229473-327x245.jpg 327w, https:\/\/spaeclipse.com.br\/wp-content\/uploads\/2016\/03\/foto-4-e1457135229473-497x373.jpg 497w, https:\/\/spaeclipse.com.br\/wp-content\/uploads\/2016\/03\/foto-4-e1457135229473.jpg 1600w\" sizes=\"(max-width: 250px) 100vw, 250px\" \/> <img decoding=\"async\" class=\" wp-image-938 size-medium alignleft\" src=\"http:\/\/spaeclipse.com.br\/wp-content\/uploads\/2016\/03\/foto-2-e1457135209853-250x188.jpg\" alt=\"foto 2\" width=\"250\" height=\"188\" srcset=\"https:\/\/spaeclipse.com.br\/wp-content\/uploads\/2016\/03\/foto-2-e1457135209853-250x188.jpg 250w, https:\/\/spaeclipse.com.br\/wp-content\/uploads\/2016\/03\/foto-2-e1457135209853-800x600.jpg 800w, https:\/\/spaeclipse.com.br\/wp-content\/uploads\/2016\/03\/foto-2-e1457135209853-1060x795.jpg 1060w, https:\/\/spaeclipse.com.br\/wp-content\/uploads\/2016\/03\/foto-2-e1457135209853-780x585.jpg 780w, https:\/\/spaeclipse.com.br\/wp-content\/uploads\/2016\/03\/foto-2-e1457135209853-530x397.jpg 530w, https:\/\/spaeclipse.com.br\/wp-content\/uploads\/2016\/03\/foto-2-e1457135209853-420x315.jpg 420w, https:\/\/spaeclipse.com.br\/wp-content\/uploads\/2016\/03\/foto-2-e1457135209853-960x720.jpg 960w, https:\/\/spaeclipse.com.br\/wp-content\/uploads\/2016\/03\/foto-2-e1457135209853-639x480.jpg 639w, https:\/\/spaeclipse.com.br\/wp-content\/uploads\/2016\/03\/foto-2-e1457135209853-480x360.jpg 480w, https:\/\/spaeclipse.com.br\/wp-content\/uploads\/2016\/03\/foto-2-e1457135209853-715x536.jpg 715w, https:\/\/spaeclipse.com.br\/wp-content\/uploads\/2016\/03\/foto-2-e1457135209853-327x245.jpg 327w, https:\/\/spaeclipse.com.br\/wp-content\/uploads\/2016\/03\/foto-2-e1457135209853-497x373.jpg 497w, https:\/\/spaeclipse.com.br\/wp-content\/uploads\/2016\/03\/foto-2-e1457135209853.jpg 1600w\" sizes=\"(max-width: 250px) 100vw, 250px\" \/> <img decoding=\"async\" class=\" size-medium wp-image-939 alignleft\" src=\"http:\/\/spaeclipse.com.br\/wp-content\/uploads\/2016\/03\/foto-1-250x188.jpg\" alt=\"foto 1\" width=\"250\" height=\"188\" srcset=\"https:\/\/spaeclipse.com.br\/wp-content\/uploads\/2016\/03\/foto-1-250x188.jpg 250w, https:\/\/spaeclipse.com.br\/wp-content\/uploads\/2016\/03\/foto-1-800x600.jpg 800w, https:\/\/spaeclipse.com.br\/wp-content\/uploads\/2016\/03\/foto-1-1060x795.jpg 1060w, https:\/\/spaeclipse.com.br\/wp-content\/uploads\/2016\/03\/foto-1-780x585.jpg 780w, https:\/\/spaeclipse.com.br\/wp-content\/uploads\/2016\/03\/foto-1-530x397.jpg 530w, https:\/\/spaeclipse.com.br\/wp-content\/uploads\/2016\/03\/foto-1-420x315.jpg 420w, https:\/\/spaeclipse.com.br\/wp-content\/uploads\/2016\/03\/foto-1-960x720.jpg 960w, https:\/\/spaeclipse.com.br\/wp-content\/uploads\/2016\/03\/foto-1-639x480.jpg 639w, https:\/\/spaeclipse.com.br\/wp-content\/uploads\/2016\/03\/foto-1-480x360.jpg 480w, https:\/\/spaeclipse.com.br\/wp-content\/uploads\/2016\/03\/foto-1-715x536.jpg 715w, https:\/\/spaeclipse.com.br\/wp-content\/uploads\/2016\/03\/foto-1-327x245.jpg 327w, https:\/\/spaeclipse.com.br\/wp-content\/uploads\/2016\/03\/foto-1-497x373.jpg 497w, https:\/\/spaeclipse.com.br\/wp-content\/uploads\/2016\/03\/foto-1.jpg 1600w\" sizes=\"(max-width: 250px) 100vw, 250px\" \/> <img loading=\"lazy\" decoding=\"async\" class=\"  wp-image-940 alignleft\" src=\"http:\/\/spaeclipse.com.br\/wp-content\/uploads\/2016\/03\/foto-3-188x250.jpg\" alt=\"foto 3\" width=\"330\" height=\"438\" srcset=\"https:\/\/spaeclipse.com.br\/wp-content\/uploads\/2016\/03\/foto-3-188x250.jpg 188w, https:\/\/spaeclipse.com.br\/wp-content\/uploads\/2016\/03\/foto-3-298x397.jpg 298w, https:\/\/spaeclipse.com.br\/wp-content\/uploads\/2016\/03\/foto-3-184x245.jpg 184w, https:\/\/spaeclipse.com.br\/wp-content\/uploads\/2016\/03\/foto-3-280x373.jpg 280w\" sizes=\"(max-width: 330px) 100vw, 330px\" \/><img loading=\"lazy\" decoding=\"async\" class=\"  wp-image-936 alignleft\" src=\"http:\/\/spaeclipse.com.br\/wp-content\/uploads\/2016\/03\/foto-5-236x250.jpg\" alt=\"foto 5\" width=\"412\" height=\"438\" srcset=\"https:\/\/spaeclipse.com.br\/wp-content\/uploads\/2016\/03\/foto-5-236x250.jpg 236w, https:\/\/spaeclipse.com.br\/wp-content\/uploads\/2016\/03\/foto-5-340x360.jpg 340w\" sizes=\"(max-width: 412px) 100vw, 412px\" \/><img loading=\"lazy\" decoding=\"async\" class=\"alignleft wp-image-980 size-large\" src=\"http:\/\/spaeclipse.com.br\/wp-content\/uploads\/2016\/03\/WhatsApp-Image-20160531-2-399x600.jpg\" alt=\"WhatsApp-Image-20160531 (2)\" width=\"399\" height=\"600\" srcset=\"https:\/\/spaeclipse.com.br\/wp-content\/uploads\/2016\/03\/WhatsApp-Image-20160531-2-399x600.jpg 399w, https:\/\/spaeclipse.com.br\/wp-content\/uploads\/2016\/03\/WhatsApp-Image-20160531-2-166x250.jpg 166w, https:\/\/spaeclipse.com.br\/wp-content\/uploads\/2016\/03\/WhatsApp-Image-20160531-2-529x795.jpg 529w, https:\/\/spaeclipse.com.br\/wp-content\/uploads\/2016\/03\/WhatsApp-Image-20160531-2-389x585.jpg 389w, https:\/\/spaeclipse.com.br\/wp-content\/uploads\/2016\/03\/WhatsApp-Image-20160531-2-264x397.jpg 264w, https:\/\/spaeclipse.com.br\/wp-content\/uploads\/2016\/03\/WhatsApp-Image-20160531-2-210x315.jpg 210w, https:\/\/spaeclipse.com.br\/wp-content\/uploads\/2016\/03\/WhatsApp-Image-20160531-2-479x720.jpg 479w, https:\/\/spaeclipse.com.br\/wp-content\/uploads\/2016\/03\/WhatsApp-Image-20160531-2-320x480.jpg 320w, https:\/\/spaeclipse.com.br\/wp-content\/uploads\/2016\/03\/WhatsApp-Image-20160531-2-240x360.jpg 240w, https:\/\/spaeclipse.com.br\/wp-content\/uploads\/2016\/03\/WhatsApp-Image-20160531-2-357x536.jpg 357w, https:\/\/spaeclipse.com.br\/wp-content\/uploads\/2016\/03\/WhatsApp-Image-20160531-2-163x245.jpg 163w, https:\/\/spaeclipse.com.br\/wp-content\/uploads\/2016\/03\/WhatsApp-Image-20160531-2-248x373.jpg 248w, https:\/\/spaeclipse.com.br\/wp-content\/uploads\/2016\/03\/WhatsApp-Image-20160531-2.jpg 852w\" sizes=\"(max-width: 399px) 100vw, 399px\" \/> <img loading=\"lazy\" decoding=\"async\" class=\"alignleft wp-image-981 size-large\" src=\"http:\/\/spaeclipse.com.br\/wp-content\/uploads\/2016\/03\/WhatsApp-Image-20160531-3-399x600.jpg\" alt=\"WhatsApp-Image-20160531 (3)\" width=\"399\" height=\"600\" \/><\/p>\n","protected":false},"excerpt":{"rendered":"<p>Design com Visagismo O designer da sobrancelha come\u00e7ou porque os orientais acreditavam que a sorte estavam nelas. Seguem-se os tra\u00e7os naturais do rosto, proporcionando sobrancelhas mais harmoniosas com o formato da face. Microblading Durabilidade 4 meses \u00e0 16 meses T\u00e9cnica manual para esculpir e desenhar as sobrancelhas, de modo mais natural, sendo fios mais finos &hellip;<\/p>\n<p class=\"read-more\"> <a class=\"\" href=\"https:\/\/spaeclipse.com.br\/?page_id=934\"> <span class=\"screen-reader-text\">Design do Olhar<\/span> Leia mais &raquo;<\/a><\/p>\n","protected":false},"author":1,"featured_media":0,"parent":0,"menu_order":0,"comment_status":"open","ping_status":"open","template":"","meta":{"site-sidebar-layout":"default","site-content-layout":"","ast-site-content-layout":"","site-content-style":"default","site-sidebar-style":"default","ast-global-header-display":"","ast-banner-title-visibility":"","ast-main-header-display":"","ast-hfb-above-header-display":"","ast-hfb-below-header-display":"","ast-hfb-mobile-header-display":"","site-post-title":"","ast-breadcrumbs-content":"","ast-featured-img":"","footer-sml-layout":"","theme-transparent-header-meta":"","adv-header-id-meta":"","stick-header-meta":"","header-above-stick-meta":"","header-main-stick-meta":"","header-below-stick-meta":"","astra-migrate-meta-layouts":"","_joinchat":[],"footnotes":""},"class_list":["post-934","page","type-page","status-publish","hentry"],"_links":{"self":[{"href":"https:\/\/spaeclipse.com.br\/index.php?rest_route=\/wp\/v2\/pages\/934","targetHints":{"allow":["GET"]}}],"collection":[{"href":"https:\/\/spaeclipse.com.br\/index.php?rest_route=\/wp\/v2\/pages"}],"about":[{"href":"https:\/\/spaeclipse.com.br\/index.php?rest_route=\/wp\/v2\/types\/page"}],"author":[{"embeddable":true,"href":"https:\/\/spaeclipse.com.br\/index.php?rest_route=\/wp\/v2\/users\/1"}],"replies":[{"embeddable":true,"href":"https:\/\/spaeclipse.com.br\/index.php?rest_route=%2Fwp%2Fv2%2Fcomments&post=934"}],"version-history":[{"count":9,"href":"https:\/\/spaeclipse.com.br\/index.php?rest_route=\/wp\/v2\/pages\/934\/revisions"}],"predecessor-version":[{"id":984,"href":"https:\/\/spaeclipse.com.br\/index.php?rest_route=\/wp\/v2\/pages\/934\/revisions\/984"}],"wp:attachment":[{"href":"https:\/\/spaeclipse.com.br\/index.php?rest_route=%2Fwp%2Fv2%2Fmedia&parent=934"}],"curies":[{"name":"wp","href":"https:\/\/api.w.org\/{rel}","templated":true}]}}