{"id":887,"date":"2016-02-03T15:00:09","date_gmt":"2016-02-03T15:00:09","guid":{"rendered":"http:\/\/spaeclipse.com.br\/?page_id=887"},"modified":"2018-04-18T15:21:13","modified_gmt":"2018-04-18T15:21:13","slug":"escleroterapia-secagem-de-vasinhos","status":"publish","type":"page","link":"https:\/\/spaeclipse.com.br\/?page_id=887","title":{"rendered":"Secagem de Vasos"},"content":{"rendered":"<p><strong>O que \u00e9 a Secagem de Vasos?<\/strong><\/p>\n<p>\u00c9 uma forma de tratamento conhecida por muitas pessoas como \u201caplica\u00e7\u00e3o\u201d. A t\u00e9cnica \u00e9 destinada \u00e0 elimina\u00e7\u00e3o de pequenos vasinhos inest\u00e9ticos. Durante o procedimento um l\u00edquido hiper concentrado e esclerosante \u00e9 aplicado atrav\u00e9s de mini agulhas dentro dos vasos. Este l\u00edquido possui a capacidade de modificar as c\u00e9lulas locais e de promover o desaparecimento das telangiectasias.<\/p>\n<p>Quando o flu\u00eddo entra na circula\u00e7\u00e3o sangu\u00ednea sofre uma dilui\u00e7\u00e3o. Com isto, grande parte do seu efeito \u00e9 perdida. \u00c9 um m\u00e9todo eficaz desde que os vasos acometidos n\u00e3o estejam ligados \u00e0s veias varicosas. Havendo <a href=\"http:\/\/www.saudemedicina.com\/varizes\/\">varizes<\/a>\u00a0na regi\u00e3o, estas devem ser tratadas com interven\u00e7\u00f5es cir\u00fargicas, devendo consultar um m\u00e9dico vascular.<\/p>\n<p>Para que os resultados sejam positivos \u00e9 preciso realizar mais de uma sess\u00e3o de escleroterapia. Ap\u00f3s o procedimento, o dia pode seguir como de costume. Entrentanto,\u00e9 preciso seguir \u00e0 risca as orienta\u00e7\u00f5es m\u00e9<a href=\"http:\/\/www.saudemedicina.com\/c\/dicas\/\">dicas<\/a>, de forma a evitar transtornos. Somente o profisisonal pode dizer quando voltar a praticar esportes ou a outros afazeres que exijam esfor\u00e7o.<\/p>\n<p><strong>Quando \u00e9 indicada?<\/strong><\/p>\n<p>Esta t\u00e9cnica \u00e9 indicada sempre que houver a presen\u00e7a de microvarizes ou de telangiectasias na regi\u00e3o. A escleroterapia n\u00e3o \u00e9 considerada um tratamento cir\u00fargico, portanto, ela \u00e9 de r\u00e1pida recupera\u00e7\u00e3o e pouco invasiva. Atrav\u00e9s da inje\u00e7\u00e3o do flu\u00eddo no local vai ocorrendo uma melhora do quadro, devido ao efeito de inflama\u00e7\u00e3o e constri\u00e7\u00e3o.<\/p>\n<p>As microvarizes surgem por causa de uma s\u00e9rie de fatores. Altera\u00e7\u00f5es hormonais e at\u00e9 mesmo h\u00e1bitos de vida podem influir neste sentido. Elas acomentem tanto homens quanto mulheres, sendo mais comum em pessoas com idade avan\u00e7ada.<\/p>\n<p>Como \u00e9 o procedimento<\/p>\n<p>Este m\u00e9todo n\u00e3o \u00e9 cir\u00fargico, portanto, \u00e9 pouco invasivo. A secagem de vasos a pode ser feita em consult\u00f3rios, atrav\u00e9s de uma t\u00e9cnica que consiste na inje\u00e7\u00e3o de flu\u00eddos nas veias. Os vasos que recebem o l\u00edquido sofrem da a\u00e7\u00e3o esclerosante. Com isto o fluxo sangu\u00edneo fica interrompido.<\/p>\n<p>As veias doentes n\u00e3o precisam existir para que haja circula\u00e7\u00e3o, pois o sangue pode escolher um melhor caminho para seguir. O flu\u00eddo promove uma inflama\u00e7\u00e3o no local e ent\u00e3o um endurecimento no vaso, levando \u00e0 obstru\u00e7\u00e3o da passagem. A escleroterapia somente ser\u00e1 eficaz caso os vasos envolvidos n\u00e3o estejam ligados a veias varicosas. Nestas situa\u00e7\u00f5es outras medidas devem ser tomadas.<\/p>\n<p>A dor sentida durante a aplica\u00e7\u00e3o \u00e9 pequena. Muitas pessoas nem mesmo sentem algo. A grande maioria dos indiv\u00edduos suporta bem o tratamento, al\u00e9m disto, uma t\u00e9cnica de diminui\u00e7\u00e3o da temperatura \u00e9 usada de forma a<\/p>\n<p><strong>Como \u00e9 o pr\u00e9-procedimento?<\/strong><\/p>\n<p>N\u00e3o s\u00e3o necess\u00e1rios muitos preparativos antes do in\u00edcio de cada sess\u00e3o. \u00c9 preciso estabelecer devidamente as datas das sess\u00f5es para que uma rotina seja mantida. O n\u00famero destas variam de acordo com a quantidade de veias e com o estado da pessoa. \u00c9, portanto, imposs\u00edvel de se precisar.<\/p>\n<p>Quem conduz a intensidade do tratamento \u00e9 a expectativa da melhora. Alguns vasos tendem a desaparecer facilmente, j\u00e1 outros podem ser mais persistentes. Uma recidiva \u00e9 poss\u00edvel de ocorrer, sendo que n\u00e3o deve ser descartada. O intervalo entre as sess\u00f5es deve ser de, no m\u00ednimo, 15 dias. Cada procedimento dura em m\u00e9dia 30 minutos e \u00e9 preciso reservar um tempo a ele.<\/p>\n<p><strong><img fetchpriority=\"high\" decoding=\"async\" class=\"alignright  wp-image-888\" src=\"http:\/\/spaeclipse.com.br\/wp-content\/uploads\/2016\/02\/vasinhos-250x171.jpg\" alt=\"vasinhos\" width=\"352\" height=\"241\" srcset=\"https:\/\/spaeclipse.com.br\/wp-content\/uploads\/2016\/02\/vasinhos-250x171.jpg 250w, https:\/\/spaeclipse.com.br\/wp-content\/uploads\/2016\/02\/vasinhos-420x287.jpg 420w, https:\/\/spaeclipse.com.br\/wp-content\/uploads\/2016\/02\/vasinhos-480x328.jpg 480w, https:\/\/spaeclipse.com.br\/wp-content\/uploads\/2016\/02\/vasinhos-358x245.jpg 358w, https:\/\/spaeclipse.com.br\/wp-content\/uploads\/2016\/02\/vasinhos.jpg 500w\" sizes=\"(max-width: 352px) 100vw, 352px\" \/>Antes e depois<\/strong><\/p>\n<p>As microvarizes podem incomodar bastante. A\u00a0secagem de vasos j\u00e1 vem sendo realizada h\u00e1 um tempo trazendo resultados positivos. De uma forma geral n\u00e3o restam muitos efeitos ap\u00f3s cada sess\u00e3o. \u00c9 comum sentir um pouco de coceira no dia seguinte.<\/p>\n<p>Pequenos hematomas podem persistir por 15 dias, mas n\u00e3o \u00e9 nada alarmante. Depois das aplica\u00e7\u00f5es pode haver alergias, ulcera\u00e7\u00f5es e hiperpigmenta\u00e7\u00f5es, por\u00e9m, s\u00e3o efeitos que dificilmente acontecem. Para evitar transtornos e para um bom resultado, procure sempre indica\u00e7\u00f5es e cl\u00ednicas de confian\u00e7a.<\/p>\n<p><strong>Como \u00e9 o p\u00f3s-procedimento ?<\/strong><\/p>\n<p>O resultado demora um pouco para aparecer, inclusive, diversas sess\u00f5es podem ser necess\u00e1rias para tanto. Normalmente se percebe uma melhora na regi\u00e3o ap\u00f3s 2 ou 3 semanas de tratamento. \u00c9 preciso paci\u00eancia e perseveran\u00e7a.<\/p>\n<p>Ela\u00a0pode ser realizada em ambiente de ambulat\u00f3rio ou em consult\u00f3rios m\u00e9dicos. Desta forma, n\u00e3o \u00e9 preciso o uso de anestesias. A recupera\u00e7\u00e3o \u00e9 r\u00e1pida e no mesmo dia a pessoa pode voltar aos h\u00e1bitos de costume. A manuten\u00e7\u00e3o de um leve repouso nas primeiras horas pode ser solicitada.<\/p>\n<p>Ap\u00f3s cada sess\u00e3o \u00e9 comum restar coceira e uma pequena ard\u00eancia. Estes efeitos tendem, no entanto, a passar bem r\u00e1pido. A exposi\u00e7\u00e3o direta ao sol precisa ser evitada at\u00e9 que os sinais sumam por completo. Fica obrigat\u00f3rio o uso de protetor solar todos os dias. Somente ap\u00f3s 2 dois \u00e9 que o paciente pode considerar voltar a realizar atividades esportivas, assim como depila\u00e7\u00e3o e massagens. \u00c9 preciso consultar o profissional antes da tomada de qualquer decis\u00e3o deste tipo.<\/p>\n<p>Quando\u00a0o procedimento\u00a0\u00e9\u00a0realizado em veias grandes \u00e9 necess\u00e1rio fazer uso de meias ou de faixas el\u00e1sticas na regi\u00e3o por um tempo. Antes de deitar para dormir o paciente \u00e9 orientado a retirar. Este procedimento tem se demonstrado bastante eficiente no combate a microvarizes. Muitas pessoas vem realizando e saindo satisfeitas dos consult\u00f3rios. Para quem possui este tipo de problema \u00e9, portanto, uma boa alternativa. Al\u00e9m de ser algo que exige pouco tempo de preparo n\u00e3o requer cuidados p\u00f3s-operat\u00f3rios, por se tratar de uma t\u00e9cnica pouco invasiva.<\/p>\n","protected":false},"excerpt":{"rendered":"<p>O que \u00e9 a Secagem de Vasos? \u00c9 uma forma de tratamento conhecida por muitas pessoas como \u201caplica\u00e7\u00e3o\u201d. A t\u00e9cnica \u00e9 destinada \u00e0 elimina\u00e7\u00e3o de pequenos vasinhos inest\u00e9ticos. Durante o procedimento um l\u00edquido hiper concentrado e esclerosante \u00e9 aplicado atrav\u00e9s de mini agulhas dentro dos vasos. Este l\u00edquido possui a capacidade de modificar as c\u00e9lulas &hellip;<\/p>\n<p class=\"read-more\"> <a class=\"\" href=\"https:\/\/spaeclipse.com.br\/?page_id=887\"> <span class=\"screen-reader-text\">Secagem de Vasos<\/span> Leia mais &raquo;<\/a><\/p>\n","protected":false},"author":1,"featured_media":0,"parent":0,"menu_order":0,"comment_status":"open","ping_status":"open","template":"","meta":{"site-sidebar-layout":"default","site-content-layout":"","ast-site-content-layout":"","site-content-style":"default","site-sidebar-style":"default","ast-global-header-display":"","ast-banner-title-visibility":"","ast-main-header-display":"","ast-hfb-above-header-display":"","ast-hfb-below-header-display":"","ast-hfb-mobile-header-display":"","site-post-title":"","ast-breadcrumbs-content":"","ast-featured-img":"","footer-sml-layout":"","theme-transparent-header-meta":"","adv-header-id-meta":"","stick-header-meta":"","header-above-stick-meta":"","header-main-stick-meta":"","header-below-stick-meta":"","astra-migrate-meta-layouts":"","_joinchat":[],"footnotes":""},"class_list":["post-887","page","type-page","status-publish","hentry"],"_links":{"self":[{"href":"https:\/\/spaeclipse.com.br\/index.php?rest_route=\/wp\/v2\/pages\/887","targetHints":{"allow":["GET"]}}],"collection":[{"href":"https:\/\/spaeclipse.com.br\/index.php?rest_route=\/wp\/v2\/pages"}],"about":[{"href":"https:\/\/spaeclipse.com.br\/index.php?rest_route=\/wp\/v2\/types\/page"}],"author":[{"embeddable":true,"href":"https:\/\/spaeclipse.com.br\/index.php?rest_route=\/wp\/v2\/users\/1"}],"replies":[{"embeddable":true,"href":"https:\/\/spaeclipse.com.br\/index.php?rest_route=%2Fwp%2Fv2%2Fcomments&post=887"}],"version-history":[{"count":5,"href":"https:\/\/spaeclipse.com.br\/index.php?rest_route=\/wp\/v2\/pages\/887\/revisions"}],"predecessor-version":[{"id":1137,"href":"https:\/\/spaeclipse.com.br\/index.php?rest_route=\/wp\/v2\/pages\/887\/revisions\/1137"}],"wp:attachment":[{"href":"https:\/\/spaeclipse.com.br\/index.php?rest_route=%2Fwp%2Fv2%2Fmedia&parent=887"}],"curies":[{"name":"wp","href":"https:\/\/api.w.org\/{rel}","templated":true}]}}