{"id":7,"date":"2018-09-04T08:37:26","date_gmt":"2018-09-04T08:37:26","guid":{"rendered":"https:\/\/spaeclipse.com.br\/?page_id=7"},"modified":"2023-06-16T19:00:10","modified_gmt":"2023-06-16T19:00:10","slug":"about","status":"publish","type":"page","link":"https:\/\/spaeclipse.com.br\/?page_id=7","title":{"rendered":"About"},"content":{"rendered":"\t\t<div data-elementor-type=\"wp-post\" data-elementor-id=\"7\" class=\"elementor elementor-7\">\n\t\t\t\t\t\t<section class=\"elementor-section elementor-top-section elementor-element elementor-element-8614e49 elementor-section-boxed elementor-section-height-default elementor-section-height-default\" data-id=\"8614e49\" data-element_type=\"section\" data-settings=\"{&quot;background_background&quot;:&quot;classic&quot;}\">\n\t\t\t\t\t\t\t<div class=\"elementor-background-overlay\"><\/div>\n\t\t\t\t\t\t\t<div class=\"elementor-container elementor-column-gap-no\">\n\t\t\t\t\t<div class=\"elementor-column elementor-col-100 elementor-top-column elementor-element elementor-element-2cd9c29\" data-id=\"2cd9c29\" data-element_type=\"column\">\n\t\t\t<div class=\"elementor-widget-wrap elementor-element-populated\">\n\t\t\t\t\t\t<div class=\"elementor-element elementor-element-c890669 elementor-widget elementor-widget-heading\" data-id=\"c890669\" data-element_type=\"widget\" data-widget_type=\"heading.default\">\n\t\t\t\t<div class=\"elementor-widget-container\">\n\t\t\t<style>\/*! elementor - v3.23.0 - 05-08-2024 *\/\n.elementor-heading-title{padding:0;margin:0;line-height:1}.elementor-widget-heading .elementor-heading-title[class*=elementor-size-]>a{color:inherit;font-size:inherit;line-height:inherit}.elementor-widget-heading .elementor-heading-title.elementor-size-small{font-size:15px}.elementor-widget-heading .elementor-heading-title.elementor-size-medium{font-size:19px}.elementor-widget-heading .elementor-heading-title.elementor-size-large{font-size:29px}.elementor-widget-heading .elementor-heading-title.elementor-size-xl{font-size:39px}.elementor-widget-heading .elementor-heading-title.elementor-size-xxl{font-size:59px}<\/style><h3 class=\"elementor-heading-title elementor-size-default\">A Cl\u00ednica<\/h3>\t\t<\/div>\n\t\t\t\t<\/div>\n\t\t\t\t\t<\/div>\n\t\t<\/div>\n\t\t\t\t\t<\/div>\n\t\t<\/section>\n\t\t\t\t<section class=\"elementor-section elementor-top-section elementor-element elementor-element-8b228f5 elementor-section-height-min-height elementor-section-items-stretch elementor-section-boxed elementor-section-height-default\" data-id=\"8b228f5\" data-element_type=\"section\" data-settings=\"{&quot;background_background&quot;:&quot;gradient&quot;}\">\n\t\t\t\t\t\t<div class=\"elementor-container elementor-column-gap-default\">\n\t\t\t\t\t<div class=\"elementor-column elementor-col-50 elementor-top-column elementor-element elementor-element-59105624\" data-id=\"59105624\" data-element_type=\"column\">\n\t\t\t<div class=\"elementor-widget-wrap elementor-element-populated\">\n\t\t\t\t\t\t<div class=\"elementor-element elementor-element-5e2b6213 elementor-widget elementor-widget-heading\" data-id=\"5e2b6213\" data-element_type=\"widget\" data-widget_type=\"heading.default\">\n\t\t\t\t<div class=\"elementor-widget-container\">\n\t\t\t<h3 class=\"elementor-heading-title elementor-size-default\">Sobre n\u00f3s<\/h3>\t\t<\/div>\n\t\t\t\t<\/div>\n\t\t\t\t<div class=\"elementor-element elementor-element-17e5b84b elementor-widget elementor-widget-text-editor\" data-id=\"17e5b84b\" data-element_type=\"widget\" data-widget_type=\"text-editor.default\">\n\t\t\t\t<div class=\"elementor-widget-container\">\n\t\t\t<style>\/*! elementor - v3.23.0 - 05-08-2024 *\/\n.elementor-widget-text-editor.elementor-drop-cap-view-stacked .elementor-drop-cap{background-color:#69727d;color:#fff}.elementor-widget-text-editor.elementor-drop-cap-view-framed .elementor-drop-cap{color:#69727d;border:3px solid;background-color:transparent}.elementor-widget-text-editor:not(.elementor-drop-cap-view-default) .elementor-drop-cap{margin-top:8px}.elementor-widget-text-editor:not(.elementor-drop-cap-view-default) .elementor-drop-cap-letter{width:1em;height:1em}.elementor-widget-text-editor .elementor-drop-cap{float:left;text-align:center;line-height:1;font-size:50px}.elementor-widget-text-editor .elementor-drop-cap-letter{display:inline-block}<\/style>\t\t\t\t<p>Desde 2011, tratando de disfun\u00e7\u00f5es inest\u00e9ticas com m\u00e9todos personalizados e n\u00e3o-cir\u00fargicos, com o menor desconforto ao paciente.<\/p><p>Al\u00e9m disso, ofertamos tratamentos integralmente realizados por profissionais comprometidos com a satisfa\u00e7\u00e3o dos pacientes e atentos \u00e0s necessidades de cada um.<\/p><p>Oferecemos servi\u00e7os qualificados para obten\u00e7\u00e3o de um melhor resultado em sa\u00fade est\u00e9tica, promovendo a qualidade de vida, o bem-estar e a satisfa\u00e7\u00e3o dos pacientes.<\/p><p>Nosso comprometimento foi inclusive reconhecido por renomes da m\u00eddia. Agora \u00e9 o momento de deixar-nos cuidar, de aceitar o cuidado com toda nossa seguran\u00e7a e equipamentos de \u00faltima gera\u00e7\u00e3o.<\/p>\t\t\t\t\t\t<\/div>\n\t\t\t\t<\/div>\n\t\t\t\t\t<\/div>\n\t\t<\/div>\n\t\t\t\t<div class=\"elementor-column elementor-col-50 elementor-top-column elementor-element elementor-element-7292e968\" data-id=\"7292e968\" data-element_type=\"column\" data-settings=\"{&quot;background_background&quot;:&quot;classic&quot;}\">\n\t\t\t<div class=\"elementor-widget-wrap elementor-element-populated\">\n\t\t\t\t\t<div class=\"elementor-background-overlay\"><\/div>\n\t\t\t\t\t\t<div class=\"elementor-element elementor-element-118a102 elementor-widget elementor-widget-gallery\" data-id=\"118a102\" data-element_type=\"widget\" data-widget_type=\"gallery.default\">\n\t\t\t\t<div class=\"elementor-widget-container\">\n\t\t\t \t\t<\/div>\n\t\t\t\t<\/div>\n\t\t\t\t<div class=\"elementor-element elementor-element-3314f6d6 elementor-widget elementor-widget-heading\" data-id=\"3314f6d6\" data-element_type=\"widget\" data-widget_type=\"heading.default\">\n\t\t\t\t<div class=\"elementor-widget-container\">\n\t\t\t<h5 class=\"elementor-heading-title elementor-size-default\">\" O Centro de Biomedicina Est\u00e9tica Spa Eclipse \u00e9 o ambiente ideal para voc\u00ea cuidar de autoestima! \"<p>\n<Br>\n\n<span style=\"font-family: &quot;Work Sans&quot;, sans-serif; font-size: 16px; font-style: normal; font-weight: 400; text-align: justify; white-space: normal;\">Marque a sua avalia\u00e7\u00e3o,<br> conhe\u00e7a nossos tratamentos e aproveite para se revitalizar!<\/span><\/h5>\t\t<\/div>\n\t\t\t\t<\/div>\n\t\t\t\t<div class=\"elementor-element elementor-element-db7f688 elementor-align-center elementor-widget elementor-widget-button\" data-id=\"db7f688\" data-element_type=\"widget\" data-widget_type=\"button.default\">\n\t\t\t\t<div class=\"elementor-widget-container\">\n\t\t\t\t\t<div class=\"elementor-button-wrapper\">\n\t\t\t<a class=\"elementor-button elementor-button-link elementor-size-sm\" href=\"https:\/\/api.whatsapp.com\/send?phone=5511943671762&#038;fbclid=IwAR2ByRBW1Tjk_9BFB89GjDadC3HSrGoLGKisHvaSF9MkRS_tvSB_nYDfMe4\">\n\t\t\t\t\t\t<span class=\"elementor-button-content-wrapper\">\n\t\t\t\t\t\t<span class=\"elementor-button-icon\">\n\t\t\t\t<i aria-hidden=\"true\" class=\"icon icon-whatsapp-1\"><\/i>\t\t\t<\/span>\n\t\t\t\t\t\t\t\t\t<span class=\"elementor-button-text\">Clique aqui para agendar<\/span>\n\t\t\t\t\t<\/span>\n\t\t\t\t\t<\/a>\n\t\t<\/div>\n\t\t\t\t<\/div>\n\t\t\t\t<\/div>\n\t\t\t\t\t<\/div>\n\t\t<\/div>\n\t\t\t\t\t<\/div>\n\t\t<\/section>\n\t\t\t\t<section class=\"elementor-section elementor-top-section elementor-element elementor-element-335262db elementor-section-height-min-height elementor-section-boxed elementor-section-height-default elementor-section-items-middle\" data-id=\"335262db\" data-element_type=\"section\" data-settings=\"{&quot;background_background&quot;:&quot;classic&quot;}\">\n\t\t\t\t\t\t<div class=\"elementor-container elementor-column-gap-default\">\n\t\t\t\t\t<div class=\"elementor-column elementor-col-50 elementor-top-column elementor-element elementor-element-16151de1\" data-id=\"16151de1\" data-element_type=\"column\">\n\t\t\t<div class=\"elementor-widget-wrap elementor-element-populated\">\n\t\t\t\t\t\t<div class=\"elementor-element elementor-element-1c388d1 elementor-widget elementor-widget-image\" data-id=\"1c388d1\" data-element_type=\"widget\" data-widget_type=\"image.default\">\n\t\t\t\t<div class=\"elementor-widget-container\">\n\t\t\t<style>\/*! elementor - v3.23.0 - 05-08-2024 *\/\n.elementor-widget-image{text-align:center}.elementor-widget-image a{display:inline-block}.elementor-widget-image a img[src$=\".svg\"]{width:48px}.elementor-widget-image img{vertical-align:middle;display:inline-block}<\/style>\t\t\t\t\t\t\t\t\t\t<img fetchpriority=\"high\" decoding=\"async\" width=\"802\" height=\"601\" src=\"https:\/\/spaeclipse.com.br\/wp-content\/uploads\/2023\/06\/Dr-leandro.jpg\" class=\"attachment-full size-full wp-image-1832\" alt=\"\" srcset=\"https:\/\/spaeclipse.com.br\/wp-content\/uploads\/2023\/06\/Dr-leandro.jpg 802w, https:\/\/spaeclipse.com.br\/wp-content\/uploads\/2023\/06\/Dr-leandro-250x187.jpg 250w, https:\/\/spaeclipse.com.br\/wp-content\/uploads\/2023\/06\/Dr-leandro-800x600.jpg 800w, https:\/\/spaeclipse.com.br\/wp-content\/uploads\/2023\/06\/Dr-leandro-768x576.jpg 768w\" sizes=\"(max-width: 802px) 100vw, 802px\" \/>\t\t\t\t\t\t\t\t\t\t\t\t\t<\/div>\n\t\t\t\t<\/div>\n\t\t\t\t\t<\/div>\n\t\t<\/div>\n\t\t\t\t<div class=\"elementor-column elementor-col-50 elementor-top-column elementor-element elementor-element-3eace9b5\" data-id=\"3eace9b5\" data-element_type=\"column\">\n\t\t\t<div class=\"elementor-widget-wrap elementor-element-populated\">\n\t\t\t\t\t\t<div class=\"elementor-element elementor-element-7ab96fca animated-slow elementor-widget__width-auto elementor-invisible elementor-widget elementor-widget-heading\" data-id=\"7ab96fca\" data-element_type=\"widget\" data-settings=\"{&quot;_animation&quot;:&quot;fadeIn&quot;}\" data-widget_type=\"heading.default\">\n\t\t\t\t<div class=\"elementor-widget-container\">\n\t\t\t<h3 class=\"elementor-heading-title elementor-size-default\">CRBM 15117<\/h3>\t\t<\/div>\n\t\t\t\t<\/div>\n\t\t\t\t<div class=\"elementor-element elementor-element-7b5af7c9 animated-slow elementor-invisible elementor-widget elementor-widget-heading\" data-id=\"7b5af7c9\" data-element_type=\"widget\" data-settings=\"{&quot;_animation&quot;:&quot;fadeIn&quot;}\" data-widget_type=\"heading.default\">\n\t\t\t\t<div class=\"elementor-widget-container\">\n\t\t\t<h2 class=\"elementor-heading-title elementor-size-default\">Dr. Leandro Moreno<\/h2>\t\t<\/div>\n\t\t\t\t<\/div>\n\t\t\t\t<div class=\"elementor-element elementor-element-3bb66216 elementor-invisible elementor-widget elementor-widget-text-editor\" data-id=\"3bb66216\" data-element_type=\"widget\" data-settings=\"{&quot;_animation&quot;:&quot;fadeIn&quot;}\" data-widget_type=\"text-editor.default\">\n\t\t\t\t<div class=\"elementor-widget-container\">\n\t\t\t\t\t\t\tFormado em biomedicina pela FMU \u2013 Faculdades Metropolitanas Unidas em 2008, reconhecido como Biom\u00e9dico Est\u00e9tica pela Associa\u00e7\u00e3o Brasileira de Biomedicina, especialista em HOF, professor de universidades particulares renomadas e propriet\u00e1rio da Cl\u00ednica Spa Eclipse h\u00e1 mais de 10 anos.\t\t\t\t\t\t<\/div>\n\t\t\t\t<\/div>\n\t\t\t\t\t<\/div>\n\t\t<\/div>\n\t\t\t\t\t<\/div>\n\t\t<\/section>\n\t\t\t\t<\/div>\n\t\t","protected":false},"excerpt":{"rendered":"<p>A Cl\u00ednica Sobre n\u00f3s Desde 2011, tratando de disfun\u00e7\u00f5es inest\u00e9ticas com m\u00e9todos personalizados e n\u00e3o-cir\u00fargicos, com o menor desconforto ao paciente. Al\u00e9m disso, ofertamos tratamentos integralmente realizados por profissionais comprometidos com a satisfa\u00e7\u00e3o dos pacientes e atentos \u00e0s necessidades de cada um. Oferecemos servi\u00e7os qualificados para obten\u00e7\u00e3o de um melhor resultado em sa\u00fade est\u00e9tica, promovendo &hellip;<\/p>\n<p class=\"read-more\"> <a class=\"\" href=\"https:\/\/spaeclipse.com.br\/?page_id=7\"> <span class=\"screen-reader-text\">About<\/span> Leia mais &raquo;<\/a><\/p>\n","protected":false},"author":1,"featured_media":0,"parent":0,"menu_order":0,"comment_status":"closed","ping_status":"closed","template":"","meta":{"site-sidebar-layout":"default","site-content-layout":"page-builder","ast-site-content-layout":"","site-content-style":"default","site-sidebar-style":"default","ast-global-header-display":"","ast-banner-title-visibility":"","ast-main-header-display":"","ast-hfb-above-header-display":"","ast-hfb-below-header-display":"","ast-hfb-mobile-header-display":"","site-post-title":"disabled","ast-breadcrumbs-content":"","ast-featured-img":"disabled","footer-sml-layout":"","theme-transparent-header-meta":"","adv-header-id-meta":"","stick-header-meta":"default","header-above-stick-meta":"","header-main-stick-meta":"","header-below-stick-meta":"","astra-migrate-meta-layouts":"","_joinchat":[],"footnotes":""},"class_list":["post-7","page","type-page","status-publish","hentry"],"_links":{"self":[{"href":"https:\/\/spaeclipse.com.br\/index.php?rest_route=\/wp\/v2\/pages\/7","targetHints":{"allow":["GET"]}}],"collection":[{"href":"https:\/\/spaeclipse.com.br\/index.php?rest_route=\/wp\/v2\/pages"}],"about":[{"href":"https:\/\/spaeclipse.com.br\/index.php?rest_route=\/wp\/v2\/types\/page"}],"author":[{"embeddable":true,"href":"https:\/\/spaeclipse.com.br\/index.php?rest_route=\/wp\/v2\/users\/1"}],"replies":[{"embeddable":true,"href":"https:\/\/spaeclipse.com.br\/index.php?rest_route=%2Fwp%2Fv2%2Fcomments&post=7"}],"version-history":[{"count":14,"href":"https:\/\/spaeclipse.com.br\/index.php?rest_route=\/wp\/v2\/pages\/7\/revisions"}],"predecessor-version":[{"id":1835,"href":"https:\/\/spaeclipse.com.br\/index.php?rest_route=\/wp\/v2\/pages\/7\/revisions\/1835"}],"wp:attachment":[{"href":"https:\/\/spaeclipse.com.br\/index.php?rest_route=%2Fwp%2Fv2%2Fmedia&parent=7"}],"curies":[{"name":"wp","href":"https:\/\/api.w.org\/{rel}","templated":true}]}}