{"id":685,"date":"2015-07-16T12:38:21","date_gmt":"2015-07-16T12:38:21","guid":{"rendered":"http:\/\/spaeclipse.com.br\/?page_id=685"},"modified":"2021-10-25T13:43:57","modified_gmt":"2021-10-25T13:43:57","slug":"equipamentos","status":"publish","type":"page","link":"https:\/\/spaeclipse.com.br\/?page_id=685","title":{"rendered":"Equipamentos"},"content":{"rendered":"\t\t<div data-elementor-type=\"wp-page\" data-elementor-id=\"685\" class=\"elementor elementor-685\">\n\t\t\t\t\t\t<section class=\"elementor-section elementor-top-section elementor-element elementor-element-4f074db9 elementor-section-boxed elementor-section-height-default elementor-section-height-default\" data-id=\"4f074db9\" data-element_type=\"section\">\n\t\t\t\t\t\t<div class=\"elementor-container elementor-column-gap-default\">\n\t\t\t\t\t<div class=\"elementor-column elementor-col-25 elementor-top-column elementor-element elementor-element-61069ab6\" data-id=\"61069ab6\" data-element_type=\"column\" data-settings=\"{&quot;background_background&quot;:&quot;classic&quot;}\">\n\t\t\t<div class=\"elementor-widget-wrap elementor-element-populated\">\n\t\t\t\t\t\t<div class=\"elementor-element elementor-element-6e8a772 elementor-position-top elementor-widget elementor-widget-image-box\" data-id=\"6e8a772\" data-element_type=\"widget\" data-widget_type=\"image-box.default\">\n\t\t\t\t<div class=\"elementor-widget-container\">\n\t\t\t<style>\/*! elementor - v3.23.0 - 05-08-2024 *\/\n.elementor-widget-image-box .elementor-image-box-content{width:100%}@media (min-width:768px){.elementor-widget-image-box.elementor-position-left .elementor-image-box-wrapper,.elementor-widget-image-box.elementor-position-right .elementor-image-box-wrapper{display:flex}.elementor-widget-image-box.elementor-position-right .elementor-image-box-wrapper{text-align:end;flex-direction:row-reverse}.elementor-widget-image-box.elementor-position-left .elementor-image-box-wrapper{text-align:start;flex-direction:row}.elementor-widget-image-box.elementor-position-top .elementor-image-box-img{margin:auto}.elementor-widget-image-box.elementor-vertical-align-top .elementor-image-box-wrapper{align-items:flex-start}.elementor-widget-image-box.elementor-vertical-align-middle .elementor-image-box-wrapper{align-items:center}.elementor-widget-image-box.elementor-vertical-align-bottom .elementor-image-box-wrapper{align-items:flex-end}}@media (max-width:767px){.elementor-widget-image-box .elementor-image-box-img{margin-left:auto!important;margin-right:auto!important;margin-bottom:15px}}.elementor-widget-image-box .elementor-image-box-img{display:inline-block}.elementor-widget-image-box .elementor-image-box-title a{color:inherit}.elementor-widget-image-box .elementor-image-box-wrapper{text-align:center}.elementor-widget-image-box .elementor-image-box-description{margin:0}<\/style><div class=\"elementor-image-box-wrapper\"><figure class=\"elementor-image-box-img\"><img fetchpriority=\"high\" decoding=\"async\" width=\"616\" height=\"600\" src=\"https:\/\/spaeclipse.com.br\/wp-content\/uploads\/2015\/07\/Z-Dermotonus-Slim-A.jpg\" class=\"attachment-full size-full wp-image-612\" alt=\"\" srcset=\"https:\/\/spaeclipse.com.br\/wp-content\/uploads\/2015\/07\/Z-Dermotonus-Slim-A.jpg 616w, https:\/\/spaeclipse.com.br\/wp-content\/uploads\/2015\/07\/Z-Dermotonus-Slim-A-250x244.jpg 250w, https:\/\/spaeclipse.com.br\/wp-content\/uploads\/2015\/07\/Z-Dermotonus-Slim-A-601x585.jpg 601w, https:\/\/spaeclipse.com.br\/wp-content\/uploads\/2015\/07\/Z-Dermotonus-Slim-A-408x397.jpg 408w, https:\/\/spaeclipse.com.br\/wp-content\/uploads\/2015\/07\/Z-Dermotonus-Slim-A-323x315.jpg 323w, https:\/\/spaeclipse.com.br\/wp-content\/uploads\/2015\/07\/Z-Dermotonus-Slim-A-493x480.jpg 493w, https:\/\/spaeclipse.com.br\/wp-content\/uploads\/2015\/07\/Z-Dermotonus-Slim-A-370x360.jpg 370w, https:\/\/spaeclipse.com.br\/wp-content\/uploads\/2015\/07\/Z-Dermotonus-Slim-A-550x536.jpg 550w, https:\/\/spaeclipse.com.br\/wp-content\/uploads\/2015\/07\/Z-Dermotonus-Slim-A-252x245.jpg 252w, https:\/\/spaeclipse.com.br\/wp-content\/uploads\/2015\/07\/Z-Dermotonus-Slim-A-383x373.jpg 383w\" sizes=\"(max-width: 616px) 100vw, 616px\" \/><\/figure><div class=\"elementor-image-box-content\"><h4 class=\"elementor-image-box-title\">Dermotonus <\/h4><p class=\"elementor-image-box-description\">Peeling de Diamante, Endermologia e o Pump (levanta Bumbum)\n<\/p><\/div><\/div>\t\t<\/div>\n\t\t\t\t<\/div>\n\t\t\t\t\t<\/div>\n\t\t<\/div>\n\t\t\t\t<div class=\"elementor-column elementor-col-25 elementor-top-column elementor-element elementor-element-abcc4c7\" data-id=\"abcc4c7\" data-element_type=\"column\" data-settings=\"{&quot;background_background&quot;:&quot;classic&quot;}\">\n\t\t\t<div class=\"elementor-widget-wrap elementor-element-populated\">\n\t\t\t\t\t\t<div class=\"elementor-element elementor-element-7106850 elementor-position-top elementor-widget elementor-widget-image-box\" data-id=\"7106850\" data-element_type=\"widget\" data-widget_type=\"image-box.default\">\n\t\t\t\t<div class=\"elementor-widget-container\">\n\t\t\t<div class=\"elementor-image-box-wrapper\"><figure class=\"elementor-image-box-img\"><img decoding=\"async\" width=\"215\" height=\"235\" src=\"https:\/\/spaeclipse.com.br\/wp-content\/uploads\/2015\/07\/Z-neurodyn.jpg\" class=\"attachment-full size-full wp-image-614\" alt=\"\" \/><\/figure><div class=\"elementor-image-box-content\"><h4 class=\"elementor-image-box-title\">Neurodyn <\/h4><p class=\"elementor-image-box-description\">Corrente Aussie, Frequencia (para fechar os poros)<\/p><\/div><\/div>\t\t<\/div>\n\t\t\t\t<\/div>\n\t\t\t\t\t<\/div>\n\t\t<\/div>\n\t\t\t\t<div class=\"elementor-column elementor-col-25 elementor-top-column elementor-element elementor-element-e1669b6\" data-id=\"e1669b6\" data-element_type=\"column\" data-settings=\"{&quot;background_background&quot;:&quot;classic&quot;}\">\n\t\t\t<div class=\"elementor-widget-wrap elementor-element-populated\">\n\t\t\t\t\t\t<div class=\"elementor-element elementor-element-9e65a36 elementor-position-top elementor-widget elementor-widget-image-box\" data-id=\"9e65a36\" data-element_type=\"widget\" data-widget_type=\"image-box.default\">\n\t\t\t\t<div class=\"elementor-widget-container\">\n\t\t\t<div class=\"elementor-image-box-wrapper\"><figure class=\"elementor-image-box-img\"><img decoding=\"async\" width=\"800\" height=\"595\" src=\"https:\/\/spaeclipse.com.br\/wp-content\/uploads\/2015\/07\/Z-Sonopeel-B.jpg\" class=\"attachment-full size-full wp-image-617\" alt=\"\" srcset=\"https:\/\/spaeclipse.com.br\/wp-content\/uploads\/2015\/07\/Z-Sonopeel-B.jpg 800w, https:\/\/spaeclipse.com.br\/wp-content\/uploads\/2015\/07\/Z-Sonopeel-B-250x186.jpg 250w, https:\/\/spaeclipse.com.br\/wp-content\/uploads\/2015\/07\/Z-Sonopeel-B-780x580.jpg 780w, https:\/\/spaeclipse.com.br\/wp-content\/uploads\/2015\/07\/Z-Sonopeel-B-530x394.jpg 530w, https:\/\/spaeclipse.com.br\/wp-content\/uploads\/2015\/07\/Z-Sonopeel-B-420x312.jpg 420w, https:\/\/spaeclipse.com.br\/wp-content\/uploads\/2015\/07\/Z-Sonopeel-B-639x475.jpg 639w, https:\/\/spaeclipse.com.br\/wp-content\/uploads\/2015\/07\/Z-Sonopeel-B-480x357.jpg 480w, https:\/\/spaeclipse.com.br\/wp-content\/uploads\/2015\/07\/Z-Sonopeel-B-721x536.jpg 721w, https:\/\/spaeclipse.com.br\/wp-content\/uploads\/2015\/07\/Z-Sonopeel-B-329x245.jpg 329w, https:\/\/spaeclipse.com.br\/wp-content\/uploads\/2015\/07\/Z-Sonopeel-B-502x373.jpg 502w\" sizes=\"(max-width: 800px) 100vw, 800px\" \/><\/figure><div class=\"elementor-image-box-content\"><h4 class=\"elementor-image-box-title\">Sonopeel <\/h4><p class=\"elementor-image-box-description\">Peeling Ultrasonico (limpeza de pele)\n<\/p><\/div><\/div>\t\t<\/div>\n\t\t\t\t<\/div>\n\t\t\t\t\t<\/div>\n\t\t<\/div>\n\t\t\t\t<div class=\"elementor-column elementor-col-25 elementor-top-column elementor-element elementor-element-4807dc4\" data-id=\"4807dc4\" data-element_type=\"column\" data-settings=\"{&quot;background_background&quot;:&quot;classic&quot;}\">\n\t\t\t<div class=\"elementor-widget-wrap elementor-element-populated\">\n\t\t\t\t\t\t<div class=\"elementor-element elementor-element-a69601e elementor-position-top elementor-widget elementor-widget-image-box\" data-id=\"a69601e\" data-element_type=\"widget\" data-widget_type=\"image-box.default\">\n\t\t\t\t<div class=\"elementor-widget-container\">\n\t\t\t<div class=\"elementor-image-box-wrapper\"><figure class=\"elementor-image-box-img\"><img loading=\"lazy\" decoding=\"async\" width=\"960\" height=\"960\" src=\"https:\/\/spaeclipse.com.br\/wp-content\/uploads\/2015\/07\/Z-powershape.jpg\" class=\"attachment-full size-full wp-image-615\" alt=\"\" srcset=\"https:\/\/spaeclipse.com.br\/wp-content\/uploads\/2015\/07\/Z-powershape.jpg 960w, https:\/\/spaeclipse.com.br\/wp-content\/uploads\/2015\/07\/Z-powershape-100x100.jpg 100w, https:\/\/spaeclipse.com.br\/wp-content\/uploads\/2015\/07\/Z-powershape-250x250.jpg 250w, https:\/\/spaeclipse.com.br\/wp-content\/uploads\/2015\/07\/Z-powershape-600x600.jpg 600w, https:\/\/spaeclipse.com.br\/wp-content\/uploads\/2015\/07\/Z-powershape-795x795.jpg 795w, https:\/\/spaeclipse.com.br\/wp-content\/uploads\/2015\/07\/Z-powershape-585x585.jpg 585w, https:\/\/spaeclipse.com.br\/wp-content\/uploads\/2015\/07\/Z-powershape-397x397.jpg 397w, https:\/\/spaeclipse.com.br\/wp-content\/uploads\/2015\/07\/Z-powershape-315x315.jpg 315w, https:\/\/spaeclipse.com.br\/wp-content\/uploads\/2015\/07\/Z-powershape-720x720.jpg 720w, https:\/\/spaeclipse.com.br\/wp-content\/uploads\/2015\/07\/Z-powershape-480x480.jpg 480w, https:\/\/spaeclipse.com.br\/wp-content\/uploads\/2015\/07\/Z-powershape-360x360.jpg 360w, https:\/\/spaeclipse.com.br\/wp-content\/uploads\/2015\/07\/Z-powershape-536x536.jpg 536w, https:\/\/spaeclipse.com.br\/wp-content\/uploads\/2015\/07\/Z-powershape-245x245.jpg 245w, https:\/\/spaeclipse.com.br\/wp-content\/uploads\/2015\/07\/Z-powershape-373x373.jpg 373w\" sizes=\"(max-width: 960px) 100vw, 960px\" \/><\/figure><div class=\"elementor-image-box-content\"><h4 class=\"elementor-image-box-title\">Powershape <\/h4><p class=\"elementor-image-box-description\">Lipocavita\u00e7\u00e3o corporal e ultrassom corporal\n<\/p><\/div><\/div>\t\t<\/div>\n\t\t\t\t<\/div>\n\t\t\t\t\t<\/div>\n\t\t<\/div>\n\t\t\t\t\t<\/div>\n\t\t<\/section>\n\t\t\t\t<section class=\"elementor-section elementor-top-section elementor-element elementor-element-c1f3945 elementor-section-boxed elementor-section-height-default elementor-section-height-default\" data-id=\"c1f3945\" data-element_type=\"section\">\n\t\t\t\t\t\t<div class=\"elementor-container elementor-column-gap-default\">\n\t\t\t\t\t<div class=\"elementor-column elementor-col-25 elementor-top-column elementor-element elementor-element-23b1cd8\" data-id=\"23b1cd8\" data-element_type=\"column\" data-settings=\"{&quot;background_background&quot;:&quot;classic&quot;}\">\n\t\t\t<div class=\"elementor-widget-wrap elementor-element-populated\">\n\t\t\t\t\t\t<div class=\"elementor-element elementor-element-fce7bbb elementor-position-top elementor-widget elementor-widget-image-box\" data-id=\"fce7bbb\" data-element_type=\"widget\" data-widget_type=\"image-box.default\">\n\t\t\t\t<div class=\"elementor-widget-container\">\n\t\t\t<div class=\"elementor-image-box-wrapper\"><figure class=\"elementor-image-box-img\"><img loading=\"lazy\" decoding=\"async\" width=\"640\" height=\"640\" src=\"https:\/\/spaeclipse.com.br\/wp-content\/uploads\/2021\/10\/WhatsApp-Image-2021-10-20-at-17.23.19-1.jpeg\" class=\"attachment-full size-full wp-image-1792\" alt=\"\" srcset=\"https:\/\/spaeclipse.com.br\/wp-content\/uploads\/2021\/10\/WhatsApp-Image-2021-10-20-at-17.23.19-1.jpeg 640w, https:\/\/spaeclipse.com.br\/wp-content\/uploads\/2021\/10\/WhatsApp-Image-2021-10-20-at-17.23.19-1-250x250.jpeg 250w, https:\/\/spaeclipse.com.br\/wp-content\/uploads\/2021\/10\/WhatsApp-Image-2021-10-20-at-17.23.19-1-600x600.jpeg 600w, https:\/\/spaeclipse.com.br\/wp-content\/uploads\/2021\/10\/WhatsApp-Image-2021-10-20-at-17.23.19-1-100x100.jpeg 100w\" sizes=\"(max-width: 640px) 100vw, 640px\" \/><\/figure><div class=\"elementor-image-box-content\"><h4 class=\"elementor-image-box-title\">Carboxiterapia<\/h4><p class=\"elementor-image-box-description\">Tratamento de celulites, estrias e flacidez<\/p><\/div><\/div>\t\t<\/div>\n\t\t\t\t<\/div>\n\t\t\t\t\t<\/div>\n\t\t<\/div>\n\t\t\t\t<div class=\"elementor-column elementor-col-25 elementor-top-column elementor-element elementor-element-dc1cda0\" data-id=\"dc1cda0\" data-element_type=\"column\" data-settings=\"{&quot;background_background&quot;:&quot;classic&quot;}\">\n\t\t\t<div class=\"elementor-widget-wrap elementor-element-populated\">\n\t\t\t\t\t\t<div class=\"elementor-element elementor-element-cc197fd elementor-position-top elementor-widget elementor-widget-image-box\" data-id=\"cc197fd\" data-element_type=\"widget\" data-widget_type=\"image-box.default\">\n\t\t\t\t<div class=\"elementor-widget-container\">\n\t\t\t<div class=\"elementor-image-box-wrapper\"><figure class=\"elementor-image-box-img\"><img decoding=\"async\" src=\"http:\/\/spaeclipse.com.br\/wp-content\/uploads\/2021\/10\/d1f8479f-c00c-4f6c-8db0-2daecfaf5d3c.jpg\" title=\"\" alt=\"\" loading=\"lazy\" \/><\/figure><div class=\"elementor-image-box-content\"><h4 class=\"elementor-image-box-title\">Derma Roller <\/h4><p class=\"elementor-image-box-description\">Atinge a derme e promove a forma\u00e7\u00e3o de fibras de col\u00e1geno, d\u00e1 firmeza e sustenta\u00e7\u00e3o \u00e0 pele.\n<\/p><\/div><\/div>\t\t<\/div>\n\t\t\t\t<\/div>\n\t\t\t\t\t<\/div>\n\t\t<\/div>\n\t\t\t\t<div class=\"elementor-column elementor-col-25 elementor-top-column elementor-element elementor-element-0ac1b43\" data-id=\"0ac1b43\" data-element_type=\"column\" data-settings=\"{&quot;background_background&quot;:&quot;classic&quot;}\">\n\t\t\t<div class=\"elementor-widget-wrap elementor-element-populated\">\n\t\t\t\t\t\t<div class=\"elementor-element elementor-element-6e40695 elementor-position-top elementor-widget elementor-widget-image-box\" data-id=\"6e40695\" data-element_type=\"widget\" data-widget_type=\"image-box.default\">\n\t\t\t\t<div class=\"elementor-widget-container\">\n\t\t\t<div class=\"elementor-image-box-wrapper\"><figure class=\"elementor-image-box-img\"><img loading=\"lazy\" decoding=\"async\" width=\"1000\" height=\"1000\" src=\"https:\/\/spaeclipse.com.br\/wp-content\/uploads\/2021\/10\/WhatsApp-Image-2021-10-20-at-17.23.20.jpeg\" class=\"attachment-full size-full wp-image-1796\" alt=\"\" srcset=\"https:\/\/spaeclipse.com.br\/wp-content\/uploads\/2021\/10\/WhatsApp-Image-2021-10-20-at-17.23.20.jpeg 1000w, https:\/\/spaeclipse.com.br\/wp-content\/uploads\/2021\/10\/WhatsApp-Image-2021-10-20-at-17.23.20-250x250.jpeg 250w, https:\/\/spaeclipse.com.br\/wp-content\/uploads\/2021\/10\/WhatsApp-Image-2021-10-20-at-17.23.20-600x600.jpeg 600w, https:\/\/spaeclipse.com.br\/wp-content\/uploads\/2021\/10\/WhatsApp-Image-2021-10-20-at-17.23.20-100x100.jpeg 100w, https:\/\/spaeclipse.com.br\/wp-content\/uploads\/2021\/10\/WhatsApp-Image-2021-10-20-at-17.23.20-768x768.jpeg 768w\" sizes=\"(max-width: 1000px) 100vw, 1000px\" \/><\/figure><div class=\"elementor-image-box-content\"><h4 class=\"elementor-image-box-title\">Radiofrequencia<\/h4><p class=\"elementor-image-box-description\">Flacidez, celulite e fibrose<\/p><\/div><\/div>\t\t<\/div>\n\t\t\t\t<\/div>\n\t\t\t\t\t<\/div>\n\t\t<\/div>\n\t\t\t\t<div class=\"elementor-column elementor-col-25 elementor-top-column elementor-element elementor-element-91f335e\" data-id=\"91f335e\" data-element_type=\"column\" data-settings=\"{&quot;background_background&quot;:&quot;classic&quot;}\">\n\t\t\t<div class=\"elementor-widget-wrap elementor-element-populated\">\n\t\t\t\t\t\t<div class=\"elementor-element elementor-element-467bcf7 elementor-position-top elementor-widget elementor-widget-image-box\" data-id=\"467bcf7\" data-element_type=\"widget\" data-widget_type=\"image-box.default\">\n\t\t\t\t<div class=\"elementor-widget-container\">\n\t\t\t<div class=\"elementor-image-box-wrapper\"><figure class=\"elementor-image-box-img\"><img loading=\"lazy\" decoding=\"async\" width=\"714\" height=\"1280\" src=\"https:\/\/spaeclipse.com.br\/wp-content\/uploads\/2021\/10\/b12a802e-3e51-4d96-9436-071b7de61a13.jpg\" class=\"attachment-full size-full wp-image-1806\" alt=\"\" srcset=\"https:\/\/spaeclipse.com.br\/wp-content\/uploads\/2021\/10\/b12a802e-3e51-4d96-9436-071b7de61a13.jpg 714w, https:\/\/spaeclipse.com.br\/wp-content\/uploads\/2021\/10\/b12a802e-3e51-4d96-9436-071b7de61a13-139x250.jpg 139w, https:\/\/spaeclipse.com.br\/wp-content\/uploads\/2021\/10\/b12a802e-3e51-4d96-9436-071b7de61a13-335x600.jpg 335w\" sizes=\"(max-width: 714px) 100vw, 714px\" \/><\/figure><div class=\"elementor-image-box-content\"><h4 class=\"elementor-image-box-title\">Criolip\u00f3lise<\/h4><p class=\"elementor-image-box-description\">Tratamento de gordura localizada.<\/p><\/div><\/div>\t\t<\/div>\n\t\t\t\t<\/div>\n\t\t\t\t\t<\/div>\n\t\t<\/div>\n\t\t\t\t\t<\/div>\n\t\t<\/section>\n\t\t\t\t<section class=\"elementor-section elementor-top-section elementor-element elementor-element-b33c751 elementor-section-boxed elementor-section-height-default elementor-section-height-default\" data-id=\"b33c751\" data-element_type=\"section\">\n\t\t\t\t\t\t<div class=\"elementor-container elementor-column-gap-default\">\n\t\t\t\t\t<div class=\"elementor-column elementor-col-25 elementor-top-column elementor-element elementor-element-763a27a\" data-id=\"763a27a\" data-element_type=\"column\" data-settings=\"{&quot;background_background&quot;:&quot;classic&quot;}\">\n\t\t\t<div class=\"elementor-widget-wrap elementor-element-populated\">\n\t\t\t\t\t\t<div class=\"elementor-element elementor-element-7d06f77 elementor-position-top elementor-widget elementor-widget-image-box\" data-id=\"7d06f77\" data-element_type=\"widget\" data-widget_type=\"image-box.default\">\n\t\t\t\t<div class=\"elementor-widget-container\">\n\t\t\t<div class=\"elementor-image-box-wrapper\"><figure class=\"elementor-image-box-img\"><img loading=\"lazy\" decoding=\"async\" width=\"249\" height=\"202\" src=\"https:\/\/spaeclipse.com.br\/wp-content\/uploads\/2021\/10\/009cd134-f26b-467d-b561-ee749a2cbaf1.jpg\" class=\"attachment-full size-full wp-image-1805\" alt=\"\" \/><\/figure><div class=\"elementor-image-box-content\"><h4 class=\"elementor-image-box-title\">Laser <\/h4><p class=\"elementor-image-box-description\">Depila\u00e7\u00e3o dos pelos<\/p><\/div><\/div>\t\t<\/div>\n\t\t\t\t<\/div>\n\t\t\t\t\t<\/div>\n\t\t<\/div>\n\t\t\t\t<div class=\"elementor-column elementor-col-25 elementor-top-column elementor-element elementor-element-3c74960\" data-id=\"3c74960\" data-element_type=\"column\" data-settings=\"{&quot;background_background&quot;:&quot;classic&quot;}\">\n\t\t\t<div class=\"elementor-widget-wrap elementor-element-populated\">\n\t\t\t\t\t\t<div class=\"elementor-element elementor-element-4411f29 elementor-position-top elementor-widget elementor-widget-image-box\" data-id=\"4411f29\" data-element_type=\"widget\" data-widget_type=\"image-box.default\">\n\t\t\t\t<div class=\"elementor-widget-container\">\n\t\t\t<div class=\"elementor-image-box-wrapper\"><figure class=\"elementor-image-box-img\"><img loading=\"lazy\" decoding=\"async\" width=\"800\" height=\"800\" src=\"https:\/\/spaeclipse.com.br\/wp-content\/uploads\/2021\/10\/WhatsApp-Image-2021-10-20-at-17.23.20-1.jpeg\" class=\"attachment-full size-full wp-image-1794\" alt=\"\" srcset=\"https:\/\/spaeclipse.com.br\/wp-content\/uploads\/2021\/10\/WhatsApp-Image-2021-10-20-at-17.23.20-1.jpeg 800w, https:\/\/spaeclipse.com.br\/wp-content\/uploads\/2021\/10\/WhatsApp-Image-2021-10-20-at-17.23.20-1-250x250.jpeg 250w, https:\/\/spaeclipse.com.br\/wp-content\/uploads\/2021\/10\/WhatsApp-Image-2021-10-20-at-17.23.20-1-600x600.jpeg 600w, https:\/\/spaeclipse.com.br\/wp-content\/uploads\/2021\/10\/WhatsApp-Image-2021-10-20-at-17.23.20-1-100x100.jpeg 100w, https:\/\/spaeclipse.com.br\/wp-content\/uploads\/2021\/10\/WhatsApp-Image-2021-10-20-at-17.23.20-1-768x768.jpeg 768w\" sizes=\"(max-width: 800px) 100vw, 800px\" \/><\/figure><div class=\"elementor-image-box-content\"><h4 class=\"elementor-image-box-title\">Criofrequencia<\/h4><p class=\"elementor-image-box-description\">Rejuvenescimento, gordura localizada, flacidez, lifting, celulite.<\/p><\/div><\/div>\t\t<\/div>\n\t\t\t\t<\/div>\n\t\t\t\t\t<\/div>\n\t\t<\/div>\n\t\t\t\t<div class=\"elementor-column elementor-col-25 elementor-top-column elementor-element elementor-element-3834e6a\" data-id=\"3834e6a\" data-element_type=\"column\">\n\t\t\t<div class=\"elementor-widget-wrap\">\n\t\t\t\t\t\t\t<\/div>\n\t\t<\/div>\n\t\t\t\t<div class=\"elementor-column elementor-col-25 elementor-top-column elementor-element elementor-element-597bc36\" data-id=\"597bc36\" data-element_type=\"column\">\n\t\t\t<div class=\"elementor-widget-wrap\">\n\t\t\t\t\t\t\t<\/div>\n\t\t<\/div>\n\t\t\t\t\t<\/div>\n\t\t<\/section>\n\t\t\t\t<\/div>\n\t\t","protected":false},"excerpt":{"rendered":"<p>[dt_sc_hr_invisible] [dt_sc_hr_invisible]<\/p>\n","protected":false},"author":1,"featured_media":0,"parent":0,"menu_order":0,"comment_status":"open","ping_status":"open","template":"","meta":{"site-sidebar-layout":"default","site-content-layout":"","ast-site-content-layout":"","site-content-style":"default","site-sidebar-style":"default","ast-global-header-display":"","ast-banner-title-visibility":"","ast-main-header-display":"","ast-hfb-above-header-display":"","ast-hfb-below-header-display":"","ast-hfb-mobile-header-display":"","site-post-title":"","ast-breadcrumbs-content":"","ast-featured-img":"","footer-sml-layout":"","theme-transparent-header-meta":"","adv-header-id-meta":"","stick-header-meta":"","header-above-stick-meta":"","header-main-stick-meta":"","header-below-stick-meta":"","astra-migrate-meta-layouts":"","_joinchat":[],"footnotes":""},"class_list":["post-685","page","type-page","status-publish","hentry"],"_links":{"self":[{"href":"https:\/\/spaeclipse.com.br\/index.php?rest_route=\/wp\/v2\/pages\/685","targetHints":{"allow":["GET"]}}],"collection":[{"href":"https:\/\/spaeclipse.com.br\/index.php?rest_route=\/wp\/v2\/pages"}],"about":[{"href":"https:\/\/spaeclipse.com.br\/index.php?rest_route=\/wp\/v2\/types\/page"}],"author":[{"embeddable":true,"href":"https:\/\/spaeclipse.com.br\/index.php?rest_route=\/wp\/v2\/users\/1"}],"replies":[{"embeddable":true,"href":"https:\/\/spaeclipse.com.br\/index.php?rest_route=%2Fwp%2Fv2%2Fcomments&post=685"}],"version-history":[{"count":19,"href":"https:\/\/spaeclipse.com.br\/index.php?rest_route=\/wp\/v2\/pages\/685\/revisions"}],"predecessor-version":[{"id":1808,"href":"https:\/\/spaeclipse.com.br\/index.php?rest_route=\/wp\/v2\/pages\/685\/revisions\/1808"}],"wp:attachment":[{"href":"https:\/\/spaeclipse.com.br\/index.php?rest_route=%2Fwp%2Fv2%2Fmedia&parent=685"}],"curies":[{"name":"wp","href":"https:\/\/api.w.org\/{rel}","templated":true}]}}