{"id":392,"date":"2015-06-01T16:40:10","date_gmt":"2015-06-01T16:40:10","guid":{"rendered":"http:\/\/spaeclipse.com.br\/?page_id=392"},"modified":"2015-07-16T12:04:19","modified_gmt":"2015-07-16T12:04:19","slug":"ultrassom-estetico","status":"publish","type":"page","link":"https:\/\/spaeclipse.com.br\/?page_id=392","title":{"rendered":"Ultrassom Est\u00e9tico"},"content":{"rendered":"<p>Trata-se de um equipamento que emite ondas sonoras (vibra\u00e7\u00f5es mec\u00e2nicas). Existem tr\u00eas tipos desta tecnologia: ultrassom 1 MHZ, 3 MHZ e o 5 MHZ. Cada um \u00e9 indicado para um tipo de tratamento.Para fins est\u00e9ticos, utiliza-se o ultrassom para a\u00e7\u00f5es analg\u00e9sicas, anti-inflamat\u00f3rias e antiedematosas. Sua a\u00e7\u00e3o ajuda na quebra de fibroses acumuladas no tecido conjuntivo d\u00e9rmico (micromassagem celular). Al\u00e9m disso, a tecnologia de ultrassom terap\u00eautico focalizado, conhecida tamb\u00e9m como a &#8220;lipoaspira\u00e7\u00e3o sem cortes&#8221;, age seletivamente nas c\u00e9lulas adiposas, preservando as demais. Uma quantidade de energia predeterminada de ultrassom \u00e9 direcionada \u00e0 camada gordurosa subcut\u00e2nea, local onde ondas ac\u00fasticas se convertem em um volume focalizado confinado, causando\u00a0 a disrup\u00e7\u00e3o mec\u00e2nica das membranas das c\u00e9lulas gordurosas. Como a energia \u00e9 liberada em pulsos, n\u00e3o ocorre\u00a0 eleva\u00e7\u00e3o significante de temperatura.Outro fator importante \u00e9 que o efeito mec\u00e2nico permite a sele\u00e7\u00e3o do tecido, fazendo com que somente as c\u00e9lulas adiposas dentro da \u00e1rea tratada sejam destru\u00eddas, enquanto que os tecidos adjacentes, incluindo vasos sangu\u00edneos, nervos e tecidos conectivos, permanecem inalterados.<\/p>\n<p><strong><a href=\"http:\/\/spaeclipse.com.br\/wp-content\/uploads\/2015\/06\/X-ultrassom-est\u00e9tico.jpg\"><img decoding=\"async\" class=\" size-medium wp-image-677 alignleft\" src=\"http:\/\/spaeclipse.com.br\/wp-content\/uploads\/2015\/06\/X-ultrassom-est\u00e9tico-250x183.jpg\" alt=\"X ultrassom est\u00e9tico\" width=\"250\" height=\"183\" srcset=\"https:\/\/spaeclipse.com.br\/wp-content\/uploads\/2015\/06\/X-ultrassom-est\u00e9tico-250x183.jpg 250w, https:\/\/spaeclipse.com.br\/wp-content\/uploads\/2015\/06\/X-ultrassom-est\u00e9tico-420x307.jpg 420w, https:\/\/spaeclipse.com.br\/wp-content\/uploads\/2015\/06\/X-ultrassom-est\u00e9tico-480x350.jpg 480w, https:\/\/spaeclipse.com.br\/wp-content\/uploads\/2015\/06\/X-ultrassom-est\u00e9tico-336x245.jpg 336w, https:\/\/spaeclipse.com.br\/wp-content\/uploads\/2015\/06\/X-ultrassom-est\u00e9tico.jpg 500w\" sizes=\"(max-width: 250px) 100vw, 250px\" \/><\/a>Periodo de tratamento: semanalmente<\/strong><\/p>\n","protected":false},"excerpt":{"rendered":"<p>Trata-se de um equipamento que emite ondas sonoras (vibra\u00e7\u00f5es mec\u00e2nicas). Existem tr\u00eas tipos desta tecnologia: ultrassom 1 MHZ, 3 MHZ e o 5 MHZ. Cada um \u00e9 indicado para um tipo de tratamento.Para fins est\u00e9ticos, utiliza-se o ultrassom para a\u00e7\u00f5es analg\u00e9sicas, anti-inflamat\u00f3rias e antiedematosas. Sua a\u00e7\u00e3o ajuda na quebra de fibroses acumuladas no tecido conjuntivo &hellip;<\/p>\n<p class=\"read-more\"> <a class=\"\" href=\"https:\/\/spaeclipse.com.br\/?page_id=392\"> <span class=\"screen-reader-text\">Ultrassom Est\u00e9tico<\/span> Leia mais &raquo;<\/a><\/p>\n","protected":false},"author":1,"featured_media":0,"parent":0,"menu_order":0,"comment_status":"open","ping_status":"open","template":"","meta":{"site-sidebar-layout":"default","site-content-layout":"","ast-site-content-layout":"","site-content-style":"default","site-sidebar-style":"default","ast-global-header-display":"","ast-banner-title-visibility":"","ast-main-header-display":"","ast-hfb-above-header-display":"","ast-hfb-below-header-display":"","ast-hfb-mobile-header-display":"","site-post-title":"","ast-breadcrumbs-content":"","ast-featured-img":"","footer-sml-layout":"","theme-transparent-header-meta":"","adv-header-id-meta":"","stick-header-meta":"","header-above-stick-meta":"","header-main-stick-meta":"","header-below-stick-meta":"","astra-migrate-meta-layouts":"","_joinchat":[],"footnotes":""},"class_list":["post-392","page","type-page","status-publish","hentry"],"_links":{"self":[{"href":"https:\/\/spaeclipse.com.br\/index.php?rest_route=\/wp\/v2\/pages\/392","targetHints":{"allow":["GET"]}}],"collection":[{"href":"https:\/\/spaeclipse.com.br\/index.php?rest_route=\/wp\/v2\/pages"}],"about":[{"href":"https:\/\/spaeclipse.com.br\/index.php?rest_route=\/wp\/v2\/types\/page"}],"author":[{"embeddable":true,"href":"https:\/\/spaeclipse.com.br\/index.php?rest_route=\/wp\/v2\/users\/1"}],"replies":[{"embeddable":true,"href":"https:\/\/spaeclipse.com.br\/index.php?rest_route=%2Fwp%2Fv2%2Fcomments&post=392"}],"version-history":[{"count":3,"href":"https:\/\/spaeclipse.com.br\/index.php?rest_route=\/wp\/v2\/pages\/392\/revisions"}],"predecessor-version":[{"id":681,"href":"https:\/\/spaeclipse.com.br\/index.php?rest_route=\/wp\/v2\/pages\/392\/revisions\/681"}],"wp:attachment":[{"href":"https:\/\/spaeclipse.com.br\/index.php?rest_route=%2Fwp%2Fv2%2Fmedia&parent=392"}],"curies":[{"name":"wp","href":"https:\/\/api.w.org\/{rel}","templated":true}]}}