{"id":384,"date":"2015-06-01T16:39:20","date_gmt":"2015-06-01T16:39:20","guid":{"rendered":"http:\/\/spaeclipse.com.br\/?page_id=384"},"modified":"2018-05-19T12:47:01","modified_gmt":"2018-05-19T12:47:01","slug":"radiofrequencia-corporal","status":"publish","type":"page","link":"https:\/\/spaeclipse.com.br\/?page_id=384","title":{"rendered":"Radiofrequencia Corporal"},"content":{"rendered":"<p><a href=\"http:\/\/spaeclipse.com.br\/wp-content\/uploads\/2015\/06\/Radiofrequencia.jpg\"><img fetchpriority=\"high\" decoding=\"async\" class=\"alignright  wp-image-311\" src=\"http:\/\/spaeclipse.com.br\/wp-content\/uploads\/2015\/06\/Radiofrequencia-250x122.jpg\" alt=\"Radiofrequencia\" width=\"564\" height=\"275\" srcset=\"https:\/\/spaeclipse.com.br\/wp-content\/uploads\/2015\/06\/Radiofrequencia-250x122.jpg 250w, https:\/\/spaeclipse.com.br\/wp-content\/uploads\/2015\/06\/Radiofrequencia-800x391.jpg 800w, https:\/\/spaeclipse.com.br\/wp-content\/uploads\/2015\/06\/Radiofrequencia-780x381.jpg 780w, https:\/\/spaeclipse.com.br\/wp-content\/uploads\/2015\/06\/Radiofrequencia-530x259.jpg 530w, https:\/\/spaeclipse.com.br\/wp-content\/uploads\/2015\/06\/Radiofrequencia-420x205.jpg 420w, https:\/\/spaeclipse.com.br\/wp-content\/uploads\/2015\/06\/Radiofrequencia-960x469.jpg 960w, https:\/\/spaeclipse.com.br\/wp-content\/uploads\/2015\/06\/Radiofrequencia-639x312.jpg 639w, https:\/\/spaeclipse.com.br\/wp-content\/uploads\/2015\/06\/Radiofrequencia-480x235.jpg 480w, https:\/\/spaeclipse.com.br\/wp-content\/uploads\/2015\/06\/Radiofrequencia-920x450.jpg 920w, https:\/\/spaeclipse.com.br\/wp-content\/uploads\/2015\/06\/Radiofrequencia-640x313.jpg 640w, https:\/\/spaeclipse.com.br\/wp-content\/uploads\/2015\/06\/Radiofrequencia.jpg 1000w\" sizes=\"(max-width: 564px) 100vw, 564px\" \/><\/a>A radiofreq\u00fc\u00eancia \u00e9 uma nova tecnologia, diferente do laser, dos peelings e da cirurgia convencional, atua no combate a flacidez da pele, celulite, gordura localizada e fibroses, firmando a pele, melhorando o contorno natural do corpo. N\u00e3o h\u00e1 cortes, les\u00f5es superficiais, edemas ou equimoses, tamb\u00e9m n\u00e3o h\u00e1 necessidade de afastamento do trabalho ou das atividades esportivas.No combate a celulite, o tratamento por radiofreq\u00fc\u00eancia permite a eleva\u00e7\u00e3o da temperatura interna do tecido promove aumento da circula\u00e7\u00e3o sangu\u00ednea em dire\u00e7\u00e3o ao tecido conectivo, estimula a drenagem linf\u00e1tica, diminuindo a concentra\u00e7\u00e3o de toxinas no adip\u00f3cito, reduzindo assim seu tamanho, melhorando inclusive a gordura localizada, sendo um forte aliado em p\u00f3s-operat\u00f3rio por agir diretamente nas fibroses.No combate a gordura localizada, o tratamento por radiofreq\u00fc\u00eancia permite o aumento da microcircula\u00e7\u00e3o sang\u00fc\u00ednea, a atividade enzim\u00e1tica, metab\u00f3lica e t\u00e9rmica, ativando a \u201cqueima\u201d da gordura, al\u00e9m de aumentar o consumo de energia em n\u00edvel celular (ATP).As ondas de calor profundo produzidas pela radiofreq\u00fc\u00eancia possuem a capacidade de gerar energia e forte calor sobre a camada mais profunda da pele, enquanto a superf\u00edcie se mant\u00e9m resfriada e protegida, o que causa a contra\u00e7\u00e3o do col\u00e1geno, al\u00e9m de ativar a produ\u00e7\u00e3o de neocol\u00e1geno que desenvolve uma melhora ainda maior no aspecto da pele. \u00c9 um tratamento n\u00e3o-invasivo, indolor, que permite alcan\u00e7ar resultados r\u00e1pidos e muito expressivos. Este tratamento \u00e9 indicado para combater a celulite, flacidez de gl\u00fateo e parte interna das coxas e bra\u00e7os, dentre outras regi\u00f5es do corpo.<\/p>\n<p>A radiofrequ\u00eancia serve para:<\/p>\n<p>Melhorar a apar\u00eancia da pele; Melhorar a qualidade do col\u00e1geno e da elastina; Reorganizar as fibras de col\u00e1geno e elastina; Melhorar a microcircula\u00e7\u00e3o; Melhorar a hidrata\u00e7\u00e3o da pele; Aumenta a oxigena\u00e7\u00e3o; Acelerar a elimina\u00e7\u00e3o de toxinas; Reduzir celulite; Combater estrias e fibroses; Melhorar o aspecto das cicatrizes; Combater a gordura localizada na barriga, culote, flancos, bra\u00e7os, papada; Combater a flacidez em qualquer \u00e1rea do corpo; Combater a celulite por melhorar a firmeza da pele.<\/p>\n<p><strong>Per\u00edodo de tratamento:semanalmente<\/strong><\/p>\n","protected":false},"excerpt":{"rendered":"<p>A radiofreq\u00fc\u00eancia \u00e9 uma nova tecnologia, diferente do laser, dos peelings e da cirurgia convencional, atua no combate a flacidez da pele, celulite, gordura localizada e fibroses, firmando a pele, melhorando o contorno natural do corpo. N\u00e3o h\u00e1 cortes, les\u00f5es superficiais, edemas ou equimoses, tamb\u00e9m n\u00e3o h\u00e1 necessidade de afastamento do trabalho ou das atividades &hellip;<\/p>\n<p class=\"read-more\"> <a class=\"\" href=\"https:\/\/spaeclipse.com.br\/?page_id=384\"> <span class=\"screen-reader-text\">Radiofrequencia Corporal<\/span> Leia mais &raquo;<\/a><\/p>\n","protected":false},"author":1,"featured_media":0,"parent":0,"menu_order":0,"comment_status":"open","ping_status":"open","template":"","meta":{"site-sidebar-layout":"default","site-content-layout":"","ast-site-content-layout":"","site-content-style":"default","site-sidebar-style":"default","ast-global-header-display":"","ast-banner-title-visibility":"","ast-main-header-display":"","ast-hfb-above-header-display":"","ast-hfb-below-header-display":"","ast-hfb-mobile-header-display":"","site-post-title":"","ast-breadcrumbs-content":"","ast-featured-img":"","footer-sml-layout":"","theme-transparent-header-meta":"","adv-header-id-meta":"","stick-header-meta":"","header-above-stick-meta":"","header-main-stick-meta":"","header-below-stick-meta":"","astra-migrate-meta-layouts":"","_joinchat":[],"footnotes":""},"class_list":["post-384","page","type-page","status-publish","hentry"],"_links":{"self":[{"href":"https:\/\/spaeclipse.com.br\/index.php?rest_route=\/wp\/v2\/pages\/384","targetHints":{"allow":["GET"]}}],"collection":[{"href":"https:\/\/spaeclipse.com.br\/index.php?rest_route=\/wp\/v2\/pages"}],"about":[{"href":"https:\/\/spaeclipse.com.br\/index.php?rest_route=\/wp\/v2\/types\/page"}],"author":[{"embeddable":true,"href":"https:\/\/spaeclipse.com.br\/index.php?rest_route=\/wp\/v2\/users\/1"}],"replies":[{"embeddable":true,"href":"https:\/\/spaeclipse.com.br\/index.php?rest_route=%2Fwp%2Fv2%2Fcomments&post=384"}],"version-history":[{"count":3,"href":"https:\/\/spaeclipse.com.br\/index.php?rest_route=\/wp\/v2\/pages\/384\/revisions"}],"predecessor-version":[{"id":456,"href":"https:\/\/spaeclipse.com.br\/index.php?rest_route=\/wp\/v2\/pages\/384\/revisions\/456"}],"wp:attachment":[{"href":"https:\/\/spaeclipse.com.br\/index.php?rest_route=%2Fwp%2Fv2%2Fmedia&parent=384"}],"curies":[{"name":"wp","href":"https:\/\/api.w.org\/{rel}","templated":true}]}}