{"id":383,"date":"2015-06-01T16:38:32","date_gmt":"2015-06-01T16:38:32","guid":{"rendered":"http:\/\/spaeclipse.com.br\/?page_id=383"},"modified":"2015-07-16T12:03:41","modified_gmt":"2015-07-16T12:03:41","slug":"power-shape-lipocavitacao-rf-led-infra-vermelho-ultrassom","status":"publish","type":"page","link":"https:\/\/spaeclipse.com.br\/?page_id=383","title":{"rendered":"Power Shape\u00a0 Lipocavita\u00e7\u00e3o (RF, LED, Infra Vermelho, Ultrassom)"},"content":{"rendered":"<p>A lipocavita\u00e7\u00e3o \u00e9 um tratamento est\u00e9tico que utiliza o ultrassom para reduzir a gordura localizada em qualquer \u00e1rea do corpo que tenha ac\u00famulo de gordura. O ultrassom \u00e9 emitido por uma m\u00e1quina e repassado \u00e0 \u00e1rea de tratamento atrav\u00e9s de um cabe\u00e7ote, a extremidade deste aparelho. \u00c9 necess\u00e1ria a utiliza\u00e7\u00e3o de um gel na interface entre o aparelho e a pele para que o ultrassom seja adequadamente transmitido. A energia ultrass\u00f4nica emitida penetra at\u00e9 a gordura subcut\u00e2nea, gerando pequenas bolhas dentro das c\u00e9lulas de gordura &#8211; os adip\u00f3citos. Essas bolhas aumentam progressivamente em n\u00famero e causam agita\u00e7\u00e3o no interior da c\u00e9lula e levam ao seu rompimento. &#8220;A gordura, ent\u00e3o, se divide em \u00e1cido graxo e glicerol: o \u00e1cido graxo se liga \u00e0 uma subst\u00e2ncia chamada albumina e \u00e9 eliminada pelo f\u00edgado, o glicerol \u00e9 sol\u00favel em \u00e1gua e, por isso, \u00e9 eliminado pelos vasos linf\u00e1ticos e urina&#8221;<\/p>\n<p>Indica\u00e7\u00f5es da lipocavita\u00e7\u00e3o<\/p>\n<p>Este tratamento est\u00e1 indicado, principalmente, para casos de gordura localizada. &#8220;Em decorr\u00eancia da melhora da gordura localizada, a lipocavita\u00e7\u00e3o tamb\u00e9m pode amenizar a celulite&#8221;, explica Alexandre Fellipo, tamb\u00e9m membro da Sociedade Brasileira de Dermatologia. O especialista ressalva que a lipocavita\u00e7\u00e3o n\u00e3o \u00e9 tratamento para sobrepeso ou obesidade.<\/p>\n<p><strong><a href=\"http:\/\/spaeclipse.com.br\/wp-content\/uploads\/2015\/06\/X-powershape.png\"><img decoding=\"async\" class=\" size-medium wp-image-678 alignleft\" src=\"http:\/\/spaeclipse.com.br\/wp-content\/uploads\/2015\/06\/X-powershape-250x167.png\" alt=\"X powershape\" width=\"250\" height=\"167\" srcset=\"https:\/\/spaeclipse.com.br\/wp-content\/uploads\/2015\/06\/X-powershape-250x167.png 250w, https:\/\/spaeclipse.com.br\/wp-content\/uploads\/2015\/06\/X-powershape.png 800w, https:\/\/spaeclipse.com.br\/wp-content\/uploads\/2015\/06\/X-powershape-780x520.png 780w, https:\/\/spaeclipse.com.br\/wp-content\/uploads\/2015\/06\/X-powershape-530x353.png 530w, https:\/\/spaeclipse.com.br\/wp-content\/uploads\/2015\/06\/X-powershape-420x280.png 420w, https:\/\/spaeclipse.com.br\/wp-content\/uploads\/2015\/06\/X-powershape-639x426.png 639w, https:\/\/spaeclipse.com.br\/wp-content\/uploads\/2015\/06\/X-powershape-480x320.png 480w, https:\/\/spaeclipse.com.br\/wp-content\/uploads\/2015\/06\/X-powershape-368x245.png 368w, https:\/\/spaeclipse.com.br\/wp-content\/uploads\/2015\/06\/X-powershape-560x373.png 560w\" sizes=\"(max-width: 250px) 100vw, 250px\" \/><\/a>Per\u00edodo de tratamento: semanalmente<\/strong><\/p>\n","protected":false},"excerpt":{"rendered":"<p>A lipocavita\u00e7\u00e3o \u00e9 um tratamento est\u00e9tico que utiliza o ultrassom para reduzir a gordura localizada em qualquer \u00e1rea do corpo que tenha ac\u00famulo de gordura. O ultrassom \u00e9 emitido por uma m\u00e1quina e repassado \u00e0 \u00e1rea de tratamento atrav\u00e9s de um cabe\u00e7ote, a extremidade deste aparelho. \u00c9 necess\u00e1ria a utiliza\u00e7\u00e3o de um gel na interface &hellip;<\/p>\n<p class=\"read-more\"> <a class=\"\" href=\"https:\/\/spaeclipse.com.br\/?page_id=383\"> <span class=\"screen-reader-text\">Power Shape\u00a0 Lipocavita\u00e7\u00e3o (RF, LED, Infra Vermelho, Ultrassom)<\/span> Leia mais &raquo;<\/a><\/p>\n","protected":false},"author":1,"featured_media":0,"parent":0,"menu_order":0,"comment_status":"open","ping_status":"open","template":"","meta":{"site-sidebar-layout":"default","site-content-layout":"","ast-site-content-layout":"","site-content-style":"default","site-sidebar-style":"default","ast-global-header-display":"","ast-banner-title-visibility":"","ast-main-header-display":"","ast-hfb-above-header-display":"","ast-hfb-below-header-display":"","ast-hfb-mobile-header-display":"","site-post-title":"","ast-breadcrumbs-content":"","ast-featured-img":"","footer-sml-layout":"","theme-transparent-header-meta":"","adv-header-id-meta":"","stick-header-meta":"","header-above-stick-meta":"","header-main-stick-meta":"","header-below-stick-meta":"","astra-migrate-meta-layouts":"","_joinchat":[],"footnotes":""},"class_list":["post-383","page","type-page","status-publish","hentry"],"_links":{"self":[{"href":"https:\/\/spaeclipse.com.br\/index.php?rest_route=\/wp\/v2\/pages\/383","targetHints":{"allow":["GET"]}}],"collection":[{"href":"https:\/\/spaeclipse.com.br\/index.php?rest_route=\/wp\/v2\/pages"}],"about":[{"href":"https:\/\/spaeclipse.com.br\/index.php?rest_route=\/wp\/v2\/types\/page"}],"author":[{"embeddable":true,"href":"https:\/\/spaeclipse.com.br\/index.php?rest_route=\/wp\/v2\/users\/1"}],"replies":[{"embeddable":true,"href":"https:\/\/spaeclipse.com.br\/index.php?rest_route=%2Fwp%2Fv2%2Fcomments&post=383"}],"version-history":[{"count":2,"href":"https:\/\/spaeclipse.com.br\/index.php?rest_route=\/wp\/v2\/pages\/383\/revisions"}],"predecessor-version":[{"id":679,"href":"https:\/\/spaeclipse.com.br\/index.php?rest_route=\/wp\/v2\/pages\/383\/revisions\/679"}],"wp:attachment":[{"href":"https:\/\/spaeclipse.com.br\/index.php?rest_route=%2Fwp%2Fv2%2Fmedia&parent=383"}],"curies":[{"name":"wp","href":"https:\/\/api.w.org\/{rel}","templated":true}]}}