{"id":381,"date":"2015-06-01T16:37:16","date_gmt":"2015-06-01T16:37:16","guid":{"rendered":"http:\/\/spaeclipse.com.br\/?page_id=381"},"modified":"2015-07-15T18:27:09","modified_gmt":"2015-07-15T18:27:09","slug":"microagulhamento-com-vitamina-c-aparelho-incluso","status":"publish","type":"page","link":"https:\/\/spaeclipse.com.br\/?page_id=381","title":{"rendered":"Microagulhamento com vitamina C (aparelho incluso )"},"content":{"rendered":"<p>\u00c9 o est\u00edmulo mec\u00e2nico \u00e0 produ\u00e7\u00e3o de col\u00e1geno realizado por meio do rolamento de um cilindro com pequenas agulhas, que provocam micro les\u00f5es da pele.<\/p>\n<p>Ap\u00f3s este procedimento, a pele passa por tr\u00eas processos:<\/p>\n<ul>\n<li>Inflama\u00e7\u00e3o: ap\u00f3s o est\u00edmulo mec\u00e2nico h\u00e1 a reprodu\u00e7\u00e3o das c\u00e9lulas da pele;<\/li>\n<li>Prolifera\u00e7\u00e3o: as c\u00e9lulas da pele se multiplicam;<\/li>\n<li>Remodela\u00e7\u00e3o: o tecido \u00e9 reestruturado e a as c\u00e9lulas mortas eliminadas, deixando a pele mais resistente e com uma apar\u00eancia mais uniforme.<\/li>\n<\/ul>\n<p>Por meio deste procedimento, a quantidade de col\u00e1geno pode dobrar e o efeito pode, ainda, ser otimizado com a aplica\u00e7\u00e3o da vitamina C. O aparelho utilizado chama-se Dermaroller\u00ae (dermaroler \u00e9 incorreto) e as suas micro-agulhas possuem 1,5 mm de comprimento.<br \/>\n<strong>Para quem \u00e9 recomendado?<\/strong><\/p>\n<p>O tratamento pode ser feito em mulheres e homens, que queiram suavizar as linhas e as rugas de express\u00e3o, clarear manchas, amenizar cicatrizes provocadas pela\u00a0<a href=\"http:\/\/www.suzanabarretto.com.br\/tratamento\/dermaroller-inducao-percutanea-de-colagenomicroagulhamento\">acne<\/a>, rejuvenescer a pele ou atenuar estrias.<\/p>\n<p><strong>\u00c9 dolorido?<\/strong><br \/>\nN\u00e3o, pois antes de iniciar o procedimento, um creme anest\u00e9sico \u00e9 aplicado na pele. O paciente poder\u00e1 sentir apenas suaves picadas no local e ter micro-sangramentos, n\u00e3o havendo perda de sangue.<\/p>\n<p><strong>Quantas sess\u00f5es s\u00e3o necess\u00e1rias?<\/strong><br \/>\nDepende do objetivo do paciente, que dever\u00e1 esclarecer todas as suas d\u00favidas com o seu m\u00e9dico. Por\u00e9m, em 3 sess\u00f5es, com intervalo de 2 meses entre cada uma, j\u00e1 \u00e9 poss\u00edvel obter excelentes resultados.<\/p>\n<p><strong>Quanto tempo dura cada sess\u00e3o?<\/strong><\/p>\n<p>Pode levar, em m\u00e9dia, uma hora e meia.<\/p>\n<p>Ap\u00f3s a aplica\u00e7\u00e3o do anest\u00e9sico na regi\u00e3o \u00e9 preciso aguardar 60 minutos e, para o rolamento \u00e9 necess\u00e1rio de 15 a 20 minutos.<\/p>\n<p>Ao final do procedimento, caso haja a aplica\u00e7\u00e3o da m\u00e1scara de vitamina C, 15 minutos s\u00e3o suficientes.<\/p>\n<p><strong>Quais s\u00e3o os cuidados p\u00f3s-tratamento?<\/strong><\/p>\n<p>Cada m\u00e9dico tem a sua recomenda\u00e7\u00e3o. No caso da Dra. Suzana, os cuidados ap\u00f3s o tratamento consistem na aplica\u00e7\u00e3o: Uso imediato de filtro solar com fator de prote\u00e7\u00e3o solar 30 (no m\u00ednimo), a cada 3 horas.<\/p>\n<p>Ap\u00f3s o 3\u00ba dia:\u00a0\u00c1cido Glic\u00f3lico \u00e0 noite e \u00a0Vitamina C pela manh\u00e3.<\/p>\n<p>Vale ressaltar ainda que durante, mais ou menos, dois dias a pele pode apresentar vermelhid\u00e3o (hiperemia), mas que pode ser disfar\u00e7ada com maquiagem, sem a necessidade de permanecer em casa. Ainda assim, a Dra. Suzana recomenda utilizar maquiagem somente ap\u00f3s 24 horas depois do tratamento.H\u00e1 alguma contra indica\u00e7\u00e3o?<\/p>\n<p>Todo o procedimento possui riscos. Neste caso, a pele sofre micro les\u00f5es e pode ocorrer infec\u00e7\u00e3o, herpes, cicatriz ou, em pacientes com propens\u00e3o, forma\u00e7\u00e3o de quel\u00f3ide (cicatriz endurecida e saliente).<\/p>\n<p>O procedimento \u00e9 realizado em ambiente ambulatorial (sem a necessidade de interna\u00e7\u00e3o) e at\u00e9 o momento, nenhum caso foi relatado.<\/p>\n<p><strong>Depois de quanto tempo \u00e9 permitido repetir o procedimento?<\/strong><\/p>\n<p>A forma\u00e7\u00e3o do tecido novo leva de 6 a 8 semanas, portanto, n\u00e3o h\u00e1 necessidade de repetir o procedimento antes deste per\u00edodo.<\/p>\n<p><strong><a href=\"http:\/\/spaeclipse.com.br\/wp-content\/uploads\/2015\/06\/X-microagulhamento-corporal-com-vitamina-c.jpg\"><img decoding=\"async\" class=\"alignright size-medium wp-image-653\" src=\"http:\/\/spaeclipse.com.br\/wp-content\/uploads\/2015\/06\/X-microagulhamento-corporal-com-vitamina-c-250x95.jpg\" alt=\"X microagulhamento corporal com vitamina c\" width=\"250\" height=\"95\" srcset=\"https:\/\/spaeclipse.com.br\/wp-content\/uploads\/2015\/06\/X-microagulhamento-corporal-com-vitamina-c-250x95.jpg 250w, https:\/\/spaeclipse.com.br\/wp-content\/uploads\/2015\/06\/X-microagulhamento-corporal-com-vitamina-c-800x305.jpg 800w, https:\/\/spaeclipse.com.br\/wp-content\/uploads\/2015\/06\/X-microagulhamento-corporal-com-vitamina-c-1060x404.jpg 1060w, https:\/\/spaeclipse.com.br\/wp-content\/uploads\/2015\/06\/X-microagulhamento-corporal-com-vitamina-c-780x297.jpg 780w, https:\/\/spaeclipse.com.br\/wp-content\/uploads\/2015\/06\/X-microagulhamento-corporal-com-vitamina-c-530x202.jpg 530w, https:\/\/spaeclipse.com.br\/wp-content\/uploads\/2015\/06\/X-microagulhamento-corporal-com-vitamina-c-420x160.jpg 420w, https:\/\/spaeclipse.com.br\/wp-content\/uploads\/2015\/06\/X-microagulhamento-corporal-com-vitamina-c-960x366.jpg 960w, https:\/\/spaeclipse.com.br\/wp-content\/uploads\/2015\/06\/X-microagulhamento-corporal-com-vitamina-c-639x244.jpg 639w, https:\/\/spaeclipse.com.br\/wp-content\/uploads\/2015\/06\/X-microagulhamento-corporal-com-vitamina-c-480x183.jpg 480w, https:\/\/spaeclipse.com.br\/wp-content\/uploads\/2015\/06\/X-microagulhamento-corporal-com-vitamina-c-920x351.jpg 920w, https:\/\/spaeclipse.com.br\/wp-content\/uploads\/2015\/06\/X-microagulhamento-corporal-com-vitamina-c-640x244.jpg 640w, https:\/\/spaeclipse.com.br\/wp-content\/uploads\/2015\/06\/X-microagulhamento-corporal-com-vitamina-c.jpg 1275w\" sizes=\"(max-width: 250px) 100vw, 250px\" \/><\/a>O Dermaroller\u00ae \u00e9 indicado para:<\/strong><\/p>\n<ul>\n<li>Rejuvenescimento<\/li>\n<li>Rugas e linhas de express\u00e3o<\/li>\n<li>Acne<\/li>\n<li>Cicatrizes de acne<\/li>\n<li>Cicatrizes<\/li>\n<li>Estrias<\/li>\n<\/ul>\n<p><strong>Per\u00edodo do procedimento: 15 em 15 dias<\/strong><\/p>\n","protected":false},"excerpt":{"rendered":"<p>\u00c9 o est\u00edmulo mec\u00e2nico \u00e0 produ\u00e7\u00e3o de col\u00e1geno realizado por meio do rolamento de um cilindro com pequenas agulhas, que provocam micro les\u00f5es da pele. Ap\u00f3s este procedimento, a pele passa por tr\u00eas processos: Inflama\u00e7\u00e3o: ap\u00f3s o est\u00edmulo mec\u00e2nico h\u00e1 a reprodu\u00e7\u00e3o das c\u00e9lulas da pele; Prolifera\u00e7\u00e3o: as c\u00e9lulas da pele se multiplicam; Remodela\u00e7\u00e3o: o &hellip;<\/p>\n<p class=\"read-more\"> <a class=\"\" href=\"https:\/\/spaeclipse.com.br\/?page_id=381\"> <span class=\"screen-reader-text\">Microagulhamento com vitamina C (aparelho incluso )<\/span> Leia mais &raquo;<\/a><\/p>\n","protected":false},"author":1,"featured_media":0,"parent":0,"menu_order":0,"comment_status":"open","ping_status":"open","template":"","meta":{"site-sidebar-layout":"default","site-content-layout":"","ast-site-content-layout":"","site-content-style":"default","site-sidebar-style":"default","ast-global-header-display":"","ast-banner-title-visibility":"","ast-main-header-display":"","ast-hfb-above-header-display":"","ast-hfb-below-header-display":"","ast-hfb-mobile-header-display":"","site-post-title":"","ast-breadcrumbs-content":"","ast-featured-img":"","footer-sml-layout":"","theme-transparent-header-meta":"","adv-header-id-meta":"","stick-header-meta":"","header-above-stick-meta":"","header-main-stick-meta":"","header-below-stick-meta":"","astra-migrate-meta-layouts":"","_joinchat":[],"footnotes":""},"class_list":["post-381","page","type-page","status-publish","hentry"],"_links":{"self":[{"href":"https:\/\/spaeclipse.com.br\/index.php?rest_route=\/wp\/v2\/pages\/381","targetHints":{"allow":["GET"]}}],"collection":[{"href":"https:\/\/spaeclipse.com.br\/index.php?rest_route=\/wp\/v2\/pages"}],"about":[{"href":"https:\/\/spaeclipse.com.br\/index.php?rest_route=\/wp\/v2\/types\/page"}],"author":[{"embeddable":true,"href":"https:\/\/spaeclipse.com.br\/index.php?rest_route=\/wp\/v2\/users\/1"}],"replies":[{"embeddable":true,"href":"https:\/\/spaeclipse.com.br\/index.php?rest_route=%2Fwp%2Fv2%2Fcomments&post=381"}],"version-history":[{"count":2,"href":"https:\/\/spaeclipse.com.br\/index.php?rest_route=\/wp\/v2\/pages\/381\/revisions"}],"predecessor-version":[{"id":655,"href":"https:\/\/spaeclipse.com.br\/index.php?rest_route=\/wp\/v2\/pages\/381\/revisions\/655"}],"wp:attachment":[{"href":"https:\/\/spaeclipse.com.br\/index.php?rest_route=%2Fwp%2Fv2%2Fmedia&parent=381"}],"curies":[{"name":"wp","href":"https:\/\/api.w.org\/{rel}","templated":true}]}}