{"id":378,"date":"2015-06-01T16:30:56","date_gmt":"2015-06-01T16:30:56","guid":{"rendered":"http:\/\/spaeclipse.com.br\/?page_id=378"},"modified":"2015-06-01T16:30:59","modified_gmt":"2015-06-01T16:30:59","slug":"enzima-para-massa-muscular","status":"publish","type":"page","link":"https:\/\/spaeclipse.com.br\/?page_id=378","title":{"rendered":"Enzima para massa muscular"},"content":{"rendered":"<p>As ENZIMAS AA aumentam a massa muscular, diminuem a flacidez e as gorduras corporais. Entre homens e mulheres, o principal objetivo dos que praticam exerc\u00edcios f\u00edsicos, \u00e9 aumentar o volume da massa muscular. Por quest\u00f5es est\u00e9ticas, de sa\u00fade e para melhorar os n\u00edveis de for\u00e7a. Entretanto, as respostas entre os dois sexos s\u00e3o diferentes, pela a\u00e7\u00e3o hormonal.Algumas pessoas t\u00eam muita dificuldade, para que haja um aumento da massa muscular, os resultados obtidos com o uso de enzimas parecem ser promissores, j\u00e1 que possibilita o ganho de massa muscular, diminui a flacidez e a gordura corporal.Essas enzimas s\u00e3o constitu\u00eddas por um \u201cpool\u201d de amino\u00e1cidos, vitaminas e minerais que aumentam a s\u00edntese prot\u00e9ica e conseq\u00fcentemente, melhoram a musculatura e a flacidez. Tem finalidade de essencial tonifica\u00e7\u00e3o muscular<\/p>\n<p><strong>Dura\u00e7\u00e3o de procedimento: semanalmente<\/strong><\/p>\n","protected":false},"excerpt":{"rendered":"<p>As ENZIMAS AA aumentam a massa muscular, diminuem a flacidez e as gorduras corporais. Entre homens e mulheres, o principal objetivo dos que praticam exerc\u00edcios f\u00edsicos, \u00e9 aumentar o volume da massa muscular. Por quest\u00f5es est\u00e9ticas, de sa\u00fade e para melhorar os n\u00edveis de for\u00e7a. Entretanto, as respostas entre os dois sexos s\u00e3o diferentes, pela &hellip;<\/p>\n<p class=\"read-more\"> <a class=\"\" href=\"https:\/\/spaeclipse.com.br\/?page_id=378\"> <span class=\"screen-reader-text\">Enzima para massa muscular<\/span> Leia mais &raquo;<\/a><\/p>\n","protected":false},"author":1,"featured_media":0,"parent":0,"menu_order":0,"comment_status":"open","ping_status":"open","template":"","meta":{"site-sidebar-layout":"default","site-content-layout":"","ast-site-content-layout":"","site-content-style":"default","site-sidebar-style":"default","ast-global-header-display":"","ast-banner-title-visibility":"","ast-main-header-display":"","ast-hfb-above-header-display":"","ast-hfb-below-header-display":"","ast-hfb-mobile-header-display":"","site-post-title":"","ast-breadcrumbs-content":"","ast-featured-img":"","footer-sml-layout":"","theme-transparent-header-meta":"","adv-header-id-meta":"","stick-header-meta":"","header-above-stick-meta":"","header-main-stick-meta":"","header-below-stick-meta":"","astra-migrate-meta-layouts":"","_joinchat":[],"footnotes":""},"class_list":["post-378","page","type-page","status-publish","hentry"],"_links":{"self":[{"href":"https:\/\/spaeclipse.com.br\/index.php?rest_route=\/wp\/v2\/pages\/378","targetHints":{"allow":["GET"]}}],"collection":[{"href":"https:\/\/spaeclipse.com.br\/index.php?rest_route=\/wp\/v2\/pages"}],"about":[{"href":"https:\/\/spaeclipse.com.br\/index.php?rest_route=\/wp\/v2\/types\/page"}],"author":[{"embeddable":true,"href":"https:\/\/spaeclipse.com.br\/index.php?rest_route=\/wp\/v2\/users\/1"}],"replies":[{"embeddable":true,"href":"https:\/\/spaeclipse.com.br\/index.php?rest_route=%2Fwp%2Fv2%2Fcomments&post=378"}],"version-history":[{"count":1,"href":"https:\/\/spaeclipse.com.br\/index.php?rest_route=\/wp\/v2\/pages\/378\/revisions"}],"predecessor-version":[{"id":385,"href":"https:\/\/spaeclipse.com.br\/index.php?rest_route=\/wp\/v2\/pages\/378\/revisions\/385"}],"wp:attachment":[{"href":"https:\/\/spaeclipse.com.br\/index.php?rest_route=%2Fwp%2Fv2%2Fmedia&parent=378"}],"curies":[{"name":"wp","href":"https:\/\/api.w.org\/{rel}","templated":true}]}}