{"id":370,"date":"2015-06-01T16:29:57","date_gmt":"2015-06-01T16:29:57","guid":{"rendered":"http:\/\/spaeclipse.com.br\/?page_id=370"},"modified":"2015-08-10T16:18:12","modified_gmt":"2015-08-10T16:18:12","slug":"enzima-injetavel-local-gordura-localizada","status":"publish","type":"page","link":"https:\/\/spaeclipse.com.br\/?page_id=370","title":{"rendered":"Enzima Injet\u00e1vel Local ( Gordura Localizada)"},"content":{"rendered":"<p><a href=\"http:\/\/spaeclipse.com.br\/wp-content\/uploads\/2015\/06\/altera\u00e7\u00e3o-10.jpg\"><img decoding=\"async\" class=\"alignright size-medium wp-image-711\" src=\"http:\/\/spaeclipse.com.br\/wp-content\/uploads\/2015\/06\/altera\u00e7\u00e3o-10-250x167.jpg\" alt=\"altera\u00e7\u00e3o 10\" width=\"250\" height=\"167\" srcset=\"https:\/\/spaeclipse.com.br\/wp-content\/uploads\/2015\/06\/altera\u00e7\u00e3o-10-250x167.jpg 250w, https:\/\/spaeclipse.com.br\/wp-content\/uploads\/2015\/06\/altera\u00e7\u00e3o-10-800x533.jpg 800w, https:\/\/spaeclipse.com.br\/wp-content\/uploads\/2015\/06\/altera\u00e7\u00e3o-10-1060x706.jpg 1060w, https:\/\/spaeclipse.com.br\/wp-content\/uploads\/2015\/06\/altera\u00e7\u00e3o-10-780x520.jpg 780w, https:\/\/spaeclipse.com.br\/wp-content\/uploads\/2015\/06\/altera\u00e7\u00e3o-10-530x353.jpg 530w, https:\/\/spaeclipse.com.br\/wp-content\/uploads\/2015\/06\/altera\u00e7\u00e3o-10-420x280.jpg 420w, https:\/\/spaeclipse.com.br\/wp-content\/uploads\/2015\/06\/altera\u00e7\u00e3o-10-960x640.jpg 960w, https:\/\/spaeclipse.com.br\/wp-content\/uploads\/2015\/06\/altera\u00e7\u00e3o-10-639x426.jpg 639w, https:\/\/spaeclipse.com.br\/wp-content\/uploads\/2015\/06\/altera\u00e7\u00e3o-10-480x320.jpg 480w, https:\/\/spaeclipse.com.br\/wp-content\/uploads\/2015\/06\/altera\u00e7\u00e3o-10-804x536.jpg 804w, https:\/\/spaeclipse.com.br\/wp-content\/uploads\/2015\/06\/altera\u00e7\u00e3o-10-368x245.jpg 368w, https:\/\/spaeclipse.com.br\/wp-content\/uploads\/2015\/06\/altera\u00e7\u00e3o-10-560x373.jpg 560w, https:\/\/spaeclipse.com.br\/wp-content\/uploads\/2015\/06\/altera\u00e7\u00e3o-10.jpg 1900w\" sizes=\"(max-width: 250px) 100vw, 250px\" \/><\/a>A aplica\u00e7\u00e3o de enzimas \u00e9 um procedimento m\u00e9dico que oferece os melhores resultados para eliminar a gordura localizada mais resistente.<\/p>\n<p>Ela pode ser aplicada diretamente na regi\u00e3o abdominal, flancos, gl\u00fateos e \u00e1rea interna das coxas (intrad\u00e9rmica) para diminuir medidas, sendo conhecida como \u201caplica\u00e7\u00e3o de enzimas localizada\u201d ou \u201cmesoterapia\u201d. A aplica\u00e7\u00e3o de enzimas localizada \u00e9 uma t\u00e9cnica que consiste na aplica\u00e7\u00e3o de subst\u00e2ncias (enzimas + medicamentos) feita na camada de gordura situada logo abaixo da pele, na regi\u00e3o em que se encontra a maior concentra\u00e7\u00e3o de tecido adiposo. As mesclas agem no per\u00edodo de 2 a 7 dias na \u00e1rea do corpo em que foram aplicadas (depende do metabolismo de cada um), promovendo a queima da gordura localizada.<\/p>\n<p><a href=\"http:\/\/spaeclipse.com.br\/wp-content\/uploads\/2015\/06\/X-ENZIMAS-localizada.gif\"><img decoding=\"async\" class=\"alignright size-medium wp-image-643\" src=\"http:\/\/spaeclipse.com.br\/wp-content\/uploads\/2015\/06\/X-ENZIMAS-localizada-250x198.gif\" alt=\"X ENZIMAS localizada\" width=\"250\" height=\"198\" \/><\/a>Essa gordura ser\u00e1 eliminada por meio da urina, das fezes ou sudorese, podendo tamb\u00e9m ser utilizada como energia pelo pr\u00f3prio organismo.<\/p>\n<p>Os resultados podem variar conforme as particularidades de cada organismo, idade e h\u00e1bitos, mas geralmente come\u00e7am a surgir a partir da primeira semana de tratamento.<\/p>\n<p><strong>Per\u00edodo de tratamento: semanalmente<\/strong><\/p>\n","protected":false},"excerpt":{"rendered":"<p>A aplica\u00e7\u00e3o de enzimas \u00e9 um procedimento m\u00e9dico que oferece os melhores resultados para eliminar a gordura localizada mais resistente. Ela pode ser aplicada diretamente na regi\u00e3o abdominal, flancos, gl\u00fateos e \u00e1rea interna das coxas (intrad\u00e9rmica) para diminuir medidas, sendo conhecida como \u201caplica\u00e7\u00e3o de enzimas localizada\u201d ou \u201cmesoterapia\u201d. A aplica\u00e7\u00e3o de enzimas localizada \u00e9 uma &hellip;<\/p>\n<p class=\"read-more\"> <a class=\"\" href=\"https:\/\/spaeclipse.com.br\/?page_id=370\"> <span class=\"screen-reader-text\">Enzima Injet\u00e1vel Local ( Gordura Localizada)<\/span> Leia mais &raquo;<\/a><\/p>\n","protected":false},"author":1,"featured_media":0,"parent":0,"menu_order":0,"comment_status":"open","ping_status":"open","template":"","meta":{"site-sidebar-layout":"default","site-content-layout":"","ast-site-content-layout":"","site-content-style":"default","site-sidebar-style":"default","ast-global-header-display":"","ast-banner-title-visibility":"","ast-main-header-display":"","ast-hfb-above-header-display":"","ast-hfb-below-header-display":"","ast-hfb-mobile-header-display":"","site-post-title":"","ast-breadcrumbs-content":"","ast-featured-img":"","footer-sml-layout":"","theme-transparent-header-meta":"","adv-header-id-meta":"","stick-header-meta":"","header-above-stick-meta":"","header-main-stick-meta":"","header-below-stick-meta":"","astra-migrate-meta-layouts":"","_joinchat":[],"footnotes":""},"class_list":["post-370","page","type-page","status-publish","hentry"],"_links":{"self":[{"href":"https:\/\/spaeclipse.com.br\/index.php?rest_route=\/wp\/v2\/pages\/370","targetHints":{"allow":["GET"]}}],"collection":[{"href":"https:\/\/spaeclipse.com.br\/index.php?rest_route=\/wp\/v2\/pages"}],"about":[{"href":"https:\/\/spaeclipse.com.br\/index.php?rest_route=\/wp\/v2\/types\/page"}],"author":[{"embeddable":true,"href":"https:\/\/spaeclipse.com.br\/index.php?rest_route=\/wp\/v2\/users\/1"}],"replies":[{"embeddable":true,"href":"https:\/\/spaeclipse.com.br\/index.php?rest_route=%2Fwp%2Fv2%2Fcomments&post=370"}],"version-history":[{"count":4,"href":"https:\/\/spaeclipse.com.br\/index.php?rest_route=\/wp\/v2\/pages\/370\/revisions"}],"predecessor-version":[{"id":714,"href":"https:\/\/spaeclipse.com.br\/index.php?rest_route=\/wp\/v2\/pages\/370\/revisions\/714"}],"wp:attachment":[{"href":"https:\/\/spaeclipse.com.br\/index.php?rest_route=%2Fwp%2Fv2%2Fmedia&parent=370"}],"curies":[{"name":"wp","href":"https:\/\/api.w.org\/{rel}","templated":true}]}}