{"id":369,"date":"2015-06-01T16:29:25","date_gmt":"2015-06-01T16:29:25","guid":{"rendered":"http:\/\/spaeclipse.com.br\/?page_id=369"},"modified":"2015-07-15T18:22:09","modified_gmt":"2015-07-15T18:22:09","slug":"enzima-injetavel-intramuscular-emagrecimento","status":"publish","type":"page","link":"https:\/\/spaeclipse.com.br\/?page_id=369","title":{"rendered":"Enzima Injet\u00e1vel Intramuscular (Emagrecimento)"},"content":{"rendered":"<p>A inje\u00e7\u00e3o intramuscular \u00e9 feita nos gl\u00fateos, sendo uma pr\u00e1tica muito recomendada e utilizada nos casos em que o paciente tem por objetivo a perda de peso e a diminui\u00e7\u00e3o da gordura de forma geral. Elas aceleram o metabolismo e promovem maior queima de calorias, os resultados s\u00e3o \u00f3timos, e podem ser maximizados quando combinados com a aplica\u00e7\u00e3o de enzimas localizada.<\/p>\n<p><strong><a href=\"http:\/\/spaeclipse.com.br\/wp-content\/uploads\/2015\/06\/X-enzima-intramuscular.jpg\"><img decoding=\"async\" class=\" size-medium wp-image-644 alignleft\" src=\"http:\/\/spaeclipse.com.br\/wp-content\/uploads\/2015\/06\/X-enzima-intramuscular-250x167.jpg\" alt=\"X enzima intramuscular\" width=\"250\" height=\"167\" srcset=\"https:\/\/spaeclipse.com.br\/wp-content\/uploads\/2015\/06\/X-enzima-intramuscular-250x167.jpg 250w, https:\/\/spaeclipse.com.br\/wp-content\/uploads\/2015\/06\/X-enzima-intramuscular-368x245.jpg 368w, https:\/\/spaeclipse.com.br\/wp-content\/uploads\/2015\/06\/X-enzima-intramuscular.jpg 375w\" sizes=\"(max-width: 250px) 100vw, 250px\" \/><\/a> <a href=\"http:\/\/spaeclipse.com.br\/wp-content\/uploads\/2015\/06\/X-enzima.jpg\"><img decoding=\"async\" class=\" size-medium wp-image-645 alignleft\" src=\"http:\/\/spaeclipse.com.br\/wp-content\/uploads\/2015\/06\/X-enzima-250x117.jpg\" alt=\"X enzima\" width=\"250\" height=\"117\" srcset=\"https:\/\/spaeclipse.com.br\/wp-content\/uploads\/2015\/06\/X-enzima-250x117.jpg 250w, https:\/\/spaeclipse.com.br\/wp-content\/uploads\/2015\/06\/X-enzima-800x374.jpg 800w, https:\/\/spaeclipse.com.br\/wp-content\/uploads\/2015\/06\/X-enzima-780x365.jpg 780w, https:\/\/spaeclipse.com.br\/wp-content\/uploads\/2015\/06\/X-enzima-530x248.jpg 530w, https:\/\/spaeclipse.com.br\/wp-content\/uploads\/2015\/06\/X-enzima-420x197.jpg 420w, https:\/\/spaeclipse.com.br\/wp-content\/uploads\/2015\/06\/X-enzima-639x299.jpg 639w, https:\/\/spaeclipse.com.br\/wp-content\/uploads\/2015\/06\/X-enzima-480x225.jpg 480w, https:\/\/spaeclipse.com.br\/wp-content\/uploads\/2015\/06\/X-enzima-920x431.jpg 920w, https:\/\/spaeclipse.com.br\/wp-content\/uploads\/2015\/06\/X-enzima-640x300.jpg 640w, https:\/\/spaeclipse.com.br\/wp-content\/uploads\/2015\/06\/X-enzima.jpg 940w\" sizes=\"(max-width: 250px) 100vw, 250px\" \/><\/a>Per\u00edodo do procedimento: 15 em 15 dias<\/strong><\/p>\n","protected":false},"excerpt":{"rendered":"<p>A inje\u00e7\u00e3o intramuscular \u00e9 feita nos gl\u00fateos, sendo uma pr\u00e1tica muito recomendada e utilizada nos casos em que o paciente tem por objetivo a perda de peso e a diminui\u00e7\u00e3o da gordura de forma geral. Elas aceleram o metabolismo e promovem maior queima de calorias, os resultados s\u00e3o \u00f3timos, e podem ser maximizados quando combinados &hellip;<\/p>\n<p class=\"read-more\"> <a class=\"\" href=\"https:\/\/spaeclipse.com.br\/?page_id=369\"> <span class=\"screen-reader-text\">Enzima Injet\u00e1vel Intramuscular (Emagrecimento)<\/span> Leia mais &raquo;<\/a><\/p>\n","protected":false},"author":1,"featured_media":0,"parent":0,"menu_order":0,"comment_status":"open","ping_status":"open","template":"","meta":{"site-sidebar-layout":"default","site-content-layout":"","ast-site-content-layout":"","site-content-style":"default","site-sidebar-style":"default","ast-global-header-display":"","ast-banner-title-visibility":"","ast-main-header-display":"","ast-hfb-above-header-display":"","ast-hfb-below-header-display":"","ast-hfb-mobile-header-display":"","site-post-title":"","ast-breadcrumbs-content":"","ast-featured-img":"","footer-sml-layout":"","theme-transparent-header-meta":"","adv-header-id-meta":"","stick-header-meta":"","header-above-stick-meta":"","header-main-stick-meta":"","header-below-stick-meta":"","astra-migrate-meta-layouts":"","_joinchat":[],"footnotes":""},"class_list":["post-369","page","type-page","status-publish","hentry"],"_links":{"self":[{"href":"https:\/\/spaeclipse.com.br\/index.php?rest_route=\/wp\/v2\/pages\/369","targetHints":{"allow":["GET"]}}],"collection":[{"href":"https:\/\/spaeclipse.com.br\/index.php?rest_route=\/wp\/v2\/pages"}],"about":[{"href":"https:\/\/spaeclipse.com.br\/index.php?rest_route=\/wp\/v2\/types\/page"}],"author":[{"embeddable":true,"href":"https:\/\/spaeclipse.com.br\/index.php?rest_route=\/wp\/v2\/users\/1"}],"replies":[{"embeddable":true,"href":"https:\/\/spaeclipse.com.br\/index.php?rest_route=%2Fwp%2Fv2%2Fcomments&post=369"}],"version-history":[{"count":3,"href":"https:\/\/spaeclipse.com.br\/index.php?rest_route=\/wp\/v2\/pages\/369\/revisions"}],"predecessor-version":[{"id":647,"href":"https:\/\/spaeclipse.com.br\/index.php?rest_route=\/wp\/v2\/pages\/369\/revisions\/647"}],"wp:attachment":[{"href":"https:\/\/spaeclipse.com.br\/index.php?rest_route=%2Fwp%2Fv2%2Fmedia&parent=369"}],"curies":[{"name":"wp","href":"https:\/\/api.w.org\/{rel}","templated":true}]}}