{"id":368,"date":"2015-06-01T16:27:52","date_gmt":"2015-06-01T16:27:52","guid":{"rendered":"http:\/\/spaeclipse.com.br\/?page_id=368"},"modified":"2015-07-15T18:19:30","modified_gmt":"2015-07-15T18:19:30","slug":"endermologia","status":"publish","type":"page","link":"https:\/\/spaeclipse.com.br\/?page_id=368","title":{"rendered":"Endermologia"},"content":{"rendered":"<p>A Endermologia \u00e9 um procedimento que associa massagem \u00e0 vacuoterapia, aumenta o fluxo sangu\u00edneo, promove o aumento da nutri\u00e7\u00e3o das c\u00e9lulas e desmancha os n\u00f3dulos da\u00a0<a href=\"http:\/\/corpoeestetica.com\/endermologia-aprenda-aqui-como-funciona-esse-tratamento-estetico\/\">celulite<\/a>. O aparelho usado para a Endermologia\u00a0 faz massagem local com o auxilio de esferas que est\u00e3o localizadas na sua base inferior, fazendo a suc\u00e7\u00e3o da pele. O mesmo produz movimentos de aspira\u00e7\u00e3o e rolamento que promove a melhora da circula\u00e7\u00e3o, a oxigena\u00e7\u00e3o e o t\u00f4nus da pele dessa forma reduzindo os n\u00f3dulos da celulite. Tamb\u00e9m faz o processo de distribui\u00e7\u00e3o da gordura evitando que se acumule em determinadas \u00e1reas.<\/p>\n<p><strong><a href=\"http:\/\/spaeclipse.com.br\/wp-content\/uploads\/2015\/06\/X-endermologia.jpg\"><img decoding=\"async\" class=\" size-medium wp-image-639 alignleft\" src=\"http:\/\/spaeclipse.com.br\/wp-content\/uploads\/2015\/06\/X-endermologia-250x189.jpg\" alt=\"X endermologia\" width=\"250\" height=\"189\" srcset=\"https:\/\/spaeclipse.com.br\/wp-content\/uploads\/2015\/06\/X-endermologia-250x189.jpg 250w, https:\/\/spaeclipse.com.br\/wp-content\/uploads\/2015\/06\/X-endermologia-525x397.jpg 525w, https:\/\/spaeclipse.com.br\/wp-content\/uploads\/2015\/06\/X-endermologia-417x315.jpg 417w, https:\/\/spaeclipse.com.br\/wp-content\/uploads\/2015\/06\/X-endermologia-476x360.jpg 476w, https:\/\/spaeclipse.com.br\/wp-content\/uploads\/2015\/06\/X-endermologia-324x245.jpg 324w, https:\/\/spaeclipse.com.br\/wp-content\/uploads\/2015\/06\/X-endermologia-494x373.jpg 494w, https:\/\/spaeclipse.com.br\/wp-content\/uploads\/2015\/06\/X-endermologia.jpg 540w\" sizes=\"(max-width: 250px) 100vw, 250px\" \/><\/a>Per\u00edodo do procedimento: semanalmente<\/strong><\/p>\n","protected":false},"excerpt":{"rendered":"<p>A Endermologia \u00e9 um procedimento que associa massagem \u00e0 vacuoterapia, aumenta o fluxo sangu\u00edneo, promove o aumento da nutri\u00e7\u00e3o das c\u00e9lulas e desmancha os n\u00f3dulos da\u00a0celulite. O aparelho usado para a Endermologia\u00a0 faz massagem local com o auxilio de esferas que est\u00e3o localizadas na sua base inferior, fazendo a suc\u00e7\u00e3o da pele. O mesmo produz &hellip;<\/p>\n<p class=\"read-more\"> <a class=\"\" href=\"https:\/\/spaeclipse.com.br\/?page_id=368\"> <span class=\"screen-reader-text\">Endermologia<\/span> Leia mais &raquo;<\/a><\/p>\n","protected":false},"author":1,"featured_media":0,"parent":0,"menu_order":0,"comment_status":"open","ping_status":"open","template":"","meta":{"site-sidebar-layout":"default","site-content-layout":"","ast-site-content-layout":"","site-content-style":"default","site-sidebar-style":"default","ast-global-header-display":"","ast-banner-title-visibility":"","ast-main-header-display":"","ast-hfb-above-header-display":"","ast-hfb-below-header-display":"","ast-hfb-mobile-header-display":"","site-post-title":"","ast-breadcrumbs-content":"","ast-featured-img":"","footer-sml-layout":"","theme-transparent-header-meta":"","adv-header-id-meta":"","stick-header-meta":"","header-above-stick-meta":"","header-main-stick-meta":"","header-below-stick-meta":"","astra-migrate-meta-layouts":"","_joinchat":[],"footnotes":""},"class_list":["post-368","page","type-page","status-publish","hentry"],"_links":{"self":[{"href":"https:\/\/spaeclipse.com.br\/index.php?rest_route=\/wp\/v2\/pages\/368","targetHints":{"allow":["GET"]}}],"collection":[{"href":"https:\/\/spaeclipse.com.br\/index.php?rest_route=\/wp\/v2\/pages"}],"about":[{"href":"https:\/\/spaeclipse.com.br\/index.php?rest_route=\/wp\/v2\/types\/page"}],"author":[{"embeddable":true,"href":"https:\/\/spaeclipse.com.br\/index.php?rest_route=\/wp\/v2\/users\/1"}],"replies":[{"embeddable":true,"href":"https:\/\/spaeclipse.com.br\/index.php?rest_route=%2Fwp%2Fv2%2Fcomments&post=368"}],"version-history":[{"count":2,"href":"https:\/\/spaeclipse.com.br\/index.php?rest_route=\/wp\/v2\/pages\/368\/revisions"}],"predecessor-version":[{"id":641,"href":"https:\/\/spaeclipse.com.br\/index.php?rest_route=\/wp\/v2\/pages\/368\/revisions\/641"}],"wp:attachment":[{"href":"https:\/\/spaeclipse.com.br\/index.php?rest_route=%2Fwp%2Fv2%2Fmedia&parent=368"}],"curies":[{"name":"wp","href":"https:\/\/api.w.org\/{rel}","templated":true}]}}