{"id":367,"date":"2015-06-01T16:27:22","date_gmt":"2015-06-01T16:27:22","guid":{"rendered":"http:\/\/spaeclipse.com.br\/?page_id=367"},"modified":"2015-07-15T18:19:36","modified_gmt":"2015-07-15T18:19:36","slug":"eletroestimulacao-corporal","status":"publish","type":"page","link":"https:\/\/spaeclipse.com.br\/?page_id=367","title":{"rendered":"Eletroestimula\u00e7\u00e3o Corporal"},"content":{"rendered":"<p>Eletroestimula\u00e7\u00e3o ou Corrente Russa, \u00e9 um aparelho de eletroterapia capaz de promover a contrata\u00e7\u00e3o muscular por meio de corrente el\u00e9trica. Seu trabalho vai proporcionar t\u00f4nus \u00e0 musculatura (aumento da for\u00e7a muscular), e uma melhoria na circula\u00e7\u00e3o sangu\u00ednea em \u00e1reas de\u00a0<a href=\"http:\/\/www.simonebarros.com.br\/tratamentos\/corporal-e-aparelhos\/corrente-russa-eletroestimulacao\/\">celulite<\/a>\u00a0e gordura.<\/p>\n<p><strong><a href=\"http:\/\/spaeclipse.com.br\/wp-content\/uploads\/2015\/06\/X-eletroestimula\u00e7\u00e3ao.jpg\"><img decoding=\"async\" class=\" size-medium wp-image-638 alignleft\" src=\"http:\/\/spaeclipse.com.br\/wp-content\/uploads\/2015\/06\/X-eletroestimula\u00e7\u00e3ao-250x160.jpg\" alt=\"X eletroestimula\u00e7\u00e3ao\" width=\"250\" height=\"160\" srcset=\"https:\/\/spaeclipse.com.br\/wp-content\/uploads\/2015\/06\/X-eletroestimula\u00e7\u00e3ao-250x160.jpg 250w, https:\/\/spaeclipse.com.br\/wp-content\/uploads\/2015\/06\/X-eletroestimula\u00e7\u00e3ao.jpg 300w\" sizes=\"(max-width: 250px) 100vw, 250px\" \/><\/a>Benef\u00edcios:<\/strong><\/p>\n<p style=\"padding-left: 30px;\">Hipotonia muscular:<\/p>\n<p style=\"padding-left: 30px;\">Abdome,\u00a0Gl\u00fateos,\u00a0Membros inferiores,\u00a0Membros superiores e\u00a0Interno de coxa.<\/p>\n","protected":false},"excerpt":{"rendered":"<p>Eletroestimula\u00e7\u00e3o ou Corrente Russa, \u00e9 um aparelho de eletroterapia capaz de promover a contrata\u00e7\u00e3o muscular por meio de corrente el\u00e9trica. Seu trabalho vai proporcionar t\u00f4nus \u00e0 musculatura (aumento da for\u00e7a muscular), e uma melhoria na circula\u00e7\u00e3o sangu\u00ednea em \u00e1reas de\u00a0celulite\u00a0e gordura. Benef\u00edcios: Hipotonia muscular: Abdome,\u00a0Gl\u00fateos,\u00a0Membros inferiores,\u00a0Membros superiores e\u00a0Interno de coxa.<\/p>\n","protected":false},"author":1,"featured_media":0,"parent":0,"menu_order":0,"comment_status":"open","ping_status":"open","template":"","meta":{"site-sidebar-layout":"default","site-content-layout":"","ast-site-content-layout":"","site-content-style":"default","site-sidebar-style":"default","ast-global-header-display":"","ast-banner-title-visibility":"","ast-main-header-display":"","ast-hfb-above-header-display":"","ast-hfb-below-header-display":"","ast-hfb-mobile-header-display":"","site-post-title":"","ast-breadcrumbs-content":"","ast-featured-img":"","footer-sml-layout":"","theme-transparent-header-meta":"","adv-header-id-meta":"","stick-header-meta":"","header-above-stick-meta":"","header-main-stick-meta":"","header-below-stick-meta":"","astra-migrate-meta-layouts":"","_joinchat":[],"footnotes":""},"class_list":["post-367","page","type-page","status-publish","hentry"],"_links":{"self":[{"href":"https:\/\/spaeclipse.com.br\/index.php?rest_route=\/wp\/v2\/pages\/367","targetHints":{"allow":["GET"]}}],"collection":[{"href":"https:\/\/spaeclipse.com.br\/index.php?rest_route=\/wp\/v2\/pages"}],"about":[{"href":"https:\/\/spaeclipse.com.br\/index.php?rest_route=\/wp\/v2\/types\/page"}],"author":[{"embeddable":true,"href":"https:\/\/spaeclipse.com.br\/index.php?rest_route=\/wp\/v2\/users\/1"}],"replies":[{"embeddable":true,"href":"https:\/\/spaeclipse.com.br\/index.php?rest_route=%2Fwp%2Fv2%2Fcomments&post=367"}],"version-history":[{"count":3,"href":"https:\/\/spaeclipse.com.br\/index.php?rest_route=\/wp\/v2\/pages\/367\/revisions"}],"predecessor-version":[{"id":642,"href":"https:\/\/spaeclipse.com.br\/index.php?rest_route=\/wp\/v2\/pages\/367\/revisions\/642"}],"wp:attachment":[{"href":"https:\/\/spaeclipse.com.br\/index.php?rest_route=%2Fwp%2Fv2%2Fmedia&parent=367"}],"curies":[{"name":"wp","href":"https:\/\/api.w.org\/{rel}","templated":true}]}}