{"id":366,"date":"2015-06-01T16:25:50","date_gmt":"2015-06-01T16:25:50","guid":{"rendered":"http:\/\/spaeclipse.com.br\/?page_id=366"},"modified":"2023-06-19T01:39:58","modified_gmt":"2023-06-19T01:39:58","slug":"3-drenagem-linfatica-com-aparelho","status":"publish","type":"page","link":"https:\/\/spaeclipse.com.br\/?page_id=366","title":{"rendered":"Drenagem Linf\u00e1tica"},"content":{"rendered":"<p>A drenagem linf\u00e1tica \u00e9 um tipo de massagem corporal\u00a0 com aparelhos pr\u00f3prios que ajuda a eliminar o excesso de l\u00edquidos e toxinas do organismo, facilitando o tratamento da celulite, incha\u00e7o ou linfedema, al\u00e9m de poder ser utilizada no p\u00f3s-operat\u00f3rio de cirurgia pl\u00e1stica.<\/p>\n<p>Al\u00e9m disso, a\u00a0<strong>drenagem linf\u00e1tica reduz medidas <\/strong>ao diminuir o incha\u00e7o corporal e ao adelga\u00e7ar a forma, sendo que se obt\u00e9m melhores resultados quando \u00e9 feita por um profissional em cl\u00ednicas. \u00a0A drenagem linf\u00e1tica deve ser feita sempre em dire\u00e7\u00e3o \u00e0s \u00ednguas e aplicando apenas uma ligeira press\u00e3o com as duas m\u00e3os sobre a pele, pois o excesso de press\u00e3o pode inibir a circula\u00e7\u00e3o linf\u00e1tica e a drenagem deixa de ter resultados.<\/p>\n<p><strong>Per\u00edodo de procedimento:semanalmente<\/strong><\/p>\n","protected":false},"excerpt":{"rendered":"<p>A drenagem linf\u00e1tica \u00e9 um tipo de massagem corporal\u00a0 com aparelhos pr\u00f3prios que ajuda a eliminar o excesso de l\u00edquidos e toxinas do organismo, facilitando o tratamento da celulite, incha\u00e7o ou linfedema, al\u00e9m de poder ser utilizada no p\u00f3s-operat\u00f3rio de cirurgia pl\u00e1stica. Al\u00e9m disso, a\u00a0drenagem linf\u00e1tica reduz medidas ao diminuir o incha\u00e7o corporal e ao &hellip;<\/p>\n<p class=\"read-more\"> <a class=\"\" href=\"https:\/\/spaeclipse.com.br\/?page_id=366\"> <span class=\"screen-reader-text\">Drenagem Linf\u00e1tica<\/span> Leia mais &raquo;<\/a><\/p>\n","protected":false},"author":1,"featured_media":1261,"parent":0,"menu_order":0,"comment_status":"closed","ping_status":"closed","template":"","meta":{"site-sidebar-layout":"default","site-content-layout":"default","ast-site-content-layout":"","site-content-style":"default","site-sidebar-style":"default","ast-global-header-display":"","ast-banner-title-visibility":"","ast-main-header-display":"","ast-hfb-above-header-display":"","ast-hfb-below-header-display":"","ast-hfb-mobile-header-display":"","site-post-title":"","ast-breadcrumbs-content":"","ast-featured-img":"","footer-sml-layout":"","theme-transparent-header-meta":"default","adv-header-id-meta":"","stick-header-meta":"default","header-above-stick-meta":"","header-main-stick-meta":"","header-below-stick-meta":"","astra-migrate-meta-layouts":"","_joinchat":[],"footnotes":""},"class_list":["post-366","page","type-page","status-publish","has-post-thumbnail","hentry"],"_links":{"self":[{"href":"https:\/\/spaeclipse.com.br\/index.php?rest_route=\/wp\/v2\/pages\/366","targetHints":{"allow":["GET"]}}],"collection":[{"href":"https:\/\/spaeclipse.com.br\/index.php?rest_route=\/wp\/v2\/pages"}],"about":[{"href":"https:\/\/spaeclipse.com.br\/index.php?rest_route=\/wp\/v2\/types\/page"}],"author":[{"embeddable":true,"href":"https:\/\/spaeclipse.com.br\/index.php?rest_route=\/wp\/v2\/users\/1"}],"replies":[{"embeddable":true,"href":"https:\/\/spaeclipse.com.br\/index.php?rest_route=%2Fwp%2Fv2%2Fcomments&post=366"}],"version-history":[{"count":7,"href":"https:\/\/spaeclipse.com.br\/index.php?rest_route=\/wp\/v2\/pages\/366\/revisions"}],"predecessor-version":[{"id":1836,"href":"https:\/\/spaeclipse.com.br\/index.php?rest_route=\/wp\/v2\/pages\/366\/revisions\/1836"}],"wp:featuredmedia":[{"embeddable":true,"href":"https:\/\/spaeclipse.com.br\/index.php?rest_route=\/wp\/v2\/media\/1261"}],"wp:attachment":[{"href":"https:\/\/spaeclipse.com.br\/index.php?rest_route=%2Fwp%2Fv2%2Fmedia&parent=366"}],"curies":[{"name":"wp","href":"https:\/\/api.w.org\/{rel}","templated":true}]}}