{"id":365,"date":"2015-06-01T16:22:30","date_gmt":"2015-06-01T16:22:30","guid":{"rendered":"http:\/\/spaeclipse.com.br\/?page_id=365"},"modified":"2015-06-01T22:03:49","modified_gmt":"2015-06-01T22:03:49","slug":"criolipolise-2","status":"publish","type":"page","link":"https:\/\/spaeclipse.com.br\/?page_id=365","title":{"rendered":"Criolip\u00f3lise"},"content":{"rendered":"<p><a href=\"http:\/\/spaeclipse.com.br\/wp-content\/uploads\/2015\/06\/Criolip\u00f3lise.jpg\"><img fetchpriority=\"high\" decoding=\"async\" class=\"alignright  wp-image-307\" src=\"http:\/\/spaeclipse.com.br\/wp-content\/uploads\/2015\/06\/Criolip\u00f3lise-250x81.jpg\" alt=\"Criolip\u00f3lise\" width=\"448\" height=\"145\" srcset=\"https:\/\/spaeclipse.com.br\/wp-content\/uploads\/2015\/06\/Criolip\u00f3lise-250x81.jpg 250w, https:\/\/spaeclipse.com.br\/wp-content\/uploads\/2015\/06\/Criolip\u00f3lise-800x258.jpg 800w, https:\/\/spaeclipse.com.br\/wp-content\/uploads\/2015\/06\/Criolip\u00f3lise-780x252.jpg 780w, https:\/\/spaeclipse.com.br\/wp-content\/uploads\/2015\/06\/Criolip\u00f3lise-530x171.jpg 530w, https:\/\/spaeclipse.com.br\/wp-content\/uploads\/2015\/06\/Criolip\u00f3lise-420x136.jpg 420w, https:\/\/spaeclipse.com.br\/wp-content\/uploads\/2015\/06\/Criolip\u00f3lise-960x310.jpg 960w, https:\/\/spaeclipse.com.br\/wp-content\/uploads\/2015\/06\/Criolip\u00f3lise-639x206.jpg 639w, https:\/\/spaeclipse.com.br\/wp-content\/uploads\/2015\/06\/Criolip\u00f3lise-480x155.jpg 480w, https:\/\/spaeclipse.com.br\/wp-content\/uploads\/2015\/06\/Criolip\u00f3lise-920x297.jpg 920w, https:\/\/spaeclipse.com.br\/wp-content\/uploads\/2015\/06\/Criolip\u00f3lise-640x207.jpg 640w, https:\/\/spaeclipse.com.br\/wp-content\/uploads\/2015\/06\/Criolip\u00f3lise.jpg 1000w\" sizes=\"(max-width: 448px) 100vw, 448px\" \/><\/a>O tratamento vem fazendo tanto sucesso que est\u00e1 chamado de \u201ca nova lipoaspira\u00e7\u00e3o\u201d, com a diferen\u00e7a de que diferentemente desse m\u00e9todo, a criolip\u00f3lise n\u00e3o \u00e9 um procedimento cir\u00fargico. Consiste na destrui\u00e7\u00e3o das c\u00e9lulas de gordura devido \u00e0 forma\u00e7\u00e3o de microcristais dentro dessas, com posterior ruptura e reabsor\u00e7\u00e3o dessas c\u00e9lulas por nosso organismo. O material resultante da degrada\u00e7\u00e3o dessas c\u00e9lulas \u00e9 metabolizado no f\u00edgado e eliminado na forma de fezes e urina. Desenvolvida por pesquisadores da Universidade de Harvard, nos Estados Unidos, a criolip\u00f3lise usa baixas temperaturas para acabar com a gordura localizada. O aparelho \u00e9 colocado na superf\u00edcie da pele, fazendo as c\u00e9lulas de gordura sejam congeladas a temperaturas negativas para serem destru\u00eddas. A pele \u00e9 protegida por uma pel\u00edcula protetora , por isso n\u00e3o ocorre destrui\u00e7\u00e3o das c\u00e9lulas da pele.<\/p>\n<p><strong>COMO E FEITA A CRIOLIPOLISE?<a href=\"http:\/\/spaeclipse.com.br\/wp-content\/uploads\/2015\/05\/crioliopolise.jpg\"><img decoding=\"async\" class=\"alignright size-medium wp-image-238\" src=\"http:\/\/spaeclipse.com.br\/wp-content\/uploads\/2015\/05\/crioliopolise-300x300.jpg\" alt=\"crioliopolise\" width=\"250\" height=\"250\" srcset=\"https:\/\/spaeclipse.com.br\/wp-content\/uploads\/2015\/05\/crioliopolise-300x300.jpg 300w, https:\/\/spaeclipse.com.br\/wp-content\/uploads\/2015\/05\/crioliopolise-150x150.jpg 150w, https:\/\/spaeclipse.com.br\/wp-content\/uploads\/2015\/05\/crioliopolise-795x795.jpg 795w, https:\/\/spaeclipse.com.br\/wp-content\/uploads\/2015\/05\/crioliopolise-585x585.jpg 585w, https:\/\/spaeclipse.com.br\/wp-content\/uploads\/2015\/05\/crioliopolise-397x397.jpg 397w, https:\/\/spaeclipse.com.br\/wp-content\/uploads\/2015\/05\/crioliopolise-315x315.jpg 315w, https:\/\/spaeclipse.com.br\/wp-content\/uploads\/2015\/05\/crioliopolise-720x720.jpg 720w, https:\/\/spaeclipse.com.br\/wp-content\/uploads\/2015\/05\/crioliopolise-480x480.jpg 480w, https:\/\/spaeclipse.com.br\/wp-content\/uploads\/2015\/05\/crioliopolise-360x360.jpg 360w, https:\/\/spaeclipse.com.br\/wp-content\/uploads\/2015\/05\/crioliopolise-536x536.jpg 536w, https:\/\/spaeclipse.com.br\/wp-content\/uploads\/2015\/05\/crioliopolise-245x245.jpg 245w, https:\/\/spaeclipse.com.br\/wp-content\/uploads\/2015\/05\/crioliopolise-373x373.jpg 373w, https:\/\/spaeclipse.com.br\/wp-content\/uploads\/2015\/05\/crioliopolise.jpg 960w\" sizes=\"(max-width: 250px) 100vw, 250px\" \/><\/a><\/strong><br \/>\nA criolip\u00f3lise \u00e9 feita com a ajuda de um aparelho espec\u00edfico ( aparelho que possui registro e libera\u00e7\u00e3o pela Anvisa) cujos aplicadores acoplam-se perfeitamente \u00e0s diferentes \u00e1reas do corpo. A ponteira do aparelho realiza um poderoso v\u00e1cuo que promove a suc\u00e7\u00e3o da pele e da por\u00e7\u00e3o de gordura localizada. Ao mesmo tempo, o resfriamento intenso e controlado da gordura destr\u00f3i as c\u00e9lulas de gordura. O resfriamento controlado age danificando seletivamente as c\u00e9lulas adiposas, que s\u00e3o mais sens\u00edveis ao frio, sem causar qualquer dano a nervos, m\u00fasculos e outras estruturas pr\u00f3xima. Ocorre ent\u00e3o a forma\u00e7\u00e3o de microcristais no interior das c\u00e9lulas de gorduras e essas come\u00e7am a se desintegrar. A elimina\u00e7\u00e3o das estruturas dos adip\u00f3citos destru\u00eddas com a baixa temperatura \u00e9 feita pelo sistema imune e a gordura no interior das c\u00e9lulas \u00e9 conduzida ao f\u00edgado pelo sistema linf\u00e1tico para sua metaboliza\u00e7\u00e3o. Uma vez que o sistema linf\u00e1tico leva apenas uma pequena quantidade di\u00e1ria de gordura para ser metabolizada, n\u00e3o h\u00e1 perigo de sobrecarga do f\u00edgado nesse processo.<\/p>\n<p><strong>EM QUANTO TEMPO EU VEJO O RESULTADO?<\/strong><br \/>\nNormalmente j\u00e1 \u00e9 poss\u00edvel observar a redu\u00e7\u00e3o de medidas em 30 dias, porem o resultado m\u00e1ximo ser\u00e1 com 2 meses. A pessoa continua reduzindo medidas at\u00e9 2 a 3 meses ap\u00f3s a aplica\u00e7\u00e3o ( isso depende muito de pessoa pra pessoa).<\/p>\n<p><strong>Dura\u00e7\u00e3o do procedimento:40 minutos.\u00a0 \u00e9 indicado fazer uma pr\u00f3xima sess\u00e3o depois de 30 dias<\/strong><\/p>\n","protected":false},"excerpt":{"rendered":"<p>O tratamento vem fazendo tanto sucesso que est\u00e1 chamado de \u201ca nova lipoaspira\u00e7\u00e3o\u201d, com a diferen\u00e7a de que diferentemente desse m\u00e9todo, a criolip\u00f3lise n\u00e3o \u00e9 um procedimento cir\u00fargico. Consiste na destrui\u00e7\u00e3o das c\u00e9lulas de gordura devido \u00e0 forma\u00e7\u00e3o de microcristais dentro dessas, com posterior ruptura e reabsor\u00e7\u00e3o dessas c\u00e9lulas por nosso organismo. O material resultante &hellip;<\/p>\n<p class=\"read-more\"> <a class=\"\" href=\"https:\/\/spaeclipse.com.br\/?page_id=365\"> <span class=\"screen-reader-text\">Criolip\u00f3lise<\/span> Leia mais &raquo;<\/a><\/p>\n","protected":false},"author":1,"featured_media":0,"parent":0,"menu_order":0,"comment_status":"open","ping_status":"open","template":"","meta":{"site-sidebar-layout":"default","site-content-layout":"","ast-site-content-layout":"","site-content-style":"default","site-sidebar-style":"default","ast-global-header-display":"","ast-banner-title-visibility":"","ast-main-header-display":"","ast-hfb-above-header-display":"","ast-hfb-below-header-display":"","ast-hfb-mobile-header-display":"","site-post-title":"","ast-breadcrumbs-content":"","ast-featured-img":"","footer-sml-layout":"","theme-transparent-header-meta":"","adv-header-id-meta":"","stick-header-meta":"","header-above-stick-meta":"","header-main-stick-meta":"","header-below-stick-meta":"","astra-migrate-meta-layouts":"","_joinchat":[],"footnotes":""},"class_list":["post-365","page","type-page","status-publish","hentry"],"_links":{"self":[{"href":"https:\/\/spaeclipse.com.br\/index.php?rest_route=\/wp\/v2\/pages\/365","targetHints":{"allow":["GET"]}}],"collection":[{"href":"https:\/\/spaeclipse.com.br\/index.php?rest_route=\/wp\/v2\/pages"}],"about":[{"href":"https:\/\/spaeclipse.com.br\/index.php?rest_route=\/wp\/v2\/types\/page"}],"author":[{"embeddable":true,"href":"https:\/\/spaeclipse.com.br\/index.php?rest_route=\/wp\/v2\/users\/1"}],"replies":[{"embeddable":true,"href":"https:\/\/spaeclipse.com.br\/index.php?rest_route=%2Fwp%2Fv2%2Fcomments&post=365"}],"version-history":[{"count":4,"href":"https:\/\/spaeclipse.com.br\/index.php?rest_route=\/wp\/v2\/pages\/365\/revisions"}],"predecessor-version":[{"id":459,"href":"https:\/\/spaeclipse.com.br\/index.php?rest_route=\/wp\/v2\/pages\/365\/revisions\/459"}],"wp:attachment":[{"href":"https:\/\/spaeclipse.com.br\/index.php?rest_route=%2Fwp%2Fv2%2Fmedia&parent=365"}],"curies":[{"name":"wp","href":"https:\/\/api.w.org\/{rel}","templated":true}]}}