{"id":330,"date":"2015-06-01T15:23:11","date_gmt":"2015-06-01T15:23:11","guid":{"rendered":"http:\/\/spaeclipse.com.br\/?page_id=330"},"modified":"2015-07-15T18:35:44","modified_gmt":"2015-07-15T18:35:44","slug":"preenchimento-labial-acido-hialuronico","status":"publish","type":"page","link":"https:\/\/spaeclipse.com.br\/?page_id=330","title":{"rendered":"Preenchimento LABIAL (ACIDO HIALURONICO)"},"content":{"rendered":"<p><a href=\"http:\/\/spaeclipse.com.br\/wp-content\/uploads\/2015\/06\/X-preenchimento-labial-2.jpg\"><img decoding=\"async\" class=\"alignright size-medium wp-image-661\" src=\"http:\/\/spaeclipse.com.br\/wp-content\/uploads\/2015\/06\/X-preenchimento-labial-2-250x133.jpg\" alt=\"X preenchimento-labial-2\" width=\"250\" height=\"133\" srcset=\"https:\/\/spaeclipse.com.br\/wp-content\/uploads\/2015\/06\/X-preenchimento-labial-2-250x133.jpg 250w, https:\/\/spaeclipse.com.br\/wp-content\/uploads\/2015\/06\/X-preenchimento-labial-2-420x224.jpg 420w, https:\/\/spaeclipse.com.br\/wp-content\/uploads\/2015\/06\/X-preenchimento-labial-2-480x256.jpg 480w, https:\/\/spaeclipse.com.br\/wp-content\/uploads\/2015\/06\/X-preenchimento-labial-2.jpg 502w\" sizes=\"(max-width: 250px) 100vw, 250px\" \/><\/a>Esta indicado para corrigir rugas e pregas faciais moderadas e graves, assim como \u00e9 indicado para aumentar o volume dos l\u00e1bios. \u00c9 indicado para ser injectado na derme interm\u00e9dia a profunda, subcut\u00e2nea ou supraperi\u00f3stea.<\/p>\n<p><strong>Dura\u00e7\u00e3o do resultado:9 meses a 1 ano ou 5 meses.<\/strong><\/p>\n<p><strong>Sujeito a avalia\u00e7\u00e3o do profissional.<\/strong><\/p>\n","protected":false},"excerpt":{"rendered":"<p>Esta indicado para corrigir rugas e pregas faciais moderadas e graves, assim como \u00e9 indicado para aumentar o volume dos l\u00e1bios. \u00c9 indicado para ser injectado na derme interm\u00e9dia a profunda, subcut\u00e2nea ou supraperi\u00f3stea. Dura\u00e7\u00e3o do resultado:9 meses a 1 ano ou 5 meses. Sujeito a avalia\u00e7\u00e3o do profissional.<\/p>\n","protected":false},"author":1,"featured_media":0,"parent":0,"menu_order":0,"comment_status":"open","ping_status":"open","template":"","meta":{"site-sidebar-layout":"default","site-content-layout":"","ast-site-content-layout":"","site-content-style":"default","site-sidebar-style":"default","ast-global-header-display":"","ast-banner-title-visibility":"","ast-main-header-display":"","ast-hfb-above-header-display":"","ast-hfb-below-header-display":"","ast-hfb-mobile-header-display":"","site-post-title":"","ast-breadcrumbs-content":"","ast-featured-img":"","footer-sml-layout":"","theme-transparent-header-meta":"","adv-header-id-meta":"","stick-header-meta":"","header-above-stick-meta":"","header-main-stick-meta":"","header-below-stick-meta":"","astra-migrate-meta-layouts":"","_joinchat":[],"footnotes":""},"class_list":["post-330","page","type-page","status-publish","hentry"],"_links":{"self":[{"href":"https:\/\/spaeclipse.com.br\/index.php?rest_route=\/wp\/v2\/pages\/330","targetHints":{"allow":["GET"]}}],"collection":[{"href":"https:\/\/spaeclipse.com.br\/index.php?rest_route=\/wp\/v2\/pages"}],"about":[{"href":"https:\/\/spaeclipse.com.br\/index.php?rest_route=\/wp\/v2\/types\/page"}],"author":[{"embeddable":true,"href":"https:\/\/spaeclipse.com.br\/index.php?rest_route=\/wp\/v2\/users\/1"}],"replies":[{"embeddable":true,"href":"https:\/\/spaeclipse.com.br\/index.php?rest_route=%2Fwp%2Fv2%2Fcomments&post=330"}],"version-history":[{"count":2,"href":"https:\/\/spaeclipse.com.br\/index.php?rest_route=\/wp\/v2\/pages\/330\/revisions"}],"predecessor-version":[{"id":664,"href":"https:\/\/spaeclipse.com.br\/index.php?rest_route=\/wp\/v2\/pages\/330\/revisions\/664"}],"wp:attachment":[{"href":"https:\/\/spaeclipse.com.br\/index.php?rest_route=%2Fwp%2Fv2%2Fmedia&parent=330"}],"curies":[{"name":"wp","href":"https:\/\/api.w.org\/{rel}","templated":true}]}}