{"id":328,"date":"2015-06-01T15:28:18","date_gmt":"2015-06-01T15:28:18","guid":{"rendered":"http:\/\/spaeclipse.com.br\/?page_id=328"},"modified":"2015-06-01T22:21:18","modified_gmt":"2015-06-01T22:21:18","slug":"11-peeling-profundo-com-tca","status":"publish","type":"page","link":"https:\/\/spaeclipse.com.br\/?page_id=328","title":{"rendered":"Peeling profundo com TCA"},"content":{"rendered":"<p>O \u00e1cido tricloroac\u00e9tico tornou-se o mais procurado entre os peelings de profundidade m\u00e9dia por conseguir \u00f3ptimos resultados nessa profundidade de peeling.<a href=\"http:\/\/spaeclipse.com.br\/wp-content\/uploads\/2015\/06\/Acido-Hialur\u00f4nico-2.jpg\"><img fetchpriority=\"high\" decoding=\"async\" class=\"alignright  wp-image-300\" src=\"http:\/\/spaeclipse.com.br\/wp-content\/uploads\/2015\/06\/Acido-Hialur\u00f4nico-2-250x137.jpg\" alt=\"Acido Hialur\u00f4nico 2\" width=\"564\" height=\"309\" srcset=\"https:\/\/spaeclipse.com.br\/wp-content\/uploads\/2015\/06\/Acido-Hialur\u00f4nico-2-250x137.jpg 250w, https:\/\/spaeclipse.com.br\/wp-content\/uploads\/2015\/06\/Acido-Hialur\u00f4nico-2-800x437.jpg 800w, https:\/\/spaeclipse.com.br\/wp-content\/uploads\/2015\/06\/Acido-Hialur\u00f4nico-2-780x426.jpg 780w, https:\/\/spaeclipse.com.br\/wp-content\/uploads\/2015\/06\/Acido-Hialur\u00f4nico-2-530x289.jpg 530w, https:\/\/spaeclipse.com.br\/wp-content\/uploads\/2015\/06\/Acido-Hialur\u00f4nico-2-420x229.jpg 420w, https:\/\/spaeclipse.com.br\/wp-content\/uploads\/2015\/06\/Acido-Hialur\u00f4nico-2-960x524.jpg 960w, https:\/\/spaeclipse.com.br\/wp-content\/uploads\/2015\/06\/Acido-Hialur\u00f4nico-2-639x349.jpg 639w, https:\/\/spaeclipse.com.br\/wp-content\/uploads\/2015\/06\/Acido-Hialur\u00f4nico-2-480x262.jpg 480w, https:\/\/spaeclipse.com.br\/wp-content\/uploads\/2015\/06\/Acido-Hialur\u00f4nico-2-920x502.jpg 920w, https:\/\/spaeclipse.com.br\/wp-content\/uploads\/2015\/06\/Acido-Hialur\u00f4nico-2-640x349.jpg 640w, https:\/\/spaeclipse.com.br\/wp-content\/uploads\/2015\/06\/Acido-Hialur\u00f4nico-2.jpg 1000w\" sizes=\"(max-width: 564px) 100vw, 564px\" \/><\/a><\/p>\n<p>A penetra\u00e7\u00e3o do \u00e1cido Tricloroac\u00e9tico nos tecidos da pele humana \u00e9 considerada m\u00e9dia quando na concentra\u00e7\u00e3o de 20-35%, por\u00e9m, o peeling de \u00e1cido Tricloroac\u00e9tico tem resultados muito bons em se tratando de imperfei\u00e7\u00f5es mais subtis e superficiais, como rugas finas e poros dilatados.<\/p>\n<p><strong>Caracter\u00edsticas do Peeling de \u00c1cido Tricloroac\u00e9tico<\/strong><\/p>\n<ul>\n<li>o peeling de \u00e1cido tricloroac\u00e9tico \u00e9 m\u00e9dio, pois ultrapassa a epiderme e chega at\u00e9 a derme superficial;<\/li>\n<li>pode ser aplicado na face e no dorso (regi\u00e3o superior) das m\u00e3os;<\/li>\n<li>o procedimento do peeling de \u00e1cido tricloroac\u00e9tico \u00e9 feito no consult\u00f3rio;<\/li>\n<li>sua profundidade pode ser controlada pela concentra\u00e7\u00e3o do \u00e1cido usado;<\/li>\n<li>rejuvenesce a pele da face de 3 a 5 anos;<\/li>\n<li>remove rugas finas, mas n\u00e3o remove rugas profundas;<\/li>\n<li>remove manchas superficiais, mas n\u00e3o remove manchas profundas;<\/li>\n<li>remove cicatrizes leves decorrentes da acne, mas n\u00e3o remove as profundas;<\/li>\n<li>remove a maioria das sardas (ef\u00e9lides) e das manchas de sol (queratoses act\u00ednicas);<\/li>\n<li>ameniza as olheiras;<\/li>\n<li>desobstrui poros e fecha os poros dilatados;<\/li>\n<li>logo ap\u00f3s o procedimento, a face fica avermelhada;<\/li>\n<li>n\u00e3o \u00e9 doloroso da forma que fazemos;<\/li>\n<li>deve-se manter a protec\u00e7\u00e3o contra o sol com filtro solar at\u00e9 seis meses ap\u00f3s a \u00faltima sess\u00e3o feita.<\/li>\n<\/ul>\n<p><strong>Para quem \u00e9 indicado o\u00a0<em>Peeling de \u00c1cido Tricloroac\u00e9tico<\/em>?<\/strong><\/p>\n<p>Atualmente, a principal indica\u00e7\u00e3o do peeling de \u00c1cido Tricloroac\u00e9tico \u00e9 para o tratamento facial de uma pele com rugas finas e manchas subtis, em que a paciente n\u00e3o tenha necessidade de um tratamento mais severo e profundo como \u00e9, por exemplo, com o peeling de fenol. Nos casos de subtil rejuvenescimento facial, leves imperfei\u00e7\u00f5es como rugas finas, manchas superficiais, hiperpigmenta\u00e7\u00e3o p\u00f3s-inflamat\u00f3ria (acne, entre outras), poros dilatados, olheiras, pele opaca e sem vida ou para quem deseja um resultado razo\u00e1vel, sem querer ir ao centro cir\u00fargico, o peeling de ATA seria o mais indicado. Pode ser usado tanto em peles claras quanto em peles morenas.<\/p>\n<p><strong>Contra-indica\u00e7\u00f5es do Peeling de \u00c1cido Tricloroac\u00e9tico<\/strong><\/p>\n<p>O peeling de \u00e1cido tricloroac\u00e9tico \u00e9 contra-indicado principalmente para peles com tend\u00eancia a quel\u00f3ide e pacientes que usaram isotretino\u00edna nos \u00faltimos doze meses. N\u00e3o \u00e9 recomendado tamb\u00e9m quando a pele tratada esteja passando por qualquer processo inflamat\u00f3rio, tenha infec\u00e7\u00e3o herp\u00e9tica recidivaste (repetida), sobre peles tatuadas ou quando o paciente esteja com vida activa ao sol.<\/p>\n<p><strong>Vantagens do Peeling de \u00c1cido Tricloroac\u00e9tico<\/strong><\/p>\n<p>O peeling de ATA difere de outras subst\u00e2ncias para peelings por que:<\/p>\n<ul>\n<li>n\u00e3o apresenta toxidade sist\u00e9mica conhecida;<\/li>\n<li>n\u00e3o apresenta relatos de reac\u00e7\u00e3o al\u00e9rgica grave;<\/li>\n<li>n\u00e3o requer neutraliza\u00e7\u00e3o antes do seu uso;<\/li>\n<li>pode ser usado associado a outras subst\u00e2ncias;<\/li>\n<li>n\u00e3o exige que sua aplica\u00e7\u00e3o seja feita em centro cir\u00fargico;<\/li>\n<li>pode ser usado como tratamento em peles morenas;<\/li>\n<li>n\u00e3o requer muito tempo para recupera\u00e7\u00e3o, como em peelings profundos;<\/li>\n<li>sua aplica\u00e7\u00e3o \u00e9 r\u00e1pida;<\/li>\n<li>tem boa estabilidade.<\/li>\n<\/ul>\n<p><strong>Cuidados especiais ap\u00f3s feito o Peeling de \u00c1cido Tricloroac\u00e9tico<\/strong><\/p>\n<ul>\n<li><strong>Cuidados imediatos:\u00a0<\/strong>logo ap\u00f3s feito o peeling, a pele dever\u00e1 ser bem hidratada por um per\u00edodo m\u00ednimo de 8 dias;<\/li>\n<li><strong>Para limpeza da pele:<\/strong>lavar o rosto somente com \u00e1gua e sab\u00e3o neutro ou glicerinado por um per\u00edodo de duas semanas (14 dias);<\/li>\n<li><strong>Protec\u00e7\u00e3o contra o sol:\u00a0<\/strong>a fotoprotec\u00e7\u00e3o tamb\u00e9m \u00e9 imprescind\u00edvel para obter o resultado pretendido e deve ser imediata ap\u00f3s feito o peeling. O ideal \u00e9 o uso de um<strong>bloqueador solar\u00a0<\/strong>de fator 30 (m\u00ednimo) que tenha, preferencialmente, em sua f\u00f3rmula o<strong>\u00d3xido de Zinco\u00a0<\/strong>e<strong>Di\u00f3xido de tit\u00e2nio<\/strong>.<\/li>\n<\/ul>\n<p><strong>Qual \u00e9 a melhor \u00e9poca do ano para se realizar o\u00a0<em>Peeling de \u00c1cido Tricloroac\u00e9tico<\/em>?<\/strong><br \/>\nO peeling de \u00c1cido Tricloroac\u00e9tico pode ser realizado em qualquer \u00e9poca do ano desde que sempre se tenha em mente os cuidados p\u00f3s-peeling e de prote\u00e7\u00e3o contra o sol.<\/p>\n<p><strong>Per\u00edodo do procedimento: <\/strong><\/p>\n<p><strong>avalia\u00e7\u00e3o do profissional<\/strong><\/p>\n","protected":false},"excerpt":{"rendered":"<p>O \u00e1cido tricloroac\u00e9tico tornou-se o mais procurado entre os peelings de profundidade m\u00e9dia por conseguir \u00f3ptimos resultados nessa profundidade de peeling. A penetra\u00e7\u00e3o do \u00e1cido Tricloroac\u00e9tico nos tecidos da pele humana \u00e9 considerada m\u00e9dia quando na concentra\u00e7\u00e3o de 20-35%, por\u00e9m, o peeling de \u00e1cido Tricloroac\u00e9tico tem resultados muito bons em se tratando de imperfei\u00e7\u00f5es mais &hellip;<\/p>\n<p class=\"read-more\"> <a class=\"\" href=\"https:\/\/spaeclipse.com.br\/?page_id=328\"> <span class=\"screen-reader-text\">Peeling profundo com TCA<\/span> Leia mais &raquo;<\/a><\/p>\n","protected":false},"author":1,"featured_media":0,"parent":0,"menu_order":0,"comment_status":"open","ping_status":"open","template":"","meta":{"site-sidebar-layout":"default","site-content-layout":"","ast-site-content-layout":"","site-content-style":"default","site-sidebar-style":"default","ast-global-header-display":"","ast-banner-title-visibility":"","ast-main-header-display":"","ast-hfb-above-header-display":"","ast-hfb-below-header-display":"","ast-hfb-mobile-header-display":"","site-post-title":"","ast-breadcrumbs-content":"","ast-featured-img":"","footer-sml-layout":"","theme-transparent-header-meta":"","adv-header-id-meta":"","stick-header-meta":"","header-above-stick-meta":"","header-main-stick-meta":"","header-below-stick-meta":"","astra-migrate-meta-layouts":"","_joinchat":[],"footnotes":""},"class_list":["post-328","page","type-page","status-publish","hentry"],"_links":{"self":[{"href":"https:\/\/spaeclipse.com.br\/index.php?rest_route=\/wp\/v2\/pages\/328","targetHints":{"allow":["GET"]}}],"collection":[{"href":"https:\/\/spaeclipse.com.br\/index.php?rest_route=\/wp\/v2\/pages"}],"about":[{"href":"https:\/\/spaeclipse.com.br\/index.php?rest_route=\/wp\/v2\/types\/page"}],"author":[{"embeddable":true,"href":"https:\/\/spaeclipse.com.br\/index.php?rest_route=\/wp\/v2\/users\/1"}],"replies":[{"embeddable":true,"href":"https:\/\/spaeclipse.com.br\/index.php?rest_route=%2Fwp%2Fv2%2Fcomments&post=328"}],"version-history":[{"count":5,"href":"https:\/\/spaeclipse.com.br\/index.php?rest_route=\/wp\/v2\/pages\/328\/revisions"}],"predecessor-version":[{"id":464,"href":"https:\/\/spaeclipse.com.br\/index.php?rest_route=\/wp\/v2\/pages\/328\/revisions\/464"}],"wp:attachment":[{"href":"https:\/\/spaeclipse.com.br\/index.php?rest_route=%2Fwp%2Fv2%2Fmedia&parent=328"}],"curies":[{"name":"wp","href":"https:\/\/api.w.org\/{rel}","templated":true}]}}