{"id":327,"date":"2015-06-01T15:19:00","date_gmt":"2015-06-01T15:19:00","guid":{"rendered":"http:\/\/spaeclipse.com.br\/?page_id=327"},"modified":"2023-06-19T01:40:57","modified_gmt":"2023-06-19T01:40:57","slug":"peeling-de-diamante","status":"publish","type":"page","link":"https:\/\/spaeclipse.com.br\/?page_id=327","title":{"rendered":"Peeling de diamante"},"content":{"rendered":"<p><span style=\"font-family: 'Arial','sans-serif';\">O\u00a0<a href=\"http:\/\/www.minhavida.com.br\/beleza\/tudo-sobre\/17039-peeling-de-diamante-tratamento-estetico-ameniza-rugas-manchas-e-estrias\" target=\"_blank\" rel=\"noopener\"><span style=\"font-family: 'Times New Roman','serif'; color: windowtext; text-decoration: none; text-underline: none;\">peeling de diamante<\/span><\/a><\/span>\u00a0<span style=\"font-family: 'Arial','sans-serif';\">\u00e9 um peeling f\u00edsico, ou seja, utiliza um equipamento pr\u00f3prio para esse fim para promover uma microesfolia\u00e7\u00e3o da pele. Entre os principais objetivos do procedimento est\u00e3o a remo\u00e7\u00e3o das c\u00e9lulas mortas que ficam na camada mais superficial da pele e a estimula\u00e7\u00e3o \u00e0 produ\u00e7\u00e3o de\u00a0<\/span><a href=\"http:\/\/www.minhavida.com.br\/temas\/col%C3%A1geno\" target=\"_blank\" rel=\"noopener\"><span style=\"color: windowtext; text-decoration: none; text-underline: none;\">col\u00e1geno<\/span><\/a><span style=\"font-family: 'Arial','sans-serif';\">.<\/span><\/p>\n<p><span style=\"font-family: 'Arial','sans-serif';\">Este procedimento est\u00e9tico est\u00e1 indicado para tratar\u00a0<\/span><a href=\"http:\/\/www.minhavida.com.br\/temas\/manchas\" target=\"_blank\" rel=\"noopener\"><span style=\"color: windowtext; text-decoration: none; text-underline: none;\">manchas<\/span><\/a>\u00a0<span style=\"font-family: 'Arial','sans-serif';\">superficiais &#8211; as chamadas melanoses, que est\u00e3o localizadas na epiderme, camada superficial da pele. O peeling de diamante promove a esfolia\u00e7\u00e3o da epiderme, promovendo a elimina\u00e7\u00e3o das melanoses. Tamb\u00e9m pode haver melhora nas cicatrizes de acne, mas como nesse caso as les\u00f5es s\u00e3o mais profundas, a melhora \u00e9 mais discreta &#8211; ela acontece em fun\u00e7\u00e3o da esfolia\u00e7\u00e3o da pele e est\u00edmulo \u00e0 renova\u00e7\u00e3o das c\u00e9lulas da camada superficial, mas n\u00e3o age profundamente, onde come\u00e7am essas les\u00f5es. Da mesma forma,\u00a0<\/span><a href=\"http:\/\/www.minhavida.com.br\/saude\/temas\/rugas\" target=\"_blank\" rel=\"noopener\"><span style=\"color: windowtext; text-decoration: none; text-underline: none;\">rugas<\/span><\/a><span style=\"font-family: 'Arial','sans-serif';\">\u00a0finas s\u00e3o marcas mais profundas e por isso t\u00eam um benef\u00edcio discreto, ele ocorre principalmente\u00a0quando, junto ao peeling de diamante, \u00e9 feito uso de cosm\u00e9ticos que agem suavizando as linhas de express\u00e3o. Poros muito abertos, quando submetidos \u00e0 esfolia\u00e7\u00e3o do peeling de diamante, tamb\u00e9m diminuem. Isso acontece por que os poros tem formato de cone, portanto quanto mais pele \u00e9 removida, mais estreitos eles ficar\u00e3o. Segundo o dermatologista Jardis Volpe, membro da Sociedade Brasileira de Dermatologia, o peeling de diamante pode tamb\u00e9m ser usado para melhorar o aspecto das\u00a0<\/span><a href=\"http:\/\/www.minhavida.com.br\/saude\/temas\/estrias\" target=\"_blank\" rel=\"noopener\"><span style=\"color: windowtext; text-decoration: none; text-underline: none;\">estrias<\/span><\/a><span style=\"font-family: 'Arial','sans-serif';\">, principalmente as avermelhadas, mais recentes. O benef\u00edcio\u00a0acontece devido ao estimula de c\u00e9lulas novas, que promover\u00e3o uma cicatriza\u00e7\u00e3o mais discreta na regi\u00e3o.<\/span><\/p>\n<p><strong><span style=\"font-family: 'Arial','sans-serif';\"><a href=\"http:\/\/spaeclipse.com.br\/wp-content\/uploads\/2015\/06\/X-peeling-diamante.jpg\"><img fetchpriority=\"high\" decoding=\"async\" class=\"  wp-image-658 alignleft\" src=\"http:\/\/spaeclipse.com.br\/wp-content\/uploads\/2015\/06\/X-peeling-diamante-250x167.jpg\" alt=\"X peeling-diamante\" width=\"430\" height=\"287\" srcset=\"https:\/\/spaeclipse.com.br\/wp-content\/uploads\/2015\/06\/X-peeling-diamante-250x167.jpg 250w, https:\/\/spaeclipse.com.br\/wp-content\/uploads\/2015\/06\/X-peeling-diamante-800x534.jpg 800w, https:\/\/spaeclipse.com.br\/wp-content\/uploads\/2015\/06\/X-peeling-diamante-780x520.jpg 780w, https:\/\/spaeclipse.com.br\/wp-content\/uploads\/2015\/06\/X-peeling-diamante-530x354.jpg 530w, https:\/\/spaeclipse.com.br\/wp-content\/uploads\/2015\/06\/X-peeling-diamante-420x280.jpg 420w, https:\/\/spaeclipse.com.br\/wp-content\/uploads\/2015\/06\/X-peeling-diamante-960x640.jpg 960w, https:\/\/spaeclipse.com.br\/wp-content\/uploads\/2015\/06\/X-peeling-diamante-639x426.jpg 639w, https:\/\/spaeclipse.com.br\/wp-content\/uploads\/2015\/06\/X-peeling-diamante-480x320.jpg 480w, https:\/\/spaeclipse.com.br\/wp-content\/uploads\/2015\/06\/X-peeling-diamante-804x536.jpg 804w, https:\/\/spaeclipse.com.br\/wp-content\/uploads\/2015\/06\/X-peeling-diamante-367x245.jpg 367w, https:\/\/spaeclipse.com.br\/wp-content\/uploads\/2015\/06\/X-peeling-diamante-559x373.jpg 559w, https:\/\/spaeclipse.com.br\/wp-content\/uploads\/2015\/06\/X-peeling-diamante.jpg 1024w\" sizes=\"(max-width: 430px) 100vw, 430px\" \/><\/a>Per\u00edodo do procedimento: mensalmente<\/span><\/strong><\/p>\n","protected":false},"excerpt":{"rendered":"<p>O\u00a0peeling de diamante\u00a0\u00e9 um peeling f\u00edsico, ou seja, utiliza um equipamento pr\u00f3prio para esse fim para promover uma microesfolia\u00e7\u00e3o da pele. Entre os principais objetivos do procedimento est\u00e3o a remo\u00e7\u00e3o das c\u00e9lulas mortas que ficam na camada mais superficial da pele e a estimula\u00e7\u00e3o \u00e0 produ\u00e7\u00e3o de\u00a0col\u00e1geno. Este procedimento est\u00e9tico est\u00e1 indicado para tratar\u00a0manchas\u00a0superficiais &#8211; &hellip;<\/p>\n<p class=\"read-more\"> <a class=\"\" href=\"https:\/\/spaeclipse.com.br\/?page_id=327\"> <span class=\"screen-reader-text\">Peeling de diamante<\/span> Leia mais &raquo;<\/a><\/p>\n","protected":false},"author":1,"featured_media":0,"parent":0,"menu_order":0,"comment_status":"closed","ping_status":"closed","template":"","meta":{"site-sidebar-layout":"default","site-content-layout":"default","ast-site-content-layout":"","site-content-style":"default","site-sidebar-style":"default","ast-global-header-display":"","ast-banner-title-visibility":"","ast-main-header-display":"","ast-hfb-above-header-display":"","ast-hfb-below-header-display":"","ast-hfb-mobile-header-display":"","site-post-title":"","ast-breadcrumbs-content":"","ast-featured-img":"","footer-sml-layout":"","theme-transparent-header-meta":"default","adv-header-id-meta":"","stick-header-meta":"default","header-above-stick-meta":"","header-main-stick-meta":"","header-below-stick-meta":"","astra-migrate-meta-layouts":"","_joinchat":[],"footnotes":""},"class_list":["post-327","page","type-page","status-publish","hentry"],"_links":{"self":[{"href":"https:\/\/spaeclipse.com.br\/index.php?rest_route=\/wp\/v2\/pages\/327","targetHints":{"allow":["GET"]}}],"collection":[{"href":"https:\/\/spaeclipse.com.br\/index.php?rest_route=\/wp\/v2\/pages"}],"about":[{"href":"https:\/\/spaeclipse.com.br\/index.php?rest_route=\/wp\/v2\/types\/page"}],"author":[{"embeddable":true,"href":"https:\/\/spaeclipse.com.br\/index.php?rest_route=\/wp\/v2\/users\/1"}],"replies":[{"embeddable":true,"href":"https:\/\/spaeclipse.com.br\/index.php?rest_route=%2Fwp%2Fv2%2Fcomments&post=327"}],"version-history":[{"count":4,"href":"https:\/\/spaeclipse.com.br\/index.php?rest_route=\/wp\/v2\/pages\/327\/revisions"}],"predecessor-version":[{"id":1837,"href":"https:\/\/spaeclipse.com.br\/index.php?rest_route=\/wp\/v2\/pages\/327\/revisions\/1837"}],"wp:attachment":[{"href":"https:\/\/spaeclipse.com.br\/index.php?rest_route=%2Fwp%2Fv2%2Fmedia&parent=327"}],"curies":[{"name":"wp","href":"https:\/\/api.w.org\/{rel}","templated":true}]}}