{"id":326,"date":"2015-06-01T15:17:50","date_gmt":"2015-06-01T15:17:50","guid":{"rendered":"http:\/\/spaeclipse.com.br\/?page_id=326"},"modified":"2023-06-19T01:42:04","modified_gmt":"2023-06-19T01:42:04","slug":"peeling-acido-salicilico","status":"publish","type":"page","link":"https:\/\/spaeclipse.com.br\/?page_id=326","title":{"rendered":"Peeling \u00c1cido Salic\u00edlico"},"content":{"rendered":"<p>O peeling \u00e1cido salic\u00edlico \u00e9 utilizado em solu\u00e7\u00e3o alco\u00f3lica a 35% por cerca de 5 minutos, seguida de neutraliza\u00e7\u00e3o com \u00e1gua, e \u00e9 indicado para clareamento da pele, atenua\u00e7\u00e3o de rugas e tratamento de comich\u00f5es. A descama\u00e7\u00e3o se inicia entre o 4\u00ba e 5\u00ba dias, prolongando-se por cerca de 10 dias, com eritema e edema m\u00ednimos, podendo ser repetidos entre 2 a 4 semanas.<\/p>\n<p><strong><a href=\"http:\/\/spaeclipse.com.br\/wp-content\/uploads\/2015\/06\/X-peeling-acido-salicilico-2.jpg\"><img fetchpriority=\"high\" decoding=\"async\" class=\" wp-image-652 alignleft\" src=\"http:\/\/spaeclipse.com.br\/wp-content\/uploads\/2015\/06\/X-peeling-acido-salicilico-2-250x104.jpg\" alt=\"X peeling-acido-salicilico 2\" width=\"450\" height=\"187\" srcset=\"https:\/\/spaeclipse.com.br\/wp-content\/uploads\/2015\/06\/X-peeling-acido-salicilico-2-250x104.jpg 250w, https:\/\/spaeclipse.com.br\/wp-content\/uploads\/2015\/06\/X-peeling-acido-salicilico-2-530x220.jpg 530w, https:\/\/spaeclipse.com.br\/wp-content\/uploads\/2015\/06\/X-peeling-acido-salicilico-2-420x174.jpg 420w, https:\/\/spaeclipse.com.br\/wp-content\/uploads\/2015\/06\/X-peeling-acido-salicilico-2-639x265.jpg 639w, https:\/\/spaeclipse.com.br\/wp-content\/uploads\/2015\/06\/X-peeling-acido-salicilico-2-480x199.jpg 480w, https:\/\/spaeclipse.com.br\/wp-content\/uploads\/2015\/06\/X-peeling-acido-salicilico-2-640x265.jpg 640w, https:\/\/spaeclipse.com.br\/wp-content\/uploads\/2015\/06\/X-peeling-acido-salicilico-2.jpg 770w\" sizes=\"(max-width: 450px) 100vw, 450px\" \/><\/a>Per\u00edodo do procedimento: 15 em 15 dias<\/strong><\/p>\n","protected":false},"excerpt":{"rendered":"<p>O peeling \u00e1cido salic\u00edlico \u00e9 utilizado em solu\u00e7\u00e3o alco\u00f3lica a 35% por cerca de 5 minutos, seguida de neutraliza\u00e7\u00e3o com \u00e1gua, e \u00e9 indicado para clareamento da pele, atenua\u00e7\u00e3o de rugas e tratamento de comich\u00f5es. A descama\u00e7\u00e3o se inicia entre o 4\u00ba e 5\u00ba dias, prolongando-se por cerca de 10 dias, com eritema e edema &hellip;<\/p>\n<p class=\"read-more\"> <a class=\"\" href=\"https:\/\/spaeclipse.com.br\/?page_id=326\"> <span class=\"screen-reader-text\">Peeling \u00c1cido Salic\u00edlico<\/span> Leia mais &raquo;<\/a><\/p>\n","protected":false},"author":1,"featured_media":0,"parent":0,"menu_order":0,"comment_status":"closed","ping_status":"closed","template":"","meta":{"site-sidebar-layout":"default","site-content-layout":"default","ast-site-content-layout":"","site-content-style":"default","site-sidebar-style":"default","ast-global-header-display":"","ast-banner-title-visibility":"","ast-main-header-display":"","ast-hfb-above-header-display":"","ast-hfb-below-header-display":"","ast-hfb-mobile-header-display":"","site-post-title":"","ast-breadcrumbs-content":"","ast-featured-img":"","footer-sml-layout":"","theme-transparent-header-meta":"default","adv-header-id-meta":"","stick-header-meta":"default","header-above-stick-meta":"","header-main-stick-meta":"","header-below-stick-meta":"","astra-migrate-meta-layouts":"","_joinchat":[],"footnotes":""},"class_list":["post-326","page","type-page","status-publish","hentry"],"_links":{"self":[{"href":"https:\/\/spaeclipse.com.br\/index.php?rest_route=\/wp\/v2\/pages\/326","targetHints":{"allow":["GET"]}}],"collection":[{"href":"https:\/\/spaeclipse.com.br\/index.php?rest_route=\/wp\/v2\/pages"}],"about":[{"href":"https:\/\/spaeclipse.com.br\/index.php?rest_route=\/wp\/v2\/types\/page"}],"author":[{"embeddable":true,"href":"https:\/\/spaeclipse.com.br\/index.php?rest_route=\/wp\/v2\/users\/1"}],"replies":[{"embeddable":true,"href":"https:\/\/spaeclipse.com.br\/index.php?rest_route=%2Fwp%2Fv2%2Fcomments&post=326"}],"version-history":[{"count":4,"href":"https:\/\/spaeclipse.com.br\/index.php?rest_route=\/wp\/v2\/pages\/326\/revisions"}],"predecessor-version":[{"id":1838,"href":"https:\/\/spaeclipse.com.br\/index.php?rest_route=\/wp\/v2\/pages\/326\/revisions\/1838"}],"wp:attachment":[{"href":"https:\/\/spaeclipse.com.br\/index.php?rest_route=%2Fwp%2Fv2%2Fmedia&parent=326"}],"curies":[{"name":"wp","href":"https:\/\/api.w.org\/{rel}","templated":true}]}}