{"id":321,"date":"2015-06-01T15:13:40","date_gmt":"2015-06-01T15:13:40","guid":{"rendered":"http:\/\/spaeclipse.com.br\/?page_id=321"},"modified":"2015-07-15T18:35:45","modified_gmt":"2015-07-15T18:35:45","slug":"peeling-ultrasonico","status":"publish","type":"page","link":"https:\/\/spaeclipse.com.br\/?page_id=321","title":{"rendered":"Peeling Ultras\u00f4nico"},"content":{"rendered":"<p><a href=\"http:\/\/spaeclipse.com.br\/wp-content\/uploads\/2015\/06\/X-peeling-ultrassonico.jpg\"><img fetchpriority=\"high\" decoding=\"async\" class=\"alignright size-medium wp-image-660\" src=\"http:\/\/spaeclipse.com.br\/wp-content\/uploads\/2015\/06\/X-peeling-ultrassonico-250x202.jpg\" alt=\"X peeling-ultrassonico\" width=\"250\" height=\"202\" srcset=\"https:\/\/spaeclipse.com.br\/wp-content\/uploads\/2015\/06\/X-peeling-ultrassonico-250x202.jpg 250w, https:\/\/spaeclipse.com.br\/wp-content\/uploads\/2015\/06\/X-peeling-ultrassonico-492x397.jpg 492w, https:\/\/spaeclipse.com.br\/wp-content\/uploads\/2015\/06\/X-peeling-ultrassonico-391x315.jpg 391w, https:\/\/spaeclipse.com.br\/wp-content\/uploads\/2015\/06\/X-peeling-ultrassonico-595x480.jpg 595w, https:\/\/spaeclipse.com.br\/wp-content\/uploads\/2015\/06\/X-peeling-ultrassonico-447x360.jpg 447w, https:\/\/spaeclipse.com.br\/wp-content\/uploads\/2015\/06\/X-peeling-ultrassonico-304x245.jpg 304w, https:\/\/spaeclipse.com.br\/wp-content\/uploads\/2015\/06\/X-peeling-ultrassonico-463x373.jpg 463w, https:\/\/spaeclipse.com.br\/wp-content\/uploads\/2015\/06\/X-peeling-ultrassonico.jpg 640w\" sizes=\"(max-width: 250px) 100vw, 250px\" \/><\/a>\u00c9 um tratamento que visa promover a renova\u00e7\u00e3o celular da pele atrav\u00e9s da micro abras\u00e3o e retirada das camadas mais superficiais da pele.Existem diversos tipos de peeling, cada um adequado a um tipo de problema. O Peeling ultrass\u00f4nico por exemplo \u00e9 um dos novos tipos de peeling, e est\u00e1 revolucionando os tratamentos cosm\u00e9ticos.<br \/>\nA aplica\u00e7\u00e3o do peeling se d\u00e1 por meio de uma corrente ultrass\u00f4nica, que ao entrar em contato com a pele promove uma limpeza profunda e elimina as c\u00e9lulas mortas, o que promove a renova\u00e7\u00e3o celular e tamb\u00e9m a produ\u00e7\u00e3o de elastina e col\u00e1geno.<\/p>\n<p>A t\u00e9cnica \u00e9 indolor e n\u00e3o agride tanto a pele tanto quanto outras t\u00e9cnicas. Devido a isto a pele reage melhor ao tratamento, e potencializa a a\u00e7\u00e3o de produtos nutritivos e hidratantes.<\/p>\n<p>O peeling ultrass\u00f4nico age em etapas: primeiro realiza uma higieniza\u00e7\u00e3o profunda, e depois hidrata a pele. Em seguida vem a tonifica\u00e7\u00e3o e a finaliza\u00e7\u00e3o do procedimento, em que o profissional aplica uma m\u00e1scara para promover o relaxamento muscular.<\/p>\n<p>O resultado \u00e9 uma pele revitalizada e renovada, com apar\u00eancia uniforme e com menos manchas e cicatrizes de acne.<\/p>\n<p style=\"margin: 0cm; margin-bottom: .0001pt; line-height: 18.4pt; background: white;\"><strong><span style=\"font-family: 'Arial','sans-serif'; color: #363636;\">Per\u00edodo do procedimento: mensalmente<\/span><\/strong><\/p>\n","protected":false},"excerpt":{"rendered":"<p>\u00c9 um tratamento que visa promover a renova\u00e7\u00e3o celular da pele atrav\u00e9s da micro abras\u00e3o e retirada das camadas mais superficiais da pele.Existem diversos tipos de peeling, cada um adequado a um tipo de problema. O Peeling ultrass\u00f4nico por exemplo \u00e9 um dos novos tipos de peeling, e est\u00e1 revolucionando os tratamentos cosm\u00e9ticos. A aplica\u00e7\u00e3o &hellip;<\/p>\n<p class=\"read-more\"> <a class=\"\" href=\"https:\/\/spaeclipse.com.br\/?page_id=321\"> <span class=\"screen-reader-text\">Peeling Ultras\u00f4nico<\/span> Leia mais &raquo;<\/a><\/p>\n","protected":false},"author":1,"featured_media":0,"parent":0,"menu_order":0,"comment_status":"open","ping_status":"open","template":"","meta":{"site-sidebar-layout":"default","site-content-layout":"","ast-site-content-layout":"","site-content-style":"default","site-sidebar-style":"default","ast-global-header-display":"","ast-banner-title-visibility":"","ast-main-header-display":"","ast-hfb-above-header-display":"","ast-hfb-below-header-display":"","ast-hfb-mobile-header-display":"","site-post-title":"","ast-breadcrumbs-content":"","ast-featured-img":"","footer-sml-layout":"","theme-transparent-header-meta":"","adv-header-id-meta":"","stick-header-meta":"","header-above-stick-meta":"","header-main-stick-meta":"","header-below-stick-meta":"","astra-migrate-meta-layouts":"","_joinchat":[],"footnotes":""},"class_list":["post-321","page","type-page","status-publish","hentry"],"_links":{"self":[{"href":"https:\/\/spaeclipse.com.br\/index.php?rest_route=\/wp\/v2\/pages\/321","targetHints":{"allow":["GET"]}}],"collection":[{"href":"https:\/\/spaeclipse.com.br\/index.php?rest_route=\/wp\/v2\/pages"}],"about":[{"href":"https:\/\/spaeclipse.com.br\/index.php?rest_route=\/wp\/v2\/types\/page"}],"author":[{"embeddable":true,"href":"https:\/\/spaeclipse.com.br\/index.php?rest_route=\/wp\/v2\/users\/1"}],"replies":[{"embeddable":true,"href":"https:\/\/spaeclipse.com.br\/index.php?rest_route=%2Fwp%2Fv2%2Fcomments&post=321"}],"version-history":[{"count":3,"href":"https:\/\/spaeclipse.com.br\/index.php?rest_route=\/wp\/v2\/pages\/321\/revisions"}],"predecessor-version":[{"id":667,"href":"https:\/\/spaeclipse.com.br\/index.php?rest_route=\/wp\/v2\/pages\/321\/revisions\/667"}],"wp:attachment":[{"href":"https:\/\/spaeclipse.com.br\/index.php?rest_route=%2Fwp%2Fv2%2Fmedia&parent=321"}],"curies":[{"name":"wp","href":"https:\/\/api.w.org\/{rel}","templated":true}]}}