{"id":317,"date":"2015-06-01T15:09:25","date_gmt":"2015-06-01T15:09:25","guid":{"rendered":"http:\/\/spaeclipse.com.br\/?page_id=317"},"modified":"2015-06-01T15:09:44","modified_gmt":"2015-06-01T15:09:44","slug":"lifting-facial-com-co2-tecnica-de-desloc-compartimental","status":"publish","type":"page","link":"https:\/\/spaeclipse.com.br\/?page_id=317","title":{"rendered":"Lifting Facial com CO2 (T\u00e9cnica de Desloc. Compartimental)"},"content":{"rendered":"<p>Consiste numa t\u00e9cnica onde faz-se a inje\u00e7\u00e3o do g\u00e1s carb\u00f4nico medicinal nos tecidos profundos da face e pesco\u00e7o de maneira quase indolor. Obt\u00e9m-se um levantamento da face e colo (lifting) sem a necessidade de um procedimento cir\u00fargico.\u00a0 Promove-se uma imediata oxigena\u00e7\u00e3o dos locais tratados, induzindo a forma\u00e7\u00e3o de col\u00e1geno.O resultado j\u00e1 pode ser visto na primeira sess\u00e3o.\u00a0 Podem ser associadas t\u00e9cnicas complementares.<\/p>\n<p>Per\u00edodo do procedimento: no inicio semanalmente, ao recorrer do tratamento, dar intervalos maiores<\/p>\n","protected":false},"excerpt":{"rendered":"<p>Consiste numa t\u00e9cnica onde faz-se a inje\u00e7\u00e3o do g\u00e1s carb\u00f4nico medicinal nos tecidos profundos da face e pesco\u00e7o de maneira quase indolor. Obt\u00e9m-se um levantamento da face e colo (lifting) sem a necessidade de um procedimento cir\u00fargico.\u00a0 Promove-se uma imediata oxigena\u00e7\u00e3o dos locais tratados, induzindo a forma\u00e7\u00e3o de col\u00e1geno.O resultado j\u00e1 pode ser visto na &hellip;<\/p>\n<p class=\"read-more\"> <a class=\"\" href=\"https:\/\/spaeclipse.com.br\/?page_id=317\"> <span class=\"screen-reader-text\">Lifting Facial com CO2 (T\u00e9cnica de Desloc. Compartimental)<\/span> Leia mais &raquo;<\/a><\/p>\n","protected":false},"author":1,"featured_media":0,"parent":0,"menu_order":0,"comment_status":"open","ping_status":"open","template":"","meta":{"site-sidebar-layout":"default","site-content-layout":"","ast-site-content-layout":"","site-content-style":"default","site-sidebar-style":"default","ast-global-header-display":"","ast-banner-title-visibility":"","ast-main-header-display":"","ast-hfb-above-header-display":"","ast-hfb-below-header-display":"","ast-hfb-mobile-header-display":"","site-post-title":"","ast-breadcrumbs-content":"","ast-featured-img":"","footer-sml-layout":"","theme-transparent-header-meta":"","adv-header-id-meta":"","stick-header-meta":"","header-above-stick-meta":"","header-main-stick-meta":"","header-below-stick-meta":"","astra-migrate-meta-layouts":"","_joinchat":[],"footnotes":""},"class_list":["post-317","page","type-page","status-publish","hentry"],"_links":{"self":[{"href":"https:\/\/spaeclipse.com.br\/index.php?rest_route=\/wp\/v2\/pages\/317","targetHints":{"allow":["GET"]}}],"collection":[{"href":"https:\/\/spaeclipse.com.br\/index.php?rest_route=\/wp\/v2\/pages"}],"about":[{"href":"https:\/\/spaeclipse.com.br\/index.php?rest_route=\/wp\/v2\/types\/page"}],"author":[{"embeddable":true,"href":"https:\/\/spaeclipse.com.br\/index.php?rest_route=\/wp\/v2\/users\/1"}],"replies":[{"embeddable":true,"href":"https:\/\/spaeclipse.com.br\/index.php?rest_route=%2Fwp%2Fv2%2Fcomments&post=317"}],"version-history":[{"count":1,"href":"https:\/\/spaeclipse.com.br\/index.php?rest_route=\/wp\/v2\/pages\/317\/revisions"}],"predecessor-version":[{"id":318,"href":"https:\/\/spaeclipse.com.br\/index.php?rest_route=\/wp\/v2\/pages\/317\/revisions\/318"}],"wp:attachment":[{"href":"https:\/\/spaeclipse.com.br\/index.php?rest_route=%2Fwp%2Fv2%2Fmedia&parent=317"}],"curies":[{"name":"wp","href":"https:\/\/api.w.org\/{rel}","templated":true}]}}