{"id":315,"date":"2015-06-01T15:03:36","date_gmt":"2015-06-01T15:03:36","guid":{"rendered":"http:\/\/spaeclipse.com.br\/?page_id=315"},"modified":"2023-06-19T01:43:19","modified_gmt":"2023-06-19T01:43:19","slug":"eletroestimulacao-facial","status":"publish","type":"page","link":"https:\/\/spaeclipse.com.br\/?page_id=315","title":{"rendered":"Eletroestimula\u00e7\u00e3o Facial"},"content":{"rendered":"<p><strong>Eletroestimula\u00e7\u00e3o Facial (sem m\u00e1scara)<\/strong><\/p>\n<p>Na eletroestimula\u00e7\u00e3o sem m\u00e1scara, utiliza-se uma corrente alternada, e por meio desta corrente proporciona um trabalho de contra\u00e7\u00e3o involunt\u00e1ria dos m\u00fasculos da face, melhorando assim, o contorno facial e reduzindo o quadro de flacidez muscular com conseq\u00fcente melhora da circula\u00e7\u00e3o perif\u00e9rica.<\/p>\n<p>Al\u00e9m de estimular a musculatura, a aplica\u00e7\u00e3o desta corrente promove a otimiza\u00e7\u00e3o do metabolismo e da circula\u00e7\u00e3o sang\u00fc\u00ednea do tecido muscular.<\/p>\n<p>BENEF\u00cdCIOS: Enrijece a musculatura, ajuda a prevenir o aparecimento de rugas e linhas de express\u00e3o,\u00a0 melhora a circula\u00e7\u00e3o local, e auxilia na elimina\u00e7\u00e3o das toxinas.<\/p>\n<p>INDICA\u00c7\u00d5ES :\u00a0 Flacidez muscular, rugas finas, linhas de express\u00f5es.<\/p>\n<p><strong>Per\u00edodo do procedimento: semanalmente<\/strong><\/p>\n<p>Eletroestimula\u00e7\u00e3o Facial (com mascara de col\u00e1geno)<\/p>\n<p>Na eletroestimula\u00e7\u00e3o com m\u00e1scara de col\u00e1geno, utiliza-se uma corrente alternada, e por meio desta corrente proporciona um trabalho de contra\u00e7\u00e3o involunt\u00e1ria dos m\u00fasculos da face, melhorando assim, o contorno facial e reduzindo o quadro de flacidez muscular com conseq\u00fcente melhora da circula\u00e7\u00e3o perif\u00e9rica.<\/p>\n<p>Al\u00e9m de estimular a musculatura, a aplica\u00e7\u00e3o desta corrente promove a otimiza\u00e7\u00e3o do metabolismo e da circula\u00e7\u00e3o sang\u00fc\u00ednea do tecido muscular, com m\u00e1scara de col\u00e1geno.<\/p>\n<p>BENEF\u00cdCIOS: enrijece a musculatura, ajuda a prevenir o aparecimento de rugas e linhas de express\u00e3o, melhora a circula\u00e7\u00e3o local, e auxilia na elimina\u00e7\u00e3o das toxinas.<\/p>\n<p>INDICA\u00c7\u00d5ES :\u00a0 Flacidez muscular, rugas finas, linhas de express\u00f5es.<\/p>\n<p><strong>Per\u00edodo de procedimento: semanalmente<\/strong><\/p>\n","protected":false},"excerpt":{"rendered":"<p>Eletroestimula\u00e7\u00e3o Facial (sem m\u00e1scara) Na eletroestimula\u00e7\u00e3o sem m\u00e1scara, utiliza-se uma corrente alternada, e por meio desta corrente proporciona um trabalho de contra\u00e7\u00e3o involunt\u00e1ria dos m\u00fasculos da face, melhorando assim, o contorno facial e reduzindo o quadro de flacidez muscular com conseq\u00fcente melhora da circula\u00e7\u00e3o perif\u00e9rica. Al\u00e9m de estimular a musculatura, a aplica\u00e7\u00e3o desta corrente promove &hellip;<\/p>\n<p class=\"read-more\"> <a class=\"\" href=\"https:\/\/spaeclipse.com.br\/?page_id=315\"> <span class=\"screen-reader-text\">Eletroestimula\u00e7\u00e3o Facial<\/span> Leia mais &raquo;<\/a><\/p>\n","protected":false},"author":1,"featured_media":0,"parent":0,"menu_order":0,"comment_status":"closed","ping_status":"closed","template":"","meta":{"site-sidebar-layout":"default","site-content-layout":"default","ast-site-content-layout":"","site-content-style":"default","site-sidebar-style":"default","ast-global-header-display":"","ast-banner-title-visibility":"","ast-main-header-display":"","ast-hfb-above-header-display":"","ast-hfb-below-header-display":"","ast-hfb-mobile-header-display":"","site-post-title":"","ast-breadcrumbs-content":"","ast-featured-img":"","footer-sml-layout":"","theme-transparent-header-meta":"default","adv-header-id-meta":"","stick-header-meta":"default","header-above-stick-meta":"","header-main-stick-meta":"","header-below-stick-meta":"","astra-migrate-meta-layouts":"","_joinchat":[],"footnotes":""},"class_list":["post-315","page","type-page","status-publish","hentry"],"_links":{"self":[{"href":"https:\/\/spaeclipse.com.br\/index.php?rest_route=\/wp\/v2\/pages\/315","targetHints":{"allow":["GET"]}}],"collection":[{"href":"https:\/\/spaeclipse.com.br\/index.php?rest_route=\/wp\/v2\/pages"}],"about":[{"href":"https:\/\/spaeclipse.com.br\/index.php?rest_route=\/wp\/v2\/types\/page"}],"author":[{"embeddable":true,"href":"https:\/\/spaeclipse.com.br\/index.php?rest_route=\/wp\/v2\/users\/1"}],"replies":[{"embeddable":true,"href":"https:\/\/spaeclipse.com.br\/index.php?rest_route=%2Fwp%2Fv2%2Fcomments&post=315"}],"version-history":[{"count":5,"href":"https:\/\/spaeclipse.com.br\/index.php?rest_route=\/wp\/v2\/pages\/315\/revisions"}],"predecessor-version":[{"id":1839,"href":"https:\/\/spaeclipse.com.br\/index.php?rest_route=\/wp\/v2\/pages\/315\/revisions\/1839"}],"wp:attachment":[{"href":"https:\/\/spaeclipse.com.br\/index.php?rest_route=%2Fwp%2Fv2%2Fmedia&parent=315"}],"curies":[{"name":"wp","href":"https:\/\/api.w.org\/{rel}","templated":true}]}}