{"id":134,"date":"2015-05-21T13:51:56","date_gmt":"2015-05-21T13:51:56","guid":{"rendered":"http:\/\/spaeclipse.com.br\/?page_id=134"},"modified":"2015-05-28T13:56:57","modified_gmt":"2015-05-28T13:56:57","slug":"biomedicina","status":"publish","type":"page","link":"https:\/\/spaeclipse.com.br\/?page_id=134","title":{"rendered":"Biomedicina"},"content":{"rendered":"<p>Especialidade biom\u00e9dica reconhecida pelo Conselho Federal de Biomedicina (CFBM) voltada ao tratamento est\u00e9tico do paciente saud\u00e1vel.<\/p>\n<p>A Biomedicina Est\u00e9tica \u00e9 a mais nova \u00e1rea da Biomedicina que, sob a comprova\u00e7\u00e3o cient\u00edfica dos m\u00e9todos e t\u00e9cnicas utilizadas, desenvolve e aplica os tratamentos para as disfun\u00e7\u00f5es est\u00e9ticas corporais, faciais e envelhecimento fisiol\u00f3gico relacionados \u00e0 derme e seus anexos, tecido adiposo e metabolismo.<\/p>\n<p>O Biom\u00e9dico Esteta membro titular da Sociedade Brasileira de Biomedicina Est\u00e9tica (SBBME) cuida da sa\u00fade, bem-estar e beleza do paciente, relacionando os melhores recursos da sa\u00fade ao seu preciso conhecimento para o bem do paciente, por meio de tratamentos que promovem a recupera\u00e7\u00e3o dos tecidos e do organismo como um todo.<\/p>\n<p><strong>Biom\u00e9dico Esteta<\/strong><\/p>\n<p>O Biom\u00e9dico Esteta \u00e9 o profissional\u00a0<strong>habilitado<\/strong><strong><em>\u00a0<\/em><\/strong>em Biomedicina Est\u00e9tica que est\u00e1 apto a realizar os seguintes procedimentos:<\/p>\n<ul>\n<li>Avalia\u00e7\u00e3o &amp; Acompanhamento;<\/li>\n<li>Eletroterapia &amp; Eletroestimula\u00e7\u00e3o;<\/li>\n<li>Laserterapia;\n<ul>\n<li>Epila\u00e7\u00e3o a Laser;<\/li>\n<li>Fototerapia e LED;<\/li>\n<li>Lasers Fracionados n\u00e3o-ablativos;<\/li>\n<li>Luz Intensa Pulsada;<\/li>\n<li>Remo\u00e7\u00e3o de Tatuagem e Maquiagem Definitiva;<\/li>\n<\/ul>\n<\/li>\n<li>Microagulhamento;<\/li>\n<li>Peelings;\n<ul>\n<li>Qu\u00edmicos;\n<ul>\n<li>Superficial;<\/li>\n<li>M\u00e9dio;<\/li>\n<li>Profundo;<\/li>\n<\/ul>\n<\/li>\n<li>Mec\u00e2nicos;\n<ul>\n<li>Hidrodermobras\u00e3o;<\/li>\n<li>Microdermobras\u00e3o;\n<ul>\n<li>Cristal;<\/li>\n<li>Diamante;<\/li>\n<\/ul>\n<\/li>\n<li>Bio-tecnologias;\n<ul>\n<li>Radiofrequ\u00eancia;<\/li>\n<li>Ultra-cavita\u00e7\u00e3o;<\/li>\n<li>Ultra-som dissipado;<\/li>\n<li>Ultra-Som focalizado;<\/li>\n<li>Endermologia;<\/li>\n<li>Criolip\u00f3lise;<\/li>\n<\/ul>\n<\/li>\n<li>Procedimentos Invasivos n\u00e3o-cir\u00fargicos;\n<ul>\n<li>Carboxiterapia;<\/li>\n<li>Intradermoterapia capilar, corporal e facial;<\/li>\n<li>Preenchimentos injet\u00e1veis;<\/li>\n<li>Toxina Botul\u00ednica;<\/li>\n<\/ul>\n<\/li>\n<li>Cosmetologia avan\u00e7ada;<\/li>\n<\/ul>\n<\/li>\n<\/ul>\n<\/li>\n<\/ul>\n<p>Al\u00e9m dos procedimentos\u00a0acima citados, o Biom\u00e9dico Esteta pode atuar nas seguintes \u00e1reas:<\/p>\n<ul>\n<li>Respons\u00e1vel t\u00e9cnico;<\/li>\n<li>Pesquisa Cient\u00edfica;<\/li>\n<li>Doc\u00eancia;<\/li>\n<li>Ind\u00fastria de\u00a0Equipamentos e Cosm\u00e9ticos.<\/li>\n<\/ul>\n<hr \/>\n<p style=\"text-align: right;\">Cl\u00ednica SPA Eclipse<\/p>\n<p style=\"text-align: right;\"><strong>Dr. Leandro Moreno<\/strong><\/p>\n<p style=\"text-align: right;\">CRBM 15117<\/p>\n<p>&nbsp;<\/p>\n","protected":false},"excerpt":{"rendered":"<p>Especialidade biom\u00e9dica reconhecida pelo Conselho Federal de Biomedicina (CFBM) voltada ao tratamento est\u00e9tico do paciente saud\u00e1vel. A Biomedicina Est\u00e9tica \u00e9 a mais nova \u00e1rea da Biomedicina que, sob a comprova\u00e7\u00e3o cient\u00edfica dos m\u00e9todos e t\u00e9cnicas utilizadas, desenvolve e aplica os tratamentos para as disfun\u00e7\u00f5es est\u00e9ticas corporais, faciais e envelhecimento fisiol\u00f3gico relacionados \u00e0 derme e seus &hellip;<\/p>\n<p class=\"read-more\"> <a class=\"\" href=\"https:\/\/spaeclipse.com.br\/?page_id=134\"> <span class=\"screen-reader-text\">Biomedicina<\/span> Leia mais &raquo;<\/a><\/p>\n","protected":false},"author":1,"featured_media":0,"parent":0,"menu_order":0,"comment_status":"open","ping_status":"open","template":"","meta":{"site-sidebar-layout":"default","site-content-layout":"","ast-site-content-layout":"","site-content-style":"default","site-sidebar-style":"default","ast-global-header-display":"","ast-banner-title-visibility":"","ast-main-header-display":"","ast-hfb-above-header-display":"","ast-hfb-below-header-display":"","ast-hfb-mobile-header-display":"","site-post-title":"","ast-breadcrumbs-content":"","ast-featured-img":"","footer-sml-layout":"","theme-transparent-header-meta":"","adv-header-id-meta":"","stick-header-meta":"","header-above-stick-meta":"","header-main-stick-meta":"","header-below-stick-meta":"","astra-migrate-meta-layouts":"","_joinchat":[],"footnotes":""},"class_list":["post-134","page","type-page","status-publish","hentry"],"_links":{"self":[{"href":"https:\/\/spaeclipse.com.br\/index.php?rest_route=\/wp\/v2\/pages\/134","targetHints":{"allow":["GET"]}}],"collection":[{"href":"https:\/\/spaeclipse.com.br\/index.php?rest_route=\/wp\/v2\/pages"}],"about":[{"href":"https:\/\/spaeclipse.com.br\/index.php?rest_route=\/wp\/v2\/types\/page"}],"author":[{"embeddable":true,"href":"https:\/\/spaeclipse.com.br\/index.php?rest_route=\/wp\/v2\/users\/1"}],"replies":[{"embeddable":true,"href":"https:\/\/spaeclipse.com.br\/index.php?rest_route=%2Fwp%2Fv2%2Fcomments&post=134"}],"version-history":[{"count":3,"href":"https:\/\/spaeclipse.com.br\/index.php?rest_route=\/wp\/v2\/pages\/134\/revisions"}],"predecessor-version":[{"id":234,"href":"https:\/\/spaeclipse.com.br\/index.php?rest_route=\/wp\/v2\/pages\/134\/revisions\/234"}],"wp:attachment":[{"href":"https:\/\/spaeclipse.com.br\/index.php?rest_route=%2Fwp%2Fv2%2Fmedia&parent=134"}],"curies":[{"name":"wp","href":"https:\/\/api.w.org\/{rel}","templated":true}]}}