{"id":1253,"date":"2018-10-23T18:47:06","date_gmt":"2018-10-23T18:47:06","guid":{"rendered":"http:\/\/spaeclipse.com.br\/?page_id=1253"},"modified":"2018-10-24T15:47:41","modified_gmt":"2018-10-24T15:47:41","slug":"massagem-modeladora","status":"publish","type":"page","link":"https:\/\/spaeclipse.com.br\/?page_id=1253","title":{"rendered":"Massagem Modeladora"},"content":{"rendered":"<p>A\u00a0massagem modeladora \u00e9 uma massagem feita com movimentos mais fortes e profundos, com o intuito de atingir camadas mais profundas da pele. Ela atua tamb\u00e9m na circula\u00e7\u00e3o, melhorando o metabolismo da regi\u00e3o. Dessa forma, ela acaba sendo eficiente contra a celulite, mas apenas nos graus leve e moderada.<\/p>\n<h3 class=\"subtitle\">Indica\u00e7\u00f5es massagem modeladora<\/h3>\n<p>As principais finalidades da\u00a0<a href=\"https:\/\/www.minhavida.com.br\/beleza\/tudo-sobre\/17280-massagem-modeladora\">massagem modeladora<\/a>\u00a0s\u00e3o ativar o metabolismo\u00a0local, aumentar a circula\u00e7\u00e3o sangu\u00ednea e estimular respostas neuromusculares, o que d\u00e1 a impress\u00e3o de estar com o corpo mais r\u00edgido logo ap\u00f3s o procedimento. Esse efeito tamb\u00e9m ajuda a reduzir a celulite no local, apenas se ela for leve ou moderada.<\/p>\n<h3 class=\"subtitle\">Como \u00e9 feita a massagem modeladora<\/h3>\n<p class=\"paragraph\">A massagem modeladora tem movimentos mais vigorosos que a\u00a0drenagem linf\u00e1tica, executados de forma r\u00e1pida e firme. Utiliza movimentos como deslizamento, amassamento, pin\u00e7amento e percuss\u00e3o.<\/p>\n<h3 class=\"subtitle\">Sess\u00f5es<\/h3>\n<p class=\"paragraph\">A massagem modeladora deve ser feita uma ou duas vezes por semana, e normalmente o tratamento deve ser cont\u00ednuo, para ter a manuten\u00e7\u00e3o dos resultados.\u00a0Cada sess\u00e3o dura em m\u00e9dia de 60 minutos, e pode haver um intervalo de 48 a 72 horas entre cada uma delas, de acordo com a avalia\u00e7\u00e3o do profissional.<\/p>\n","protected":false},"excerpt":{"rendered":"<p>A\u00a0massagem modeladora \u00e9 uma massagem feita com movimentos mais fortes e profundos, com o intuito de atingir camadas mais profundas da pele. Ela atua tamb\u00e9m na circula\u00e7\u00e3o, melhorando o metabolismo da regi\u00e3o. Dessa forma, ela acaba sendo eficiente contra a celulite, mas apenas nos graus leve e moderada. Indica\u00e7\u00f5es massagem modeladora As principais finalidades da\u00a0massagem &hellip;<\/p>\n<p class=\"read-more\"> <a class=\"\" href=\"https:\/\/spaeclipse.com.br\/?page_id=1253\"> <span class=\"screen-reader-text\">Massagem Modeladora<\/span> Leia mais &raquo;<\/a><\/p>\n","protected":false},"author":2,"featured_media":1268,"parent":0,"menu_order":0,"comment_status":"closed","ping_status":"open","template":"","meta":{"site-sidebar-layout":"default","site-content-layout":"","ast-site-content-layout":"","site-content-style":"default","site-sidebar-style":"default","ast-global-header-display":"","ast-banner-title-visibility":"","ast-main-header-display":"","ast-hfb-above-header-display":"","ast-hfb-below-header-display":"","ast-hfb-mobile-header-display":"","site-post-title":"","ast-breadcrumbs-content":"","ast-featured-img":"","footer-sml-layout":"","theme-transparent-header-meta":"","adv-header-id-meta":"","stick-header-meta":"","header-above-stick-meta":"","header-main-stick-meta":"","header-below-stick-meta":"","astra-migrate-meta-layouts":"","_joinchat":[],"footnotes":""},"class_list":["post-1253","page","type-page","status-publish","has-post-thumbnail","hentry"],"_links":{"self":[{"href":"https:\/\/spaeclipse.com.br\/index.php?rest_route=\/wp\/v2\/pages\/1253","targetHints":{"allow":["GET"]}}],"collection":[{"href":"https:\/\/spaeclipse.com.br\/index.php?rest_route=\/wp\/v2\/pages"}],"about":[{"href":"https:\/\/spaeclipse.com.br\/index.php?rest_route=\/wp\/v2\/types\/page"}],"author":[{"embeddable":true,"href":"https:\/\/spaeclipse.com.br\/index.php?rest_route=\/wp\/v2\/users\/2"}],"replies":[{"embeddable":true,"href":"https:\/\/spaeclipse.com.br\/index.php?rest_route=%2Fwp%2Fv2%2Fcomments&post=1253"}],"version-history":[{"count":3,"href":"https:\/\/spaeclipse.com.br\/index.php?rest_route=\/wp\/v2\/pages\/1253\/revisions"}],"predecessor-version":[{"id":1269,"href":"https:\/\/spaeclipse.com.br\/index.php?rest_route=\/wp\/v2\/pages\/1253\/revisions\/1269"}],"wp:featuredmedia":[{"embeddable":true,"href":"https:\/\/spaeclipse.com.br\/index.php?rest_route=\/wp\/v2\/media\/1268"}],"wp:attachment":[{"href":"https:\/\/spaeclipse.com.br\/index.php?rest_route=%2Fwp%2Fv2%2Fmedia&parent=1253"}],"curies":[{"name":"wp","href":"https:\/\/api.w.org\/{rel}","templated":true}]}}