{"id":123,"date":"2015-05-21T13:32:02","date_gmt":"2015-05-21T13:32:02","guid":{"rendered":"http:\/\/spaeclipse.com.br\/?page_id=123"},"modified":"2015-06-01T22:22:52","modified_gmt":"2015-06-01T22:22:52","slug":"facial-peeling-de-acido-glicolico","status":"publish","type":"page","link":"https:\/\/spaeclipse.com.br\/?page_id=123","title":{"rendered":"Peeling de \u00c1cido Glic\u00f3lico"},"content":{"rendered":"<p><img decoding=\"async\" class=\" size-medium wp-image-301 alignright\" src=\"http:\/\/spaeclipse.com.br\/wp-content\/uploads\/2015\/06\/Acido-Hialur\u00f4nico-193x250.jpg\" alt=\"Acido Hialur\u00f4nico\" width=\"193\" height=\"250\" srcset=\"https:\/\/spaeclipse.com.br\/wp-content\/uploads\/2015\/06\/Acido-Hialur\u00f4nico-193x250.jpg 193w, https:\/\/spaeclipse.com.br\/wp-content\/uploads\/2015\/06\/Acido-Hialur\u00f4nico-464x600.jpg 464w, https:\/\/spaeclipse.com.br\/wp-content\/uploads\/2015\/06\/Acido-Hialur\u00f4nico-615x795.jpg 615w, https:\/\/spaeclipse.com.br\/wp-content\/uploads\/2015\/06\/Acido-Hialur\u00f4nico-453x585.jpg 453w, https:\/\/spaeclipse.com.br\/wp-content\/uploads\/2015\/06\/Acido-Hialur\u00f4nico-307x397.jpg 307w, https:\/\/spaeclipse.com.br\/wp-content\/uploads\/2015\/06\/Acido-Hialur\u00f4nico-244x315.jpg 244w, https:\/\/spaeclipse.com.br\/wp-content\/uploads\/2015\/06\/Acido-Hialur\u00f4nico-557x720.jpg 557w, https:\/\/spaeclipse.com.br\/wp-content\/uploads\/2015\/06\/Acido-Hialur\u00f4nico-371x480.jpg 371w, https:\/\/spaeclipse.com.br\/wp-content\/uploads\/2015\/06\/Acido-Hialur\u00f4nico-279x360.jpg 279w, https:\/\/spaeclipse.com.br\/wp-content\/uploads\/2015\/06\/Acido-Hialur\u00f4nico-415x536.jpg 415w, https:\/\/spaeclipse.com.br\/wp-content\/uploads\/2015\/06\/Acido-Hialur\u00f4nico-190x245.jpg 190w, https:\/\/spaeclipse.com.br\/wp-content\/uploads\/2015\/06\/Acido-Hialur\u00f4nico-289x373.jpg 289w, https:\/\/spaeclipse.com.br\/wp-content\/uploads\/2015\/06\/Acido-Hialur\u00f4nico.jpg 790w\" sizes=\"(max-width: 193px) 100vw, 193px\" \/>O peeling de acido glic\u00f3lico geralmente \u00e9 utilizado para tratamento da face, pesco\u00e7o e m\u00e3os. O \u00e1cido glic\u00f3lico \u00e9 cuidadosamente aplicado sobre a pele, deixando a mais macia e com menos rugas ap\u00f3s o tratamento com o peeling. O peeling de \u00e1cido glic\u00f3lico \u00e9 excelente n\u00e3o s\u00f3 para o tratamento dos efeitos nocivos do sol \u2014 como aparecimento de rugas precoces e manchas na pele \u2014 mas tamb\u00e9m para o tratamento da pele com acne e estrias.<\/p>\n<p><strong>Per\u00edodo do procedimento: 15 em 15 dias<\/strong><\/p>\n","protected":false},"excerpt":{"rendered":"<p>O peeling de acido glic\u00f3lico geralmente \u00e9 utilizado para tratamento da face, pesco\u00e7o e m\u00e3os. O \u00e1cido glic\u00f3lico \u00e9 cuidadosamente aplicado sobre a pele, deixando a mais macia e com menos rugas ap\u00f3s o tratamento com o peeling. O peeling de \u00e1cido glic\u00f3lico \u00e9 excelente n\u00e3o s\u00f3 para o tratamento dos efeitos nocivos do sol &hellip;<\/p>\n<p class=\"read-more\"> <a class=\"\" href=\"https:\/\/spaeclipse.com.br\/?page_id=123\"> <span class=\"screen-reader-text\">Peeling de \u00c1cido Glic\u00f3lico<\/span> Leia mais &raquo;<\/a><\/p>\n","protected":false},"author":1,"featured_media":0,"parent":0,"menu_order":0,"comment_status":"open","ping_status":"closed","template":"","meta":{"site-sidebar-layout":"default","site-content-layout":"","ast-site-content-layout":"","site-content-style":"default","site-sidebar-style":"default","ast-global-header-display":"","ast-banner-title-visibility":"","ast-main-header-display":"","ast-hfb-above-header-display":"","ast-hfb-below-header-display":"","ast-hfb-mobile-header-display":"","site-post-title":"","ast-breadcrumbs-content":"","ast-featured-img":"","footer-sml-layout":"","theme-transparent-header-meta":"","adv-header-id-meta":"","stick-header-meta":"","header-above-stick-meta":"","header-main-stick-meta":"","header-below-stick-meta":"","astra-migrate-meta-layouts":"","_joinchat":[],"footnotes":""},"class_list":["post-123","page","type-page","status-publish","hentry"],"_links":{"self":[{"href":"https:\/\/spaeclipse.com.br\/index.php?rest_route=\/wp\/v2\/pages\/123","targetHints":{"allow":["GET"]}}],"collection":[{"href":"https:\/\/spaeclipse.com.br\/index.php?rest_route=\/wp\/v2\/pages"}],"about":[{"href":"https:\/\/spaeclipse.com.br\/index.php?rest_route=\/wp\/v2\/types\/page"}],"author":[{"embeddable":true,"href":"https:\/\/spaeclipse.com.br\/index.php?rest_route=\/wp\/v2\/users\/1"}],"replies":[{"embeddable":true,"href":"https:\/\/spaeclipse.com.br\/index.php?rest_route=%2Fwp%2Fv2%2Fcomments&post=123"}],"version-history":[{"count":5,"href":"https:\/\/spaeclipse.com.br\/index.php?rest_route=\/wp\/v2\/pages\/123\/revisions"}],"predecessor-version":[{"id":465,"href":"https:\/\/spaeclipse.com.br\/index.php?rest_route=\/wp\/v2\/pages\/123\/revisions\/465"}],"wp:attachment":[{"href":"https:\/\/spaeclipse.com.br\/index.php?rest_route=%2Fwp%2Fv2%2Fmedia&parent=123"}],"curies":[{"name":"wp","href":"https:\/\/api.w.org\/{rel}","templated":true}]}}