{"id":121,"date":"2015-05-21T13:31:01","date_gmt":"2015-05-21T13:31:01","guid":{"rendered":"http:\/\/spaeclipse.com.br\/?page_id=121"},"modified":"2018-06-06T13:30:55","modified_gmt":"2018-06-06T13:30:55","slug":"facial-peeling-de-acido-retinoico","status":"publish","type":"page","link":"https:\/\/spaeclipse.com.br\/?page_id=121","title":{"rendered":"Peeling de \u00c1cido Retin\u00f3ico"},"content":{"rendered":"<p><a href=\"http:\/\/spaeclipse.com.br\/wp-content\/uploads\/2015\/05\/X-peeling-de-acido-retinoico-.jpg\"><img fetchpriority=\"high\" decoding=\"async\" class=\"alignright size-medium wp-image-659\" src=\"http:\/\/spaeclipse.com.br\/wp-content\/uploads\/2015\/05\/X-peeling-de-acido-retinoico--250x239.jpg\" alt=\"X peeling-de-acido-retinoico-\" width=\"250\" height=\"239\" srcset=\"https:\/\/spaeclipse.com.br\/wp-content\/uploads\/2015\/05\/X-peeling-de-acido-retinoico--250x239.jpg 250w, https:\/\/spaeclipse.com.br\/wp-content\/uploads\/2015\/05\/X-peeling-de-acido-retinoico--415x397.jpg 415w, https:\/\/spaeclipse.com.br\/wp-content\/uploads\/2015\/05\/X-peeling-de-acido-retinoico--329x315.jpg 329w, https:\/\/spaeclipse.com.br\/wp-content\/uploads\/2015\/05\/X-peeling-de-acido-retinoico--376x360.jpg 376w, https:\/\/spaeclipse.com.br\/wp-content\/uploads\/2015\/05\/X-peeling-de-acido-retinoico--256x245.jpg 256w, https:\/\/spaeclipse.com.br\/wp-content\/uploads\/2015\/05\/X-peeling-de-acido-retinoico--389x373.jpg 389w, https:\/\/spaeclipse.com.br\/wp-content\/uploads\/2015\/05\/X-peeling-de-acido-retinoico-.jpg 473w\" sizes=\"(max-width: 250px) 100vw, 250px\" \/><\/a><a href=\"http:\/\/spaeclipse.com.br\/wp-content\/uploads\/2015\/06\/Peeling.jpg\"><img decoding=\"async\" class=\"alignright  wp-image-310\" src=\"http:\/\/spaeclipse.com.br\/wp-content\/uploads\/2015\/06\/Peeling-250x202.jpg\" alt=\"Peeling\" width=\"296\" height=\"239\" srcset=\"https:\/\/spaeclipse.com.br\/wp-content\/uploads\/2015\/06\/Peeling-250x202.jpg 250w, https:\/\/spaeclipse.com.br\/wp-content\/uploads\/2015\/06\/Peeling-743x600.jpg 743w, https:\/\/spaeclipse.com.br\/wp-content\/uploads\/2015\/06\/Peeling-984x795.jpg 984w, https:\/\/spaeclipse.com.br\/wp-content\/uploads\/2015\/06\/Peeling-724x585.jpg 724w, https:\/\/spaeclipse.com.br\/wp-content\/uploads\/2015\/06\/Peeling-491x397.jpg 491w, https:\/\/spaeclipse.com.br\/wp-content\/uploads\/2015\/06\/Peeling-390x315.jpg 390w, https:\/\/spaeclipse.com.br\/wp-content\/uploads\/2015\/06\/Peeling-891x720.jpg 891w, https:\/\/spaeclipse.com.br\/wp-content\/uploads\/2015\/06\/Peeling-594x480.jpg 594w, https:\/\/spaeclipse.com.br\/wp-content\/uploads\/2015\/06\/Peeling-446x360.jpg 446w, https:\/\/spaeclipse.com.br\/wp-content\/uploads\/2015\/06\/Peeling-663x536.jpg 663w, https:\/\/spaeclipse.com.br\/wp-content\/uploads\/2015\/06\/Peeling-303x245.jpg 303w, https:\/\/spaeclipse.com.br\/wp-content\/uploads\/2015\/06\/Peeling-462x373.jpg 462w, https:\/\/spaeclipse.com.br\/wp-content\/uploads\/2015\/06\/Peeling.jpg 1000w\" sizes=\"(max-width: 296px) 100vw, 296px\" \/><\/a>O peeling de \u00e1cido retin\u00f3ico\u00a0continua sendo uma das grandes armas no combate \u00e0s manchas. O peeling \u00e1cido retin\u00f3ico promove uma descama\u00e7\u00e3o superficial e constante da pele, renovando-a e favorecendo a forma\u00e7\u00e3o de col\u00e1geno, levando a uma significativa melhora na apar\u00eancia das manchas.<\/p>\n<p><strong>Dura\u00e7\u00e3o do procedimento: 15 em 15 dias<\/strong><\/p>\n","protected":false},"excerpt":{"rendered":"<p>O peeling de \u00e1cido retin\u00f3ico\u00a0continua sendo uma das grandes armas no combate \u00e0s manchas. O peeling \u00e1cido retin\u00f3ico promove uma descama\u00e7\u00e3o superficial e constante da pele, renovando-a e favorecendo a forma\u00e7\u00e3o de col\u00e1geno, levando a uma significativa melhora na apar\u00eancia das manchas. Dura\u00e7\u00e3o do procedimento: 15 em 15 dias<\/p>\n","protected":false},"author":1,"featured_media":0,"parent":0,"menu_order":0,"comment_status":"open","ping_status":"closed","template":"","meta":{"site-sidebar-layout":"default","site-content-layout":"","ast-site-content-layout":"","site-content-style":"default","site-sidebar-style":"default","ast-global-header-display":"","ast-banner-title-visibility":"","ast-main-header-display":"","ast-hfb-above-header-display":"","ast-hfb-below-header-display":"","ast-hfb-mobile-header-display":"","site-post-title":"","ast-breadcrumbs-content":"","ast-featured-img":"","footer-sml-layout":"","theme-transparent-header-meta":"","adv-header-id-meta":"","stick-header-meta":"","header-above-stick-meta":"","header-main-stick-meta":"","header-below-stick-meta":"","astra-migrate-meta-layouts":"","_joinchat":[],"footnotes":""},"class_list":["post-121","page","type-page","status-publish","hentry"],"_links":{"self":[{"href":"https:\/\/spaeclipse.com.br\/index.php?rest_route=\/wp\/v2\/pages\/121","targetHints":{"allow":["GET"]}}],"collection":[{"href":"https:\/\/spaeclipse.com.br\/index.php?rest_route=\/wp\/v2\/pages"}],"about":[{"href":"https:\/\/spaeclipse.com.br\/index.php?rest_route=\/wp\/v2\/types\/page"}],"author":[{"embeddable":true,"href":"https:\/\/spaeclipse.com.br\/index.php?rest_route=\/wp\/v2\/users\/1"}],"replies":[{"embeddable":true,"href":"https:\/\/spaeclipse.com.br\/index.php?rest_route=%2Fwp%2Fv2%2Fcomments&post=121"}],"version-history":[{"count":7,"href":"https:\/\/spaeclipse.com.br\/index.php?rest_route=\/wp\/v2\/pages\/121\/revisions"}],"predecessor-version":[{"id":1198,"href":"https:\/\/spaeclipse.com.br\/index.php?rest_route=\/wp\/v2\/pages\/121\/revisions\/1198"}],"wp:attachment":[{"href":"https:\/\/spaeclipse.com.br\/index.php?rest_route=%2Fwp%2Fv2%2Fmedia&parent=121"}],"curies":[{"name":"wp","href":"https:\/\/api.w.org\/{rel}","templated":true}]}}