{"id":119,"date":"2015-05-21T13:26:06","date_gmt":"2015-05-21T13:26:06","guid":{"rendered":"http:\/\/spaeclipse.com.br\/?page_id=119"},"modified":"2018-05-12T14:46:04","modified_gmt":"2018-05-12T14:46:04","slug":"facial-limpeza-de-pele","status":"publish","type":"page","link":"https:\/\/spaeclipse.com.br\/?page_id=119","title":{"rendered":"Limpeza de Pele"},"content":{"rendered":"<p>A limpeza de pele \u00e9 um procedimento est\u00e9tico, realizado em consult\u00f3rios ou cl\u00ednicas de est\u00e9tica, que tem como objetivo remover cravos e impurezas da pele. A limpeza de pele tamb\u00e9m remove o milium, que s\u00e3o pequenos cistos salientes causados pelo ac\u00famulo de \u00f3leo e pele nos poros.A limpeza de pele \u00e9 indicada, principalmente, para remo\u00e7\u00e3o de cravos abertos (pontos pretos) ou fechados (pontos brancos) e remo\u00e7\u00e3o de miliuns. Serve tamb\u00e9m para remover as c\u00e9lulas mortas e manter a pele macia e saud\u00e1vel. Todos os tipos de pele recebem muito bem esse procedimento. A limpeza bem realizada ajuda no equil\u00edbrio das peles seca, normal, oleosa e mista. Al\u00e9m do rosto, \u00e9 poss\u00edvel realizar o procedimento em qualquer outra parte do corpo, como colo e costas.<\/p>\n<p><strong>Per\u00edodo do procedimento: mensalmente<\/strong><\/p>\n","protected":false},"excerpt":{"rendered":"<p>A limpeza de pele \u00e9 um procedimento est\u00e9tico, realizado em consult\u00f3rios ou cl\u00ednicas de est\u00e9tica, que tem como objetivo remover cravos e impurezas da pele. A limpeza de pele tamb\u00e9m remove o milium, que s\u00e3o pequenos cistos salientes causados pelo ac\u00famulo de \u00f3leo e pele nos poros.A limpeza de pele \u00e9 indicada, principalmente, para remo\u00e7\u00e3o &hellip;<\/p>\n<p class=\"read-more\"> <a class=\"\" href=\"https:\/\/spaeclipse.com.br\/?page_id=119\"> <span class=\"screen-reader-text\">Limpeza de Pele<\/span> Leia mais &raquo;<\/a><\/p>\n","protected":false},"author":1,"featured_media":0,"parent":0,"menu_order":0,"comment_status":"open","ping_status":"closed","template":"","meta":{"site-sidebar-layout":"default","site-content-layout":"","ast-site-content-layout":"","site-content-style":"default","site-sidebar-style":"default","ast-global-header-display":"","ast-banner-title-visibility":"","ast-main-header-display":"","ast-hfb-above-header-display":"","ast-hfb-below-header-display":"","ast-hfb-mobile-header-display":"","site-post-title":"","ast-breadcrumbs-content":"","ast-featured-img":"","footer-sml-layout":"","theme-transparent-header-meta":"","adv-header-id-meta":"","stick-header-meta":"","header-above-stick-meta":"","header-main-stick-meta":"","header-below-stick-meta":"","astra-migrate-meta-layouts":"","_joinchat":[],"footnotes":""},"class_list":["post-119","page","type-page","status-publish","hentry"],"_links":{"self":[{"href":"https:\/\/spaeclipse.com.br\/index.php?rest_route=\/wp\/v2\/pages\/119","targetHints":{"allow":["GET"]}}],"collection":[{"href":"https:\/\/spaeclipse.com.br\/index.php?rest_route=\/wp\/v2\/pages"}],"about":[{"href":"https:\/\/spaeclipse.com.br\/index.php?rest_route=\/wp\/v2\/types\/page"}],"author":[{"embeddable":true,"href":"https:\/\/spaeclipse.com.br\/index.php?rest_route=\/wp\/v2\/users\/1"}],"replies":[{"embeddable":true,"href":"https:\/\/spaeclipse.com.br\/index.php?rest_route=%2Fwp%2Fv2%2Fcomments&post=119"}],"version-history":[{"count":5,"href":"https:\/\/spaeclipse.com.br\/index.php?rest_route=\/wp\/v2\/pages\/119\/revisions"}],"predecessor-version":[{"id":1162,"href":"https:\/\/spaeclipse.com.br\/index.php?rest_route=\/wp\/v2\/pages\/119\/revisions\/1162"}],"wp:attachment":[{"href":"https:\/\/spaeclipse.com.br\/index.php?rest_route=%2Fwp%2Fv2%2Fmedia&parent=119"}],"curies":[{"name":"wp","href":"https:\/\/api.w.org\/{rel}","templated":true}]}}