{"id":113,"date":"2015-05-21T13:11:03","date_gmt":"2015-05-21T13:11:03","guid":{"rendered":"http:\/\/spaeclipse.com.br\/?page_id=113"},"modified":"2023-06-19T01:47:19","modified_gmt":"2023-06-19T01:47:19","slug":"facial-cauterizacao-de-verrugas","status":"publish","type":"page","link":"https:\/\/spaeclipse.com.br\/?page_id=113","title":{"rendered":"Cauteriza\u00e7\u00e3o de verrugas"},"content":{"rendered":"<p>\u00c9 destinado a cauteriza\u00e7\u00e3o superficial da pele ou tecidos com resultados precisos e eficientes.<\/p>\n<p>A\u00a0<strong>cauteriza\u00e7\u00e3o<\/strong>\u00a0pode ser de dois tipos:<\/p>\n<ul>\n<li><strong>Cauteriza\u00e7\u00e3o\u00a0Qu\u00edmica<\/strong>: consiste na destrui\u00e7\u00e3o de um tecido ou coagula\u00e7\u00e3o do sangue por meio de m\u00e9todos qu\u00edmicos, utilizando frio (criocauteriza\u00e7\u00e3o), calor ou alguma subst\u00e2ncia c\u00e1ustica (por exemplo, um \u00e1cido). Normalmente, no in\u00edcio h\u00e1 a presen\u00e7a de vermelhid\u00e3o no local onde foi realizado o procedimento e, em seguida, surge uma crosta que ser\u00e1 eliminada dentro de poucos dias. Dentre as principais subst\u00e2ncias utilizadas nesse procedimento est\u00e3o os fen\u00f3is, nitrato e nitrog\u00eanio l\u00edquido.<\/li>\n<li><strong>Eletrocauteriza\u00e7\u00e3o<\/strong>: neste tipo de cauteriza\u00e7\u00e3o utiliza-se um\u00a0<a href=\"http:\/\/www.infoescola.com\/medicina\/cauterizacao\/\">aparelho<\/a>\u00a0denominado eletrocaut\u00e9rio que realiza a cauteriza\u00e7\u00e3o por meio de eletricidade.<\/li>\n<\/ul>\n<p><a href=\"http:\/\/spaeclipse.com.br\/wp-content\/uploads\/2015\/05\/X-VERRUGA.png\"><img fetchpriority=\"high\" decoding=\"async\" class=\" wp-image-624 alignleft\" src=\"http:\/\/spaeclipse.com.br\/wp-content\/uploads\/2015\/05\/X-VERRUGA-250x183.png\" alt=\"X VERRUGA\" width=\"320\" height=\"234\" srcset=\"https:\/\/spaeclipse.com.br\/wp-content\/uploads\/2015\/05\/X-VERRUGA-250x183.png 250w, https:\/\/spaeclipse.com.br\/wp-content\/uploads\/2015\/05\/X-VERRUGA-335x245.png 335w, https:\/\/spaeclipse.com.br\/wp-content\/uploads\/2015\/05\/X-VERRUGA.png 355w\" sizes=\"(max-width: 320px) 100vw, 320px\" \/><\/a> \u00a0<a href=\"http:\/\/spaeclipse.com.br\/wp-content\/uploads\/2015\/05\/X-verrugas.jpg\"><img decoding=\"async\" class=\" wp-image-625 alignleft\" src=\"http:\/\/spaeclipse.com.br\/wp-content\/uploads\/2015\/05\/X-verrugas-250x163.jpg\" alt=\"X verrugas\" width=\"368\" height=\"240\" srcset=\"https:\/\/spaeclipse.com.br\/wp-content\/uploads\/2015\/05\/X-verrugas-250x163.jpg 250w, https:\/\/spaeclipse.com.br\/wp-content\/uploads\/2015\/05\/X-verrugas-530x345.jpg 530w, https:\/\/spaeclipse.com.br\/wp-content\/uploads\/2015\/05\/X-verrugas-420x273.jpg 420w, https:\/\/spaeclipse.com.br\/wp-content\/uploads\/2015\/05\/X-verrugas-480x312.jpg 480w, https:\/\/spaeclipse.com.br\/wp-content\/uploads\/2015\/05\/X-verrugas-376x245.jpg 376w, https:\/\/spaeclipse.com.br\/wp-content\/uploads\/2015\/05\/X-verrugas.jpg 550w\" sizes=\"(max-width: 368px) 100vw, 368px\" \/><\/a><\/p>\n<p>&nbsp;<\/p>\n<p>&nbsp;<\/p>\n<p>&nbsp;<\/p>\n<p>&nbsp;<\/p>\n<p>&nbsp;<\/p>\n<p><strong>Per\u00edodo do tratamento: 15 em 15 dias<\/strong><\/p>\n","protected":false},"excerpt":{"rendered":"<p>\u00c9 destinado a cauteriza\u00e7\u00e3o superficial da pele ou tecidos com resultados precisos e eficientes. A\u00a0cauteriza\u00e7\u00e3o\u00a0pode ser de dois tipos: Cauteriza\u00e7\u00e3o\u00a0Qu\u00edmica: consiste na destrui\u00e7\u00e3o de um tecido ou coagula\u00e7\u00e3o do sangue por meio de m\u00e9todos qu\u00edmicos, utilizando frio (criocauteriza\u00e7\u00e3o), calor ou alguma subst\u00e2ncia c\u00e1ustica (por exemplo, um \u00e1cido). Normalmente, no in\u00edcio h\u00e1 a presen\u00e7a de vermelhid\u00e3o &hellip;<\/p>\n<p class=\"read-more\"> <a class=\"\" href=\"https:\/\/spaeclipse.com.br\/?page_id=113\"> <span class=\"screen-reader-text\">Cauteriza\u00e7\u00e3o de verrugas<\/span> Leia mais &raquo;<\/a><\/p>\n","protected":false},"author":1,"featured_media":0,"parent":0,"menu_order":0,"comment_status":"closed","ping_status":"closed","template":"","meta":{"site-sidebar-layout":"default","site-content-layout":"default","ast-site-content-layout":"","site-content-style":"default","site-sidebar-style":"default","ast-global-header-display":"","ast-banner-title-visibility":"","ast-main-header-display":"","ast-hfb-above-header-display":"","ast-hfb-below-header-display":"","ast-hfb-mobile-header-display":"","site-post-title":"","ast-breadcrumbs-content":"","ast-featured-img":"","footer-sml-layout":"","theme-transparent-header-meta":"default","adv-header-id-meta":"","stick-header-meta":"default","header-above-stick-meta":"","header-main-stick-meta":"","header-below-stick-meta":"","astra-migrate-meta-layouts":"","_joinchat":[],"footnotes":""},"class_list":["post-113","page","type-page","status-publish","hentry"],"_links":{"self":[{"href":"https:\/\/spaeclipse.com.br\/index.php?rest_route=\/wp\/v2\/pages\/113","targetHints":{"allow":["GET"]}}],"collection":[{"href":"https:\/\/spaeclipse.com.br\/index.php?rest_route=\/wp\/v2\/pages"}],"about":[{"href":"https:\/\/spaeclipse.com.br\/index.php?rest_route=\/wp\/v2\/types\/page"}],"author":[{"embeddable":true,"href":"https:\/\/spaeclipse.com.br\/index.php?rest_route=\/wp\/v2\/users\/1"}],"replies":[{"embeddable":true,"href":"https:\/\/spaeclipse.com.br\/index.php?rest_route=%2Fwp%2Fv2%2Fcomments&post=113"}],"version-history":[{"count":7,"href":"https:\/\/spaeclipse.com.br\/index.php?rest_route=\/wp\/v2\/pages\/113\/revisions"}],"predecessor-version":[{"id":1843,"href":"https:\/\/spaeclipse.com.br\/index.php?rest_route=\/wp\/v2\/pages\/113\/revisions\/1843"}],"wp:attachment":[{"href":"https:\/\/spaeclipse.com.br\/index.php?rest_route=%2Fwp%2Fv2%2Fmedia&parent=113"}],"curies":[{"name":"wp","href":"https:\/\/api.w.org\/{rel}","templated":true}]}}