{"id":1072,"date":"2017-04-13T13:27:51","date_gmt":"2017-04-13T13:27:51","guid":{"rendered":"http:\/\/spaeclipse.com.br\/?page_id=1072"},"modified":"2018-10-24T15:50:06","modified_gmt":"2018-10-24T15:50:06","slug":"novo-fios-de-dermosustentacao","status":"publish","type":"page","link":"https:\/\/spaeclipse.com.br\/?page_id=1072","title":{"rendered":"Skinbooster e Lipo de Papada"},"content":{"rendered":"<p><strong>Skinbooster (rejuvenescimento) &#8211; 55 ativos, vitaminas e minerais, \u00e1cido hialur\u00f4nico<\/strong><\/p>\n<p><img fetchpriority=\"high\" decoding=\"async\" class=\"  alignleft wp-image-1078 \" src=\"http:\/\/spaeclipse.com.br\/wp-content\/uploads\/2017\/04\/skinbooster.jpg\" alt=\"skinbooster\" width=\"341\" height=\"192\" srcset=\"https:\/\/spaeclipse.com.br\/wp-content\/uploads\/2017\/04\/skinbooster.jpg 960w, https:\/\/spaeclipse.com.br\/wp-content\/uploads\/2017\/04\/skinbooster-250x141.jpg 250w, https:\/\/spaeclipse.com.br\/wp-content\/uploads\/2017\/04\/skinbooster-800x450.jpg 800w, https:\/\/spaeclipse.com.br\/wp-content\/uploads\/2017\/04\/skinbooster-780x439.jpg 780w, https:\/\/spaeclipse.com.br\/wp-content\/uploads\/2017\/04\/skinbooster-530x298.jpg 530w, https:\/\/spaeclipse.com.br\/wp-content\/uploads\/2017\/04\/skinbooster-420x236.jpg 420w, https:\/\/spaeclipse.com.br\/wp-content\/uploads\/2017\/04\/skinbooster-639x359.jpg 639w, https:\/\/spaeclipse.com.br\/wp-content\/uploads\/2017\/04\/skinbooster-480x270.jpg 480w, https:\/\/spaeclipse.com.br\/wp-content\/uploads\/2017\/04\/skinbooster-920x518.jpg 920w, https:\/\/spaeclipse.com.br\/wp-content\/uploads\/2017\/04\/skinbooster-640x360.jpg 640w\" sizes=\"(max-width: 341px) 100vw, 341px\" \/>\u00c9 um novo conceito de rejuvenescimento, sendo um procedimento r\u00e1pido e simples para hidrata\u00e7\u00e3o profunda, est\u00edmulo de col\u00e1geno e elastina da pele. Pode ser realizado em v\u00e1rias partes do corpo como face, pesco\u00e7o e colo. Atrav\u00e9s de microinje\u00e7\u00f5es com \u00e1cido hialur\u00f4nico muito fino (que n\u00e3o oferece volume), ativos, vitaminas e minerais, estimulam o rejuvenescimento da pele e hidrata\u00e7\u00e3o. Por consequ\u00eancia, notamos uma pele mais jovem, hidratada e integra.<\/p>\n<p>&nbsp;<\/p>\n<p>&nbsp;<\/p>\n<p><strong>Lipo de Papada &#8211; \u00e1cido desoxicolato 6%<\/strong><\/p>\n<p><i><img decoding=\"async\" class=\" wp-image-1079  alignleft\" src=\"http:\/\/spaeclipse.com.br\/wp-content\/uploads\/2017\/04\/papada.jpg\" alt=\"papada\" width=\"464\" height=\"167\" srcset=\"https:\/\/spaeclipse.com.br\/wp-content\/uploads\/2017\/04\/papada.jpg 957w, https:\/\/spaeclipse.com.br\/wp-content\/uploads\/2017\/04\/papada-250x90.jpg 250w, https:\/\/spaeclipse.com.br\/wp-content\/uploads\/2017\/04\/papada-800x288.jpg 800w, https:\/\/spaeclipse.com.br\/wp-content\/uploads\/2017\/04\/papada-780x280.jpg 780w, https:\/\/spaeclipse.com.br\/wp-content\/uploads\/2017\/04\/papada-530x191.jpg 530w, https:\/\/spaeclipse.com.br\/wp-content\/uploads\/2017\/04\/papada-420x151.jpg 420w, https:\/\/spaeclipse.com.br\/wp-content\/uploads\/2017\/04\/papada-639x230.jpg 639w, https:\/\/spaeclipse.com.br\/wp-content\/uploads\/2017\/04\/papada-480x173.jpg 480w, https:\/\/spaeclipse.com.br\/wp-content\/uploads\/2017\/04\/papada-920x331.jpg 920w, https:\/\/spaeclipse.com.br\/wp-content\/uploads\/2017\/04\/papada-640x230.jpg 640w\" sizes=\"(max-width: 464px) 100vw, 464px\" \/>Esse tratamento \u00e9 realizado atrav\u00e9s do uso de\u00a0microinje\u00e7\u00f5es, que ao serem aplicadas em toda a regi\u00e3o conseguem eliminar a famosa regi\u00e3o da papada. Essas microinje\u00e7\u00f5es cont\u00e9m substancias eficazes de quebrar\u00a0as c\u00e9lulas de gordura ao redor do pesco\u00e7o, eliminando a \u00e1rea conhecida com duplo queixo, papada, papo. Antes, as alternativas limitavam-se a lipoaspira\u00e7\u00e3o ou lifting facial e de pesco\u00e7o, mas conseguimos uma forma melhor para voc\u00ea se livrar dessa queixa.<\/i><\/p>\n<p>&nbsp;<\/p>\n<p style=\"text-align: center;\">&gt;&gt;&gt;&gt; <a href=\"http:\/\/spaeclipse.com.br\/?page_id=20\">CLIQUE AQUI e marque uma AVALIA\u00c7\u00c3O<\/a> &lt;&lt;&lt;&lt;<\/p>\n","protected":false},"excerpt":{"rendered":"<p>Skinbooster (rejuvenescimento) &#8211; 55 ativos, vitaminas e minerais, \u00e1cido hialur\u00f4nico \u00c9 um novo conceito de rejuvenescimento, sendo um procedimento r\u00e1pido e simples para hidrata\u00e7\u00e3o profunda, est\u00edmulo de col\u00e1geno e elastina da pele. Pode ser realizado em v\u00e1rias partes do corpo como face, pesco\u00e7o e colo. Atrav\u00e9s de microinje\u00e7\u00f5es com \u00e1cido hialur\u00f4nico muito fino (que n\u00e3o &hellip;<\/p>\n<p class=\"read-more\"> <a class=\"\" href=\"https:\/\/spaeclipse.com.br\/?page_id=1072\"> <span class=\"screen-reader-text\">Skinbooster e Lipo de Papada<\/span> Leia mais &raquo;<\/a><\/p>\n","protected":false},"author":1,"featured_media":0,"parent":0,"menu_order":0,"comment_status":"open","ping_status":"open","template":"","meta":{"site-sidebar-layout":"default","site-content-layout":"","ast-site-content-layout":"","site-content-style":"default","site-sidebar-style":"default","ast-global-header-display":"","ast-banner-title-visibility":"","ast-main-header-display":"","ast-hfb-above-header-display":"","ast-hfb-below-header-display":"","ast-hfb-mobile-header-display":"","site-post-title":"","ast-breadcrumbs-content":"","ast-featured-img":"","footer-sml-layout":"","theme-transparent-header-meta":"","adv-header-id-meta":"","stick-header-meta":"","header-above-stick-meta":"","header-main-stick-meta":"","header-below-stick-meta":"","astra-migrate-meta-layouts":"","_joinchat":[],"footnotes":""},"class_list":["post-1072","page","type-page","status-publish","hentry"],"_links":{"self":[{"href":"https:\/\/spaeclipse.com.br\/index.php?rest_route=\/wp\/v2\/pages\/1072","targetHints":{"allow":["GET"]}}],"collection":[{"href":"https:\/\/spaeclipse.com.br\/index.php?rest_route=\/wp\/v2\/pages"}],"about":[{"href":"https:\/\/spaeclipse.com.br\/index.php?rest_route=\/wp\/v2\/types\/page"}],"author":[{"embeddable":true,"href":"https:\/\/spaeclipse.com.br\/index.php?rest_route=\/wp\/v2\/users\/1"}],"replies":[{"embeddable":true,"href":"https:\/\/spaeclipse.com.br\/index.php?rest_route=%2Fwp%2Fv2%2Fcomments&post=1072"}],"version-history":[{"count":10,"href":"https:\/\/spaeclipse.com.br\/index.php?rest_route=\/wp\/v2\/pages\/1072\/revisions"}],"predecessor-version":[{"id":1272,"href":"https:\/\/spaeclipse.com.br\/index.php?rest_route=\/wp\/v2\/pages\/1072\/revisions\/1272"}],"wp:attachment":[{"href":"https:\/\/spaeclipse.com.br\/index.php?rest_route=%2Fwp%2Fv2%2Fmedia&parent=1072"}],"curies":[{"name":"wp","href":"https:\/\/api.w.org\/{rel}","templated":true}]}}