{"id":107,"date":"2015-05-21T13:04:49","date_gmt":"2015-05-21T13:04:49","guid":{"rendered":"http:\/\/spaeclipse.com.br\/?page_id=107"},"modified":"2023-06-19T01:49:51","modified_gmt":"2023-06-19T01:49:51","slug":"facial-caboxiterapia","status":"publish","type":"page","link":"https:\/\/spaeclipse.com.br\/?page_id=107","title":{"rendered":"Caboxiterapia Facial"},"content":{"rendered":"<p><img fetchpriority=\"high\" decoding=\"async\" class=\" wp-image-182 alignright\" src=\"http:\/\/spaeclipse.com.br\/wp-content\/uploads\/2015\/05\/CarboxiterapiaFace-300x150.jpg\" alt=\"CarboxiterapiaFace\" width=\"386\" height=\"193\" srcset=\"https:\/\/spaeclipse.com.br\/wp-content\/uploads\/2015\/05\/CarboxiterapiaFace-300x150.jpg 300w, https:\/\/spaeclipse.com.br\/wp-content\/uploads\/2015\/05\/CarboxiterapiaFace.jpg 360w\" sizes=\"(max-width: 386px) 100vw, 386px\" \/>A aplica\u00e7\u00e3o da carboxiterapia \u00e9 bastante r\u00e1pida e a dor descrita pelos pacientes \u00e9 considerada suport\u00e1vel. \u00a0Aplica-se nas rugas da fronte, ao redor dos olhos, sulcos e tamb\u00e9m em \u00e1reas onde se querem obter efeito lifting, tais como sobrancelhas, e as \u00e1reas temporal e mandibular, melhorando muito o contorno da mand\u00edbula. A aplica\u00e7\u00e3o no pesco\u00e7o e no colo melhora muito a pele nessas regi\u00f5es.<\/p>\n<p>A carboxiterapia \u00e9 uma excelente op\u00e7\u00e3o para quem n\u00e3o que se submeter ao lifting cir\u00fargico pois seus resultados s\u00e3o duradouros e n\u00e3o h\u00e1 praticamente pos operat\u00f3rio, podendo apenas ocorrer o surgimento de alguns hematomas.<\/p>\n<p>Naturalmente, como todo tratamento, seu sucesso vai depender de uma boa indica\u00e7\u00e3o de um m\u00e9dico de sua confian\u00e7a, que poder\u00e1 combinar outros tratamentos, potencializando os resultados.<\/p>\n<p><strong>A\u00c7\u00d5ES E BENEF\u00cdCIOS<\/strong><\/p>\n<ul>\n<li>Tratamento seguro;<\/li>\n<li>Todos os tipos de pele podem ser tratados;<\/li>\n<li>Excelentes resultados logo nas primeiras sess\u00f5es;<\/li>\n<li>T\u00e9cnica n\u00e3o invasiva e indolor;<\/li>\n<li>Melhor custo benef\u00edcio do mercado;<\/li>\n<li>Facilidade para atingir a temperatura ideal.<\/li>\n<\/ul>\n<p><strong>INDICA\u00c7\u00d5ES<\/strong><\/p>\n<ul>\n<li>Flacidez da pele;<\/li>\n<li>Rugas e linhas de express\u00e3o;<\/li>\n<li>Celulite e estrias;<\/li>\n<li>Remodelagem corporal;<\/li>\n<li>Cicatrizes de acne.<\/li>\n<\/ul>\n<p>&nbsp;<\/p>\n<p><strong>CONTRAINDICA\u00c7\u00d5ES<\/strong><\/p>\n<ul>\n<li>Gestantes<\/li>\n<li>Aparelhos auditivos<\/li>\n<li>Marcapassos e cardiopatas<\/li>\n<li>Implantes met\u00e1licos<\/li>\n<li>Doen\u00e7as de pele e dermatites<\/li>\n<li>Neoplasias<\/li>\n<li>Regi\u00e3o da p\u00e1lpebra superior<\/li>\n<li>Acne e f\u00edstulas<\/li>\n<li>Hepatopatias e Neuropatias<\/li>\n<li>Processos infecciosos agudos<\/li>\n<li>Preenchimentos<\/li>\n<li>Doen\u00e7as vasculares<\/li>\n<li>Uso de isotretino\u00edna<\/li>\n<\/ul>\n<p>&nbsp;<\/p>\n<p><img decoding=\"async\" class=\" wp-image-619\" src=\"http:\/\/spaeclipse.com.br\/wp-content\/uploads\/2015\/05\/X-carboxit-facial-100x100.jpg\" alt=\"Daily Mail Femail Leah Hardy Dr D Sister - Beauty Works West 07\/07\/2010\" width=\"199\" height=\"199\" \/><\/p>\n<p>&nbsp;<\/p>\n<p><strong>Per\u00edodo do procedimento:<\/strong> De 15 em 15 dias.<\/p>\n<p><strong>Carboxiterapia para olheiras<\/strong><br \/>\n<img decoding=\"async\" class=\" wp-image-193 size-medium alignleft\" src=\"http:\/\/spaeclipse.com.br\/wp-content\/uploads\/2015\/05\/CarboxiterapiaOlheiras-300x225.jpg\" alt=\"CarboxiterapiaOlheiras\" width=\"300\" height=\"225\" srcset=\"https:\/\/spaeclipse.com.br\/wp-content\/uploads\/2015\/05\/CarboxiterapiaOlheiras-300x225.jpg 300w, https:\/\/spaeclipse.com.br\/wp-content\/uploads\/2015\/05\/CarboxiterapiaOlheiras-780x585.jpg 780w, https:\/\/spaeclipse.com.br\/wp-content\/uploads\/2015\/05\/CarboxiterapiaOlheiras-530x397.jpg 530w, https:\/\/spaeclipse.com.br\/wp-content\/uploads\/2015\/05\/CarboxiterapiaOlheiras-420x315.jpg 420w, https:\/\/spaeclipse.com.br\/wp-content\/uploads\/2015\/05\/CarboxiterapiaOlheiras-960x720.jpg 960w, https:\/\/spaeclipse.com.br\/wp-content\/uploads\/2015\/05\/CarboxiterapiaOlheiras-639x480.jpg 639w, https:\/\/spaeclipse.com.br\/wp-content\/uploads\/2015\/05\/CarboxiterapiaOlheiras-480x360.jpg 480w, https:\/\/spaeclipse.com.br\/wp-content\/uploads\/2015\/05\/CarboxiterapiaOlheiras-715x536.jpg 715w, https:\/\/spaeclipse.com.br\/wp-content\/uploads\/2015\/05\/CarboxiterapiaOlheiras-327x245.jpg 327w, https:\/\/spaeclipse.com.br\/wp-content\/uploads\/2015\/05\/CarboxiterapiaOlheiras-497x373.jpg 497w, https:\/\/spaeclipse.com.br\/wp-content\/uploads\/2015\/05\/CarboxiterapiaOlheiras.jpg 1000w\" sizes=\"(max-width: 300px) 100vw, 300px\" \/>A carboxiterapia \u00e9 um excelente tratamento para tirar olheiras.<\/p>\n<p>Este tratamento consiste na aplica\u00e7\u00e3o de di\u00f3xido de carbono sob a pele com uma agulha muito fina e faz com que haja uma melhora na nutri\u00e7\u00e3o celular e um aumento da produ\u00e7\u00e3o de fibras de col\u00e1geno que combatem a flacidez da pele, diminuindo as olheiras.<\/p>\n<p><strong>Per\u00edodo do procedimento:<\/strong> De\u00a015 em 15 dias.<\/p>\n<p><strong>Carboxiterapia Capilar<\/strong><\/p>\n<p><img loading=\"lazy\" decoding=\"async\" class=\" size-medium wp-image-622 alignleft\" src=\"http:\/\/spaeclipse.com.br\/wp-content\/uploads\/2015\/05\/X-carboxiterapia-capilar-250x175.jpg\" alt=\"X carboxiterapia capilar\" width=\"250\" height=\"175\" srcset=\"https:\/\/spaeclipse.com.br\/wp-content\/uploads\/2015\/05\/X-carboxiterapia-capilar-250x175.jpg 250w, https:\/\/spaeclipse.com.br\/wp-content\/uploads\/2015\/05\/X-carboxiterapia-capilar-420x294.jpg 420w, https:\/\/spaeclipse.com.br\/wp-content\/uploads\/2015\/05\/X-carboxiterapia-capilar-480x336.jpg 480w, https:\/\/spaeclipse.com.br\/wp-content\/uploads\/2015\/05\/X-carboxiterapia-capilar-350x245.jpg 350w, https:\/\/spaeclipse.com.br\/wp-content\/uploads\/2015\/05\/X-carboxiterapia-capilar.jpg 500w\" sizes=\"(max-width: 250px) 100vw, 250px\" \/>A carboxiterapia capilar consiste na aplica\u00e7\u00e3o de diversas inje\u00e7\u00f5es de di\u00f3xido de carbono (CO2) no couro cabeludo para promover o crescimento de cabelo.<\/p>\n<p>A t\u00e9cnica aumenta o fluxo sangu\u00edneo melhorando a fisiologia local, promovendo o crescimento do cabelo inclusive em carecas.<\/p>\n<p>&nbsp;<\/p>\n<p>&nbsp;<\/p>\n<p><strong>Per\u00edodo do procedimento:<\/strong>\u00a0De 15 em 15 dias.<\/p>\n","protected":false},"excerpt":{"rendered":"<p>A aplica\u00e7\u00e3o da carboxiterapia \u00e9 bastante r\u00e1pida e a dor descrita pelos pacientes \u00e9 considerada suport\u00e1vel. \u00a0Aplica-se nas rugas da fronte, ao redor dos olhos, sulcos e tamb\u00e9m em \u00e1reas onde se querem obter efeito lifting, tais como sobrancelhas, e as \u00e1reas temporal e mandibular, melhorando muito o contorno da mand\u00edbula. A aplica\u00e7\u00e3o no pesco\u00e7o &hellip;<\/p>\n<p class=\"read-more\"> <a class=\"\" href=\"https:\/\/spaeclipse.com.br\/?page_id=107\"> <span class=\"screen-reader-text\">Caboxiterapia Facial<\/span> Leia mais &raquo;<\/a><\/p>\n","protected":false},"author":1,"featured_media":0,"parent":0,"menu_order":0,"comment_status":"closed","ping_status":"closed","template":"","meta":{"site-sidebar-layout":"default","site-content-layout":"default","ast-site-content-layout":"","site-content-style":"default","site-sidebar-style":"default","ast-global-header-display":"","ast-banner-title-visibility":"","ast-main-header-display":"","ast-hfb-above-header-display":"","ast-hfb-below-header-display":"","ast-hfb-mobile-header-display":"","site-post-title":"","ast-breadcrumbs-content":"","ast-featured-img":"","footer-sml-layout":"","theme-transparent-header-meta":"default","adv-header-id-meta":"","stick-header-meta":"default","header-above-stick-meta":"","header-main-stick-meta":"","header-below-stick-meta":"","astra-migrate-meta-layouts":"","_joinchat":[],"footnotes":""},"class_list":["post-107","page","type-page","status-publish","hentry"],"_links":{"self":[{"href":"https:\/\/spaeclipse.com.br\/index.php?rest_route=\/wp\/v2\/pages\/107","targetHints":{"allow":["GET"]}}],"collection":[{"href":"https:\/\/spaeclipse.com.br\/index.php?rest_route=\/wp\/v2\/pages"}],"about":[{"href":"https:\/\/spaeclipse.com.br\/index.php?rest_route=\/wp\/v2\/types\/page"}],"author":[{"embeddable":true,"href":"https:\/\/spaeclipse.com.br\/index.php?rest_route=\/wp\/v2\/users\/1"}],"replies":[{"embeddable":true,"href":"https:\/\/spaeclipse.com.br\/index.php?rest_route=%2Fwp%2Fv2%2Fcomments&post=107"}],"version-history":[{"count":23,"href":"https:\/\/spaeclipse.com.br\/index.php?rest_route=\/wp\/v2\/pages\/107\/revisions"}],"predecessor-version":[{"id":1845,"href":"https:\/\/spaeclipse.com.br\/index.php?rest_route=\/wp\/v2\/pages\/107\/revisions\/1845"}],"wp:attachment":[{"href":"https:\/\/spaeclipse.com.br\/index.php?rest_route=%2Fwp%2Fv2%2Fmedia&parent=107"}],"curies":[{"name":"wp","href":"https:\/\/api.w.org\/{rel}","templated":true}]}}